{"id":845,"date":"2021-05-03T02:33:08","date_gmt":"2021-05-03T02:33:08","guid":{"rendered":"http:\/\/vphcheck.com\/?post_type=product&#038;p=845"},"modified":"2024-01-09T01:19:08","modified_gmt":"2024-01-09T01:19:08","slug":"yen-sao-le-huynh","status":"publish","type":"product","link":"https:\/\/vphcheck.com\/index.php\/san-pham\/yen-sao-le-huynh\/","title":{"rendered":"Y\u1ebfn S\u00e0o L\u00ea Hu\u1ef3nh"},"content":{"rendered":"<p style=\"text-align: center;\"><strong>C\u00d4NG TY TNHH X\u00c2Y D\u1ef0NG TH\u01af\u01a0NG M\u1ea0I PH\u00c1T TRI\u1ec2N L\u00ca HU\u1ef2NH<\/strong><\/p>\n<p>\nY\u1ebfn s\u00e0o L\u00ea Hu\u1ef3nh \u0110\u1ea5t Qu\u1ea3ng<br \/>\nChuy\u00ean: t\u01b0 v\u1ea5n thi\u1ebft k\u1ebf v\u00e0 thi c\u00f4ng nh\u00e0 nu\u00f4i chim y\u1ebfn cho k\u1ebft qu\u1ea3 nhanh<br \/>\nS\u1ea3n xu\u1ea5t v\u00e0 ch\u1ebf bi\u1ebfn y\u1ebfn s\u1ea5y kh\u00f4, y\u1ebfn h\u1ee7, nh\u1eadn gia c\u00f4ng c\u00e1c lo\u1ea1i s\u1ea3n ph\u1ea9m<br \/>\n<center><br \/>\n<img loading=\"lazy\" decoding=\"async\" class=\"aligncenter \" src=\"https:\/\/yensaolehuynh.com\/wp-content\/uploads\/2021\/05\/z2467065118303_02d84fa080f7843be7e59dcde6d8c5de.jpg\" width=\"342\" height=\"296\" \/><br \/>\n<img decoding=\"async\" class=\"aligncenter\" src=\"http:\/\/vphcheck.com\/anh\/yen2.jpg\" width=\"346\" height=\"auto\" \/><br \/>\n<img loading=\"lazy\" decoding=\"async\" class=\"aligncenter\" src=\"http:\/\/vphcheck.com\/anh\/yen1.jpg\" width=\"346\" height=\"216\" \/><br \/>\nChuy\u00ean cung c\u1ea5p v\u00e0 kinh doanh c\u00e1c m\u1eb7t h\u00e0ng t\u1eeb Y\u1ebfn ch\u1ea5t l\u01b0\u1ee3ng 100% nguy\u00ean ch\u1ea5t, l\u1ea5y ch\u1ea5t l\u01b0\u1ee3ng v\u00e0 s\u1ee9c kh\u1ecfe ng\u01b0\u1eddi ti\u00eau d\u00f9ng l\u00e0m \u01b0u ti\u00ean h\u00e0ng \u0111\u1ea7u.<\/p>\n<p><img decoding=\"async\" class=\" aligncenter\" src=\"http:\/\/vphcheck.com\/anh\/1.jpg\" width=\"342\" height=\"auto\" \/><\/p>\n<p><img decoding=\"async\" class=\"aligncenter\" src=\"http:\/\/vphcheck.com\/anh\/2.jpg\" width=\"342\" height=\"auto\" \/><\/p>\n<p><img decoding=\"async\" class=\"aligncenter\" src=\"http:\/\/vphcheck.com\/anh\/3.jpg\" width=\"342\" height=\"auto\" \/><\/p>\n<p><img decoding=\"async\" class=\"aligncenter\" src=\"http:\/\/vphcheck.com\/anh\/4.jpg\" width=\"342\" height=\"auto\" \/><br \/>\n<img decoding=\"async\" class=\"aligncenter\" src=\"http:\/\/vphcheck.com\/anh\/5.jpg\" width=\"342\" height=\"auto\" \/><\/p>\n<p><strong>Li\u00ean h\u1ec7:<\/strong><\/p>\n<hr \/>\n<p><strong>C\u00d4NG TY TNHH X\u00c2Y D\u1ef0NG TH\u01af\u01a0NG M\u1ea0I PH\u00c1T TRI\u1ec2N L\u00ca HU\u1ef2NH<\/strong><\/p>\n<p>\u0110\u1ecba ch\u1ec9: 56\/4 Tr\u1ea7n Ph\u00fa, ph\u01b0\u1eddng H\u00f2a Thu\u1eadn, tp Tam K\u1ef3, T\u1ec9nh Qu\u1ea3ng Nam<\/p>\n<p>Li\u00ean h\u1ec7: Hu\u1ef3nh V\u0103n Lo &#8211; Gi\u00e1m \u0111\u1ed1c | 0905 029 465<\/p>\n","protected":false},"excerpt":{"rendered":"<p>C\u00d4NG TY TNHH X\u00c2Y D\u1ef0NG TH\u01af\u01a0NG M\u1ea0I PH\u00c1T TRI\u1ec2N L\u00ca HU\u1ef2NH Y\u1ebfn s\u00e0o L\u00ea Hu\u1ef3nh \u0110\u1ea5t Qu\u1ea3ng Chuy\u00ean: t\u01b0 v\u1ea5n thi\u1ebft k\u1ebf v\u00e0 thi c\u00f4ng nh\u00e0 nu\u00f4i chim y\u1ebfn cho k\u1ebft qu\u1ea3 nhanh S\u1ea3n xu\u1ea5t v\u00e0 ch\u1ebf bi\u1ebfn y\u1ebfn s\u1ea5y kh\u00f4, y\u1ebfn h\u1ee7, nh\u1eadn gia c\u00f4ng c\u00e1c lo\u1ea1i s\u1ea3n ph\u1ea9m Chuy\u00ean cung c\u1ea5p v\u00e0 kinh [&hellip;]<\/p>\n","protected":false},"featured_media":0,"comment_status":"open","ping_status":"closed","template":"","meta":[],"_links":{"self":[{"href":"https:\/\/vphcheck.com\/index.php\/wp-json\/wp\/v2\/product\/845"}],"collection":[{"href":"https:\/\/vphcheck.com\/index.php\/wp-json\/wp\/v2\/product"}],"about":[{"href":"https:\/\/vphcheck.com\/index.php\/wp-json\/wp\/v2\/types\/product"}],"replies":[{"embeddable":true,"href":"https:\/\/vphcheck.com\/index.php\/wp-json\/wp\/v2\/comments?post=845"}],"wp:attachment":[{"href":"https:\/\/vphcheck.com\/index.php\/wp-json\/wp\/v2\/media?parent=845"}],"curies":[{"name":"wp","href":"https:\/\/api.w.org\/{rel}","templated":true}]}}