{"id":796,"date":"2019-11-05T01:43:29","date_gmt":"2019-11-05T01:43:29","guid":{"rendered":"http:\/\/vphcheck.com\/?post_type=product&#038;p=796"},"modified":"2022-06-21T15:58:09","modified_gmt":"2022-06-21T15:58:09","slug":"banh-trang-que-tra-my","status":"publish","type":"product","link":"https:\/\/vphcheck.com\/index.php\/san-pham\/banh-trang-que-tra-my\/","title":{"rendered":"B\u00e1nh tr\u00e1ng Qu\u1ebf Tr\u00e0 My"},"content":{"rendered":"<p><center><img decoding=\"async\" src=\"http:\/\/vphcheck.com\/hh\/22.jpg\" alt=\"1\" width=\"350\" height=\"auto\" \/><\/center><br \/>\n<strong>B\u00c1NH TR\u00c1NG QU\u1ebe TR\u00c0 MY<\/strong><\/p>\n<p>* B\u00e1nh tr\u00e1ng g\u1ea1o l\u00e0 m\u00f3n \u0103n kh\u00f4ng th\u1ec3 thi\u1ebfu c\u1ee7a ng\u01b0\u1eddi Qu\u1ea3ng Nam trong ng\u00e0y l\u1ec5, T\u1ebft, v\u00e0 trong m\u00e2m c\u01a1m c\u00fang \u00f4ng b\u00e0, t\u1ed5 ti\u00ean. B\u00e1nh tr\u00e1ng \u1edf v\u00f9ng n\u00e0o c\u1ee7a n\u01b0\u1edbc ta c\u0169ng c\u00f3, nh\u01b0ng\u00a0b\u00e1nh tr\u00e1ng g\u1ea1o Qu\u1ea3ng Nam\u00a0mang m\u1ed9t h\u01b0\u01a1ng v\u1ecb r\u1ea5t ri\u00eang, b\u00f9i th\u01a1m ngon, k\u00edch th\u00edch v\u1ecb gi\u00e1c ng\u01b0\u1eddi \u0103n v\u00f4 c\u00f9ng, \u0111\u1ec3 c\u00f3 \u0111\u01b0\u1ee3c h\u01b0\u01a1ng v\u1ecb r\u1ea5t ri\u00eang \u0111\u00f3 ngu\u1ed3n nguy\u00ean li\u1ec7u c\u1ef1c k\u1ef3 quan tr\u1ecdng.<\/p>\n<p>G\u1ea1o l\u00faa r\u1eaby l\u00e0 s\u1ea3n ph\u1ea9m n\u00f4ng nghi\u1ec7p \u0111\u1eb7c tr\u01b0ng ch\u1ee7 y\u1ebfu c\u1ee7a ng\u01b0\u1eddi \u0111\u1ed3ng b\u00e0o d\u00e2n t\u1ed9c thi\u1ec3u s\u1ed1 Qu\u1ea3ng Nam. C\u00e2y l\u00faa sinh tr\u01b0\u1edfng v\u00e0 ph\u00e1t tri\u1ec3n theo l\u1ebd t\u1ef1 nhi\u00ean c\u1ee7a \u0111\u1ea5t tr\u1eddi, m\u00e0 kh\u00f4ng h\u1ec1 s\u1eed d\u1ee5ng ph\u00e2n, thu\u1ed1c. Gi\u1ed1ng l\u00faa r\u1eaby \u0111\u00ea\u0301n nay v\u00e2\u0303n \u0111\u01b0\u01a1\u0323c ng\u01b0\u1eddi d\u00e2n s\u1eed d\u1ee5ng l\u00e0 lo\u1ea1i gi\u1ed1ng nguy\u00ean ch\u1ee7ng, kh\u00f4ng b\u1ecb lai t\u1ea1p, \u0111\u01b0\u1ee3c l\u01b0u truy\u1ec1n t\u1eeb nhi\u1ec1u \u0111\u1eddi nay. G\u1ea1o r\u1eaby n\u1ea5u ch\u00edn n\u1edf to, c\u00f3 m\u00e0u t\u00edm, m\u00f9i th\u01a1m ng\u00e1t \u0111\u1eb7c tr\u01b0ng c\u1ee7a s\u1ea3n v\u1eadt n\u00fai r\u1eebng. Gi\u1eef c\u00e2y l\u00faa r\u1eaby c\u0169ng l\u00e0 c\u00e1ch \u0111\u1ec3 b\u1ea3o t\u1ed3n c\u00e1c gi\u00e1 tr\u1ecb v\u0103n h\u00f3a c\u1ee7a ng\u01b0\u1eddi Cor v\u00e0 ph\u1ee5c v\u1ee5 cho ph\u00e1t tri\u1ec3n du l\u1ecbch. Vi\u1ec7c ph\u00e1t tri\u1ec3n c\u00e2y l\u00faa r\u1eaby tr\u00ean \u0111\u1ecba b\u00e0n t\u1ec9nh Qu\u1ea3ng Nam thu\u1eadn l\u1ee3i \u0111\u1ec3 d\u1ef1 \u00e1n \u0111\u1ea3m b\u1ea3o c\u00f3 ngu\u1ed3n nguy\u00ean li\u1ec7u t\u1ed1t s\u1ea3n xu\u1ea5t b\u00e1nh tr\u00e1ng g\u1ea1o ch\u1ea5t l\u01b0\u1ee3ng, \u0111\u1eb7c tr\u01b0ng, ph\u1ee5c v\u1ee5 nhu c\u1ea7u ng\u01b0\u1eddi ti\u00eau d\u00f9ng trong khu v\u1ef1c, t\u1ea1o c\u00f4ng \u0103n vi\u1ec7c l\u00e0m cho ng\u01b0\u1eddi lao \u0111\u1ed9ng t\u1ea1i \u0111\u1ecba ph\u01b0\u01a1ng.<\/p>\n<p>\u0110i\u1ec1u \u0111\u1eb7c tr\u01b0ng nh\u1ea5t c\u1ee7a B\u00e1nh Tr\u00e1ng Qu\u1ebf Tr\u00e0 My ch\u00ednh l\u00e0 h\u01b0\u01a1ng li\u1ec7u gia v\u1ecb c\u1ee7a b\u00e1nh tr\u00e1ng: b\u1ed9t qu\u1ebf, ti\u00eau r\u1eebng \u0111\u00e2y l\u00e0 2 nguy\u00ean li\u1ec7u kh\u00f4ng th\u1ec3 thi\u1ebfu c\u1ee7a b\u00e1nh tr\u00e1ng Qu\u1ebf Tr\u00e0 My mang h\u01b0\u01a1ng v\u1ecb ri\u00eang m\u00e0 kh\u00f4ng \u0111\u00e2u c\u00f3 \u0111\u01b0\u1ee3c.<\/p>\n<p>* Nguy\u00ean li\u1ec7u: <em>G\u1ea1o l\u00faa r\u1eaby, b\u1ed9t qu\u1ebf, ti\u00eau r\u1eebng, t\u1ecfi, mu\u1ed1i, \u0111\u01b0\u1eddng\u2026.<\/em><\/p>\n<p>* H\u01b0\u1edbng d\u1eabn s\u1eed d\u1ee5ng: <em>b\u00e1nh tr\u00e1ng \u0111\u01b0\u1ee3c \u0103n k\u00e8m v\u1edbi m\u00ec qu\u1ea3ng, b\u00fan, ph\u1edf, t\u01b0\u01a1ng, m\u00f3n tr\u1ed9n g\u1ecfi\u2026.<\/em><\/p>\n<p>* \u0110\u1ecba ch\u1ec9: <em>th\u00f4n L\u00e2m B\u00ecnh Ph\u01b0\u01a1ng, x\u00e3 Tr\u00e0 S\u01a1n, huy\u1ec7n B\u1eafc Tr\u00e0 My, t\u1ec9nh Qu\u1ea3ng Nam<\/em><\/p>\n<p>* \u0110i\u1ec7n Tho\u1ea1i Li\u00ean H\u1ec7: <em>0973.658.997- 0378.666.040<\/em><\/p>\n","protected":false},"excerpt":{"rendered":"<p>B\u00c1NH TR\u00c1NG QU\u1ebe TR\u00c0 MY * B\u00e1nh tr\u00e1ng g\u1ea1o l\u00e0 m\u00f3n \u0103n kh\u00f4ng th\u1ec3 thi\u1ebfu c\u1ee7a ng\u01b0\u1eddi Qu\u1ea3ng Nam trong ng\u00e0y l\u1ec5, T\u1ebft, v\u00e0 trong m\u00e2m c\u01a1m c\u00fang \u00f4ng b\u00e0, t\u1ed5 ti\u00ean. B\u00e1nh tr\u00e1ng \u1edf v\u00f9ng n\u00e0o c\u1ee7a n\u01b0\u1edbc ta c\u0169ng c\u00f3, nh\u01b0ng\u00a0b\u00e1nh tr\u00e1ng g\u1ea1o Qu\u1ea3ng Nam\u00a0mang m\u1ed9t h\u01b0\u01a1ng v\u1ecb r\u1ea5t ri\u00eang, b\u00f9i th\u01a1m ngon, [&hellip;]<\/p>\n","protected":false},"featured_media":366,"comment_status":"open","ping_status":"closed","template":"","meta":[],"_links":{"self":[{"href":"https:\/\/vphcheck.com\/index.php\/wp-json\/wp\/v2\/product\/796"}],"collection":[{"href":"https:\/\/vphcheck.com\/index.php\/wp-json\/wp\/v2\/product"}],"about":[{"href":"https:\/\/vphcheck.com\/index.php\/wp-json\/wp\/v2\/types\/product"}],"replies":[{"embeddable":true,"href":"https:\/\/vphcheck.com\/index.php\/wp-json\/wp\/v2\/comments?post=796"}],"wp:featuredmedia":[{"embeddable":true,"href":"https:\/\/vphcheck.com\/index.php\/wp-json\/wp\/v2\/media\/366"}],"wp:attachment":[{"href":"https:\/\/vphcheck.com\/index.php\/wp-json\/wp\/v2\/media?parent=796"}],"curies":[{"name":"wp","href":"https:\/\/api.w.org\/{rel}","templated":true}]}}