{"id":791,"date":"2019-11-04T14:21:19","date_gmt":"2019-11-04T14:21:19","guid":{"rendered":"http:\/\/vphcheck.com\/?post_type=product&#038;p=791"},"modified":"2025-04-26T01:22:25","modified_gmt":"2025-04-26T01:22:25","slug":"nam-linh-chi-hoang-hai-nguyen-tai","status":"publish","type":"product","link":"https:\/\/vphcheck.com\/index.php\/san-pham\/nam-linh-chi-hoang-hai-nguyen-tai\/","title":{"rendered":"N\u1ea5m linh chi Ho\u00e0ng H\u1ea3i"},"content":{"rendered":"<p style=\"text-align: center;\"><img loading=\"lazy\" decoding=\"async\" class=\"alignnone wp-image-792\" src=\"http:\/\/vphcheck.com\/wp-content\/uploads\/2019\/11\/nam-lin-chi-do-hoang-hai-121.jpg\" alt=\"\" width=\"359\" height=\"202\" \/><\/p>\n","protected":false},"excerpt":{"rendered":"<table class=\"w3-table-all\">\n<thead>\n<tr class=\"w3-blue\">\n<th colspan=\"2\">Th\u00f4ng tin s\u1ea3n ph\u1ea9m<\/th>\n<\/tr>\n<\/thead>\n<tbody>\n<tr>\n<td width=\"122\">T\u00ean s\u1ea3n ph\u1ea9m<\/td>\n<td width=\"228\">N\u1ea5m linh chi Ho\u00e0ng H\u1ea3i<\/td>\n<\/tr>\n<tr>\n<td width=\"122\">Th\u00e0nh ph\u1ea7n<\/td>\n<td width=\"228\">N\u1ea5m nguy\u00ean tai, nguy\u00ean b\u00e0o t\u1eed<\/td>\n<\/tr>\n<tr>\n<td>Ch\u1ee9ng nh\u1eadn \u0110KKD:<\/td>\n<td><strong>3307M00031<\/strong><\/td>\n<\/tr>\n<tr>\n<td>Ng\u00e0y \u0111\u00f3ng g\u00f3i:<\/td>\n<td>Xem tr\u00ean bao b\u00ec<\/td>\n<\/tr>\n<tr>\n<td>Th\u1eddi h\u1ea1n s\u1eed d\u1ee5ng<\/td>\n<td>1 n\u0103m k\u1ec3 t\u1eeb NSX<\/td>\n<\/tr>\n<tr>\n<td>Tr\u1ecdng l\u01b0\u1ee3ng<\/td>\n<td>500gr<\/td>\n<\/tr>\n<tr>\n<th class=\"w3-blue\" colspan=\"2\">Th\u00f4ng tin \u0111\u01a1n v\u1ecb \/ nh\u00e0 s\u1ea3n xu\u1ea5t<\/th>\n<\/tr>\n<tr>\n<td>T\u00ean \u0111\u01a1n v\u1ecb:<\/td>\n<td width=\"228\"><strong>H\u1ee2P T\u00c1C X\u00c3 N\u00d4NG NGHI\u1ec6P HO\u00c0NG H\u1ea2I TAM QUANG<\/strong><\/td>\n<\/tr>\n<tr>\n<td>Qu\u1ed1c gia:<\/td>\n<td>Vi\u1ec7t Nam<\/td>\n<\/tr>\n<tr>\n<td>T\u1ec9nh \/th\u00e0nh :<\/td>\n<td>Qu\u1ea3ng Nam<\/td>\n<\/tr>\n<tr>\n<td>\u0110\u1ecba ch\u1ec9 li\u00ean l\u1ea1c:<\/td>\n<td>Th\u00f4n Thanh Long, x\u00e3 Tam Quang, huy\u1ec7n N\u00fai Th\u00e0nh, T\u1ec9nh Qu\u1ea3ng Nam<\/td>\n<\/tr>\n<tr>\n<td>Email<\/td>\n<td>vunt.hoanghai@gmail.com<\/td>\n<\/tr>\n<tr>\n<td>Di \u0111\u1ed9ng:<\/td>\n<td><strong>0915100233<\/strong><\/td>\n<\/tr>\n<tr>\n<td>Website:<\/td>\n<td>htxhoanghai.com<\/td>\n<\/tr>\n<tr>\n<th class=\"w3-blue\" colspan=\"2\">\n<div align=\"left\"><strong>Gi\u1edbi thi\u1ec7u s\u1ea3n ph\u1ea9m<\/strong><\/div>\n<\/th>\n<\/tr>\n<tr>\n<td colspan=\"2\">\n<ul>\n<li>\u0110\u00e2y l\u00e0 gi\u1ed1ng n\u1ea5m Linh chi Ho\u00e0ng H\u1ea3i \u0111\u1ecf ng\u1eafn ng\u00e0y,\u00a0th\u1eddi gian tr\u1ed3ng\u00a03 th\u00e1ng, s\u1ea3n l\u01b0\u1ee3ng cao,\u00a0d\u1ec5 tr\u1ed3ng v\u00e0 ch\u0103m s\u00f3c.<\/li>\n<li>Sau khi c\u1ea5y gi\u1ed1ng v\u00f4 b\u1ecbch ph\u00f4i, kho\u1ea3ng 2,5 th\u00e1ng\u00a0n\u1ea5m\u00a0k\u1ebft th\u00fac th\u1eddi k\u1ef3 ph\u00e1t tri\u1ec3n v\u00e0 tr\u01b0\u1edfng th\u00e0nh, b\u1eaft \u0111\u1ea7u ph\u00f3ng b\u00e0o t\u1eed. Sau \u0111\u00f3, n\u1ea5m \u0111\u01b0\u1ee3c \u0111\u1ec3 th\u1ec3m kho\u1ea3ng ~2 tu\u1ea7n, m\u1ee5c \u0111\u00edch cho l\u1edbp b\u00e0o t\u1eed b\u00e1m ch\u1eafc v\u00e0o b\u1ec1 m\u1eb7t tai n\u1ea5m, l\u00e0 thu ho\u1ea1ch. Kh\u00f4ng th\u1ec3\u00a0k\u00e9o d\u00e0i th\u1eddi gian tr\u1ed3ng h\u01a1n, v\u00ec c\u00e2y n\u1ea5m s\u1ebd b\u1ecb ch\u1ebft, b\u1ecb m\u1ed1c, v\u00e0 b\u1ecb chai.<\/li>\n<li>S\u1ea3n ph\u1ea9m \u0111\u01b0\u1ee3c thu ho\u1ea1ch th\u1ee7 c\u00f4ng 100% nh\u1eb1m l\u01b0u gi\u1eef t\u1ed1i \u0111a l\u01b0\u1ee3ng b\u00e0o t\u1eed, ch\u1ea5t l\u01b0\u1ee3ng \u0111\u1ea3m b\u1ea3o v\u00e0 \u1ed5n \u0111\u1ecbnh.<\/li>\n<li>Quy c\u00e1ch \u0111\u00f3ng g\u00f3i: T\u00fai\u00a0h\u00fat\u00a0ch\u00e2n kh\u00f4ng\u00a0(500g x 1)<\/li>\n<li>K\u00e8m theo: T\u00fai ch\u1ed1ng \u1ea9m\u00a0+ H\u01b0\u1edbng d\u1eabn s\u1eed d\u1ee5ng<\/li>\n<\/ul>\n<\/td>\n<\/tr>\n<\/tbody>\n<\/table>\n<blockquote>\n<h3 style=\"text-align: center;\"><span style=\"color: #ff0000;\"><strong><em>C\u00e2u chuy<\/em><\/strong><strong><em>\u1ec7<\/em><\/strong><strong><em>n s<\/em><\/strong><strong><em>\u1ea3<\/em><\/strong><strong><em>n ph<\/em><\/strong><strong><em>\u1ea9<\/em><\/strong><strong><em>m<\/em><\/strong><\/span><\/h3>\n<\/blockquote>\n<ul>\n<li>Xu\u1ea5t th\u00e2n gia \u0111\u00ecnh anh Nguy\u1ec5n Thanh V\u0169 c\u00f3 truy\u1ec1n th\u1ed1ng v\u1ec1 ng\u00e0nh \u0110\u00f4ng Y C\u1ed5 Truy\u1ec1n t\u1eeb nhi\u1ec1u \u0111\u1eddi, \u0111\u00e3 t\u1eebng \u0111\u01b0\u1ee3c \u00f4ng n\u1ed9i v\u00e0 cha k\u1ec3, h\u01b0\u1edbng d\u1eabn nhi\u1ec1u v\u1ec1 c\u00e1c lo\u1ea1i th\u1ea3o d\u01b0\u1ee3c v\u00e0 c\u00e1c danh y n\u1ed5i ti\u1ebfng trong ng\u00e0nh y h\u1ecdc c\u1ed5 truy\u1ec1n qua t\u1eebng th\u1eddi \u0111\u1ea1i. Theo c\u00e1c s\u00e1ch d\u01b0\u1ee3c th\u1ea3o nhi\u1ec1u tri\u1ec1u \u0111\u1ea1i ghi ch\u00e9p v\u1ec1 n\u1ea5m Linh chi th\u00ec Trung Qu\u1ed1c l\u00e0 n\u01b0\u1edbc \u0111\u00e3 s\u1eed d\u1ee5ng Linh chi l\u00e0m thu\u1ed1c t\u1eeb l\u00e2u \u0111\u1eddi: v\u00e0o \u0111\u1eddi \u0110\u00f4ng H\u00e1n (tr\u01b0\u1edbc \u0111\u00e2y 1625 n\u0103m), trong t\u00e1c ph\u1ea9m <strong>\u201c<em>Th\u1ea7n n\u00f4ng b\u1ea3n th\u1ea3o<\/em>\u201d,<\/strong> Ung Tr\u1ecdng Thu\u1ea7n \u0111\u00e3 n\u00f3i: Linh chi l\u00e0 thu\u1ed1c k\u1ebft tinh \u0111\u01b0\u1ee3c c\u00e1i qu\u00fd c\u1ee7a m\u00e2y m\u01b0a tr\u00ean n\u00fai cao, c\u00e1i tinh c\u1ee7a ng\u0169 h\u00e0nh trong ng\u00e0y \u0111\u00eam m\u00e0 khoe n\u0103m s\u1eafc n\u00ean c\u00f3 th\u1ec3 gi\u1eef s\u1ee9c kho\u1ebb cho c\u00e1c b\u1eadc \u0111\u1ebf v\u01b0\u01a1ng.<\/li>\n<li>Trong m\u1ed9t l\u1ea7n c\u00f3 b\u1ec7nh nh\u00e2n \u0111\u1ebfn nh\u00e0 l\u00e0 c\u00f4 L\u00ea Th\u1ecb Hu\u1ef3nh \u0111\u1ebfn kh\u00e1m, l\u1ea5y thu\u1ed1c cho gia \u0111\u00ecnh c\u1ee7a c\u00f4, c\u00f4 h\u1ecfi c\u01a1 s\u1edf thu\u1ed1c \u0110\u00f4ng Y gia truy\u1ec1n nh\u00e0 m\u00ecnh c\u00f3 b\u00e1n N\u1ea5m Linh Chi kh\u00f4ng? Nh\u00e0 m\u00ecnh tr\u1ea3 l\u1eddi l\u00e0 kh\u00f4ng c\u00f3.<\/li>\n<li>C\u00f4 \u1ea5y k\u1ec3 r\u1eb1ng c\u00f4 ph\u1ea3i mua N\u1ea5m Linh Chi v\u1ec1 s\u1eafc n\u01b0\u1edbc h\u1eb1ng ng\u00e0y \u0111\u1ec3 cho con c\u1ee7a c\u00f4 l\u00e0 anh D\u01b0\u01a1ng V\u0103n Anh u\u1ed1ng. Con c\u1ee7a c\u00f4 b\u1ecb b\u1ec7nh ung th\u01b0, vi\u00eam t\u1ee5y v\u00e0 vi\u00eam \u0111a kh\u1edbp, b\u00e1c s\u0129 b\u1ea3o ph\u1ea3i x\u1ea1 tr\u1ecb nh\u01b0ng c\u0169ng kh\u00f4ng s\u1ed1ng \u0111\u01b0\u1ee3c bao l\u00e2u. R\u1ed3i c\u00f4 nghe m\u1ecdi ng\u01b0\u1eddi b\u1ea3o r\u1eb1ng u\u1ed1ng N\u1ea5m Linh Chi c\u00f3 r\u1ea5t nhi\u1ec1u c\u00f4ng d\u1ee5ng \u0111\u1eb7c bi\u1ec7t l\u00e0 c\u00e1c c\u00f4ng d\u1ee5ng m\u00e0 c\u00f4 mong \u0111\u1ee3i nh\u01b0: H\u1ed7 tr\u1ee3 \u0111i\u1ec1u tr\u1ecb ch\u00f4\u0301ng ung th\u01b0, h\u1ed7 tr\u1ee3 \u0111i\u1ec1u tr\u1ecb \u0111au nh\u01b0\u0301c, m\u00ea\u0323t mo\u0309i, vi\u00eam kh\u01a1\u0301p, &#8230;<\/li>\n<li>V\u00e0 c\u00f4 quy\u1ebft \u0111\u1ecbnh kh\u00f4ng x\u1ea1 tr\u1ecb m\u00e0 thay v\u00e0o \u0111\u00f3 c\u00f4 \u0111\u00e3 cho con c\u1ee7a c\u00f4 u\u1ed1ng thay n\u01b0\u1edbc l\u1ecdc b\u1eb1ng n\u01b0\u1edbc s\u1eafc N\u1ea5m Linh Chi v\u00e0 c\u00f4 c\u0169ng kh\u00f4ng ng\u1edd k\u1ebft qu\u1ea3 l\u1ea1i t\u1ed1t nh\u01b0 v\u1eady. Sau 11 n\u0103m u\u1ed1ng n\u01b0\u1edbc s\u1eafc N\u1ea5m Linh Chi b\u1ec7nh t\u00ecnh c\u1ee7a con c\u00f4 gi\u1ea3m, t\u1ebf b\u00e0o ung th\u01b0 \u0111\u00e3 gi\u1ea3m thi\u1ec3u, ng\u1eebng ph\u00e1t tri\u1ec3n. B\u1ec7nh c\u1ee7a con c\u00f4 \u0111\u00e3 thuy\u00ean gi\u1ea3m nhi\u1ec1u, nh\u01b0ng h\u1eb1ng ng\u00e0y con c\u00f4 v\u1eabn u\u1ed1ng n\u01b0\u1edbc s\u1eafc n\u1ea5m Linh Chi. C\u00f4 n\u00f3i r\u1eb1ng m\u1ed7i l\u1ea7n mua N\u1ea5m Linh Chi r\u1ea5t kh\u00f3, ph\u1ea3i mua t\u1eadn Th\u00e0nh ph\u1ed1 H\u1ed3 Ch\u00ed Minh v\u00e0 ch\u1edd g\u1eedi v\u1ec1 r\u1ea5t l\u00e2u. N\u00ean c\u00f4 h\u1ecfi \u1edf qu\u00ea m\u00ecnh m\u00e0 c\u00f3 N\u1ea5m Linh Chi th\u00ec t\u1ed1t bi\u1ebft m\u1ea5y.<\/li>\n<li>Ch\u00ednh v\u00ec v\u1eady m\u00e0 m\u00ecnh ngh\u0129 t\u1ea1i sao m\u00ecnh kh\u00f4ng tr\u1ed3ng N\u1ea5m Linh Chi v\u00ec nhu c\u1ea7u th\u1ecb tr\u01b0\u1eddng r\u1ea5t l\u1edbn. \u0110\u00e2y ch\u00ednh l\u00e0 \u0111\u1ed9ng l\u1ef1c \u0111\u1ec3 m\u00ecnh ti\u1ebfp c\u1eadn nghi\u00ean c\u1ee9u \u0111\u1ea7y \u0111\u1ee7 v\u1ec1 N\u1ea5m Linh Chi \u0111\u00e3 \u0111\u01b0\u1ee3c cha \u00f4ng \u1ee9ng d\u1ee5ng t\u1eeb ngh\u00ecn n\u0103m qua.<\/li>\n<li>Qua qu\u00e1 tr\u00ecnh nghi\u00ean c\u1ee9u v\u00e0 \u1ee9ng d\u1ee5ng, H\u1ee3p t\u00e1c x\u00e3 N\u00f4ng nghi\u1ec7p Ho\u00e0ng H\u1ea3i Tam Quang \u0111\u00e3 nu\u00f4i tr\u1ed3ng, thu h\u00e1i v\u00e0 cho ra s\u1ea3n ph\u1ea9m <strong><em>N\u1ea5m Linh Chi Ho\u00e0ng H\u1ea3i<\/em><\/strong> nh\u01b0 hi\u1ec7n nay nh\u1eb1m ph\u1ee5c v\u1ee5 nhu c\u1ea7u ng\u00e0y c\u00e0ng cao c\u1ee7a ng\u01b0\u1eddi ti\u00eau d\u00f9ng tr\u00ean th\u1ecb tr\u01b0\u1eddng.<\/li>\n<\/ul>\n<blockquote><p>C\u00e1c th\u00f4ng tin tr\u00ean \u0111\u01b0\u1ee3c cung c\u1ea5p b\u1edfi \u00a0<strong>H\u1ee2P T\u00c1C X\u00c3 N\u00d4NG NGHI\u1ec6P HO\u00c0NG H\u1ea2I TAM QUANG<\/strong><\/p><\/blockquote>\n","protected":false},"featured_media":794,"comment_status":"open","ping_status":"closed","template":"","meta":[],"_links":{"self":[{"href":"https:\/\/vphcheck.com\/index.php\/wp-json\/wp\/v2\/product\/791"}],"collection":[{"href":"https:\/\/vphcheck.com\/index.php\/wp-json\/wp\/v2\/product"}],"about":[{"href":"https:\/\/vphcheck.com\/index.php\/wp-json\/wp\/v2\/types\/product"}],"replies":[{"embeddable":true,"href":"https:\/\/vphcheck.com\/index.php\/wp-json\/wp\/v2\/comments?post=791"}],"wp:featuredmedia":[{"embeddable":true,"href":"https:\/\/vphcheck.com\/index.php\/wp-json\/wp\/v2\/media\/794"}],"wp:attachment":[{"href":"https:\/\/vphcheck.com\/index.php\/wp-json\/wp\/v2\/media?parent=791"}],"curies":[{"name":"wp","href":"https:\/\/api.w.org\/{rel}","templated":true}]}}