{"id":786,"date":"2019-11-02T15:53:44","date_gmt":"2019-11-02T15:53:44","guid":{"rendered":"http:\/\/vphcheck.com\/?post_type=product&#038;p=786"},"modified":"2020-09-13T17:49:41","modified_gmt":"2020-09-13T17:49:41","slug":"co-so-san-xuat-pho-san-bay-nhu","status":"publish","type":"product","link":"https:\/\/vphcheck.com\/index.php\/san-pham\/co-so-san-xuat-pho-san-bay-nhu\/","title":{"rendered":"C\u01a1 s\u1edf s\u1ea3n xu\u1ea5t Ph\u1edf s\u1eafn B\u1ea3y Nh\u01b0"},"content":{"rendered":"","protected":false},"excerpt":{"rendered":"<p>&nbsp;<\/p>\n<table class=\"w3-table-all\">\n<thead>\n<tr class=\"w3-blue\">\n<th colspan=\"2\">Th\u00f4ng tin s\u1ea3n ph\u1ea9m<\/th>\n<\/tr>\n<\/thead>\n<tbody>\n<tr>\n<td width=\"122\">T\u00ean s\u1ea3n ph\u1ea9m<\/td>\n<td width=\"228\">Ph\u1edf s\u1eafn B\u1ea3y Nh\u01b0<\/td>\n<\/tr>\n<tr>\n<td>V\u1ec1 ch\u00fang t\u00f4i<\/td>\n<td><b>\u00a0S\u1ea0CH, NGON v\u00e0 T\u1ed0T cho s\u1ee9c kh\u1ecfe ng\u01b0\u1eddi s\u1eed d\u1ee5ng.<\/b><\/td>\n<\/tr>\n<tr>\n<td>Ng\u00e0y \u0111\u00f3ng g\u00f3i:<\/td>\n<td>Xem tr\u00ean bao b\u00ec<\/td>\n<\/tr>\n<tr>\n<td>H\u1ea1n s\u1eed d\u1ee5ng:<\/td>\n<td>12 th\u00e1ng k\u1ec3 t\u1eeb ng\u00e0y \u0111\u00f3ng g\u00f3i<\/td>\n<\/tr>\n<tr>\n<th class=\"w3-blue\" colspan=\"2\">Th\u00f4ng tin \u0111\u01a1n v\u1ecb \/ nh\u00e0 s\u1ea3n xu\u1ea5t<\/th>\n<\/tr>\n<tr>\n<td>T\u00ean \u0111\u01a1n v\u1ecb:<\/td>\n<td width=\"228\">C\u01a1 s\u1edf s\u1ea3n xu\u1ea5t Ph\u1edf s\u1eafn B\u1ea3y Nh\u01b0<\/td>\n<\/tr>\n<tr>\n<td>Qu\u1ed1c gia:<\/td>\n<td>Vi\u1ec7t Nam<\/td>\n<\/tr>\n<tr>\n<td>T\u1ec9nh \/th\u00e0nh :<\/td>\n<td>Qu\u1ea3ng Nam<\/td>\n<\/tr>\n<tr>\n<td>\u0110\u1ecba ch\u1ec9 li\u00ean l\u1ea1c:<\/td>\n<td>T\u1ed5 d\u00e2n ph\u1ed1 Thu\u1eadn An, th\u1ecb tr\u1ea5n \u0110\u00f4ng Ph\u00fa, huy\u1ec7n Qu\u1ebf S\u01a1n, t\u1ec9nh Qu\u1ea3ng Nam<\/td>\n<\/tr>\n<tr>\n<td>\u0110i\u1ec7n tho\u1ea1i:<\/td>\n<td><\/td>\n<\/tr>\n<tr>\n<td><\/td>\n<td><\/td>\n<\/tr>\n<tr>\n<td>Website:<\/td>\n<td><\/td>\n<\/tr>\n<tr>\n<th class=\"w3-blue\" colspan=\"2\">\n<div align=\"left\"><b style=\"font-family: inherit; font-size: inherit;\">&#8211; Cung c\u1ea5p \u0111\u1ea7y \u0111\u1ee7 n\u0103ng l\u01b0\u1ee3ng &amp; kho\u00e1ng ch\u1ea5t (Ca, Fe, K,&#8230;)<\/b><\/div>\n<div align=\"left\">\n<div><b>&#8211; H\u1ed7 tr\u1ee3 gi\u1ea3m c\u00e2n<\/b><\/div>\n<div><b>&#8211; Kh\u00f4ng ch\u1ee9a ph\u1ea9m m\u00e0u, ch\u1ea5t b\u1ea3o qu\u1ea3n<\/b><\/div>\n<div><b>&#8211; Chay m\u1eb7n d\u00f9ng \u0111\u01b0\u1ee3c<\/b><\/div>\n<div><b>&#8211; Th\u01a1m ngon, d\u1ec5 ch\u1ebf bi\u1ebfn<\/b><\/div>\n<\/div>\n<\/th>\n<\/tr>\n<\/tbody>\n<\/table>\n<p>&nbsp;<\/p>\n","protected":false},"featured_media":0,"comment_status":"open","ping_status":"closed","template":"","meta":[],"_links":{"self":[{"href":"https:\/\/vphcheck.com\/index.php\/wp-json\/wp\/v2\/product\/786"}],"collection":[{"href":"https:\/\/vphcheck.com\/index.php\/wp-json\/wp\/v2\/product"}],"about":[{"href":"https:\/\/vphcheck.com\/index.php\/wp-json\/wp\/v2\/types\/product"}],"replies":[{"embeddable":true,"href":"https:\/\/vphcheck.com\/index.php\/wp-json\/wp\/v2\/comments?post=786"}],"wp:attachment":[{"href":"https:\/\/vphcheck.com\/index.php\/wp-json\/wp\/v2\/media?parent=786"}],"curies":[{"name":"wp","href":"https:\/\/api.w.org\/{rel}","templated":true}]}}