{"id":743,"date":"2023-07-03T16:18:20","date_gmt":"2023-07-03T16:18:20","guid":{"rendered":"http:\/\/vphcheck.com\/?post_type=product&#038;p=743"},"modified":"2025-04-26T02:24:17","modified_gmt":"2025-04-26T02:24:17","slug":"tra-thao-moc-la-sen-ocop","status":"publish","type":"product","link":"https:\/\/vphcheck.com\/index.php\/san-pham\/tra-thao-moc-la-sen-ocop\/","title":{"rendered":"\u1ed0c nh\u1ed3i \u1ed1ng n\u1ee9a Huy Ho\u00e0ng"},"content":{"rendered":"<table class=\"w3-table-all\">\n<thead>\n<tr class=\"w3-blue\">\n<th colspan=\"2\">Th\u00f4ng tin s\u1ea3n ph\u1ea9m<\/th>\n<\/tr>\n<\/thead>\n<tbody>\n<tr>\n<td width=\"122\">T\u00ean s\u1ea3n ph\u1ea9m<\/td>\n<td width=\"228\">\u1ed0c nh\u1ed3i \u1ed1ng n\u1ee9a Huy Ho\u00e0ng<\/td>\n<\/tr>\n<tr>\n<td>Th\u00e0nh ph\u1ea7n<\/td>\n<td>Th\u1ecbt \u1ed1c b\u01b0\u01a1u \u0111en, gi\u00f2 heo s\u1ed1ng, n\u1ea5m h\u01b0\u01a1ng c\u00f9ng c\u00e1c lo\u1ea1i gia v\u1ecb, nguy\u00ean li\u1ec7u t\u1ef1 nhi\u00ean<\/td>\n<\/tr>\n<tr>\n<td>Gi\u1ea5y \u0110KKD<\/td>\n<td>33F8003849<\/td>\n<\/tr>\n<tr>\n<td>Ng\u00e0y s\u1ea3n xu\u1ea5t<\/td>\n<td>Xem tr\u00ean bao b\u00ec<\/td>\n<\/tr>\n<tr>\n<td>Th\u1eddi h\u1ea1n s\u1eed d\u1ee5ng<\/td>\n<td>06 th\u00e1ng k\u1ec3 t\u1eeb NSX<\/td>\n<\/tr>\n<tr>\n<td>Tr\u1ecdng l\u01b0\u1ee3ng<\/td>\n<td>Xem tr\u00ean bao b\u00ec<\/td>\n<\/tr>\n<tr>\n<td>H\u01b0\u1edbng d\u1eabn s\u1eed d\u1ee5ng<\/td>\n<td>\n<ul>\n<li>R\u00e3 \u0111\u00f4ng, h\u1ea5p ch\u00edn 8-10 ph\u00fat khi n\u01b0\u1edbc s\u00f4i, n\u01b0\u1edbng ho\u1eb7c nh\u00fang l\u1eabu.<\/li>\n<\/ul>\n<\/td>\n<\/tr>\n<tr>\n<td>B\u1ea3o qu\u1ea3n<\/td>\n<td>-18 \u0111\u1ed9 C ho\u1eb7c ng\u0103n \u0111\u00f4ng t\u1ee7 l\u1ea1nh<\/td>\n<\/tr>\n<tr>\n<th class=\"w3-blue\" colspan=\"2\">Th\u00f4ng tin \u0111\u01a1n v\u1ecb \/ nh\u00e0 s\u1ea3n xu\u1ea5t<\/th>\n<\/tr>\n<tr>\n<td>T\u00ean \u0111\u01a1n v\u1ecb:<\/td>\n<td width=\"228\">H\u1ed8 KINH DOANH \u1ed0C B\u01af\u01a0U \u0110EN HUY HO\u00c0NG<\/td>\n<\/tr>\n<tr>\n<td>Qu\u1ed1c gia:<\/td>\n<td>Vi\u1ec7t Nam<\/td>\n<\/tr>\n<tr>\n<td>T\u1ec9nh \/th\u00e0nh :<\/td>\n<td>Qu\u1ea3ng Nam<\/td>\n<\/tr>\n<tr>\n<td>\u0110\u1ecba ch\u1ec9 li\u00ean l\u1ea1c:<\/td>\n<td>Th\u00f4n Nhu\u1eadn S\u01a1n, x\u00e3 Duy Ph\u00fa, huy\u1ec7n Duy Xuy\u00ean, t\u1ec9nh Qu\u1ea3ng Nam<\/td>\n<\/tr>\n<tr>\n<td>Email<\/td>\n<td>suongsanny@gmail.com<\/td>\n<\/tr>\n<tr>\n<td>Di \u0111\u1ed9ng:<\/td>\n<td>0359369032 &#8211; 0798899368<\/td>\n<\/tr>\n<tr>\n<td>Facebook:<\/td>\n<td>S\u01b0\u01a1ng Sanny<\/td>\n<\/tr>\n<\/tbody>\n<\/table>\n<p style=\"text-align: center;\">\n","protected":false},"excerpt":{"rendered":"<p>Th\u00f4ng tin s\u1ea3n ph\u1ea9m T\u00ean s\u1ea3n ph\u1ea9m \u1ed0c nh\u1ed3i \u1ed1ng n\u1ee9a Huy Ho\u00e0ng Th\u00e0nh ph\u1ea7n Th\u1ecbt \u1ed1c b\u01b0\u01a1u \u0111en, gi\u00f2 heo s\u1ed1ng, n\u1ea5m h\u01b0\u01a1ng c\u00f9ng c\u00e1c lo\u1ea1i gia v\u1ecb, nguy\u00ean li\u1ec7u t\u1ef1 nhi\u00ean Gi\u1ea5y \u0110KKD 33F8003849 Ng\u00e0y s\u1ea3n xu\u1ea5t Xem tr\u00ean bao b\u00ec Th\u1eddi h\u1ea1n s\u1eed d\u1ee5ng 06 th\u00e1ng k\u1ec3 t\u1eeb NSX Tr\u1ecdng l\u01b0\u1ee3ng Xem [&hellip;]<\/p>\n","protected":false},"featured_media":1450,"comment_status":"open","ping_status":"closed","template":"","meta":[],"_links":{"self":[{"href":"https:\/\/vphcheck.com\/index.php\/wp-json\/wp\/v2\/product\/743"}],"collection":[{"href":"https:\/\/vphcheck.com\/index.php\/wp-json\/wp\/v2\/product"}],"about":[{"href":"https:\/\/vphcheck.com\/index.php\/wp-json\/wp\/v2\/types\/product"}],"replies":[{"embeddable":true,"href":"https:\/\/vphcheck.com\/index.php\/wp-json\/wp\/v2\/comments?post=743"}],"wp:featuredmedia":[{"embeddable":true,"href":"https:\/\/vphcheck.com\/index.php\/wp-json\/wp\/v2\/media\/1450"}],"wp:attachment":[{"href":"https:\/\/vphcheck.com\/index.php\/wp-json\/wp\/v2\/media?parent=743"}],"curies":[{"name":"wp","href":"https:\/\/api.w.org\/{rel}","templated":true}]}}