{"id":740,"date":"2019-09-03T15:53:48","date_gmt":"2019-09-03T15:53:48","guid":{"rendered":"http:\/\/vphcheck.com\/?post_type=product&#038;p=740"},"modified":"2020-09-13T17:49:56","modified_gmt":"2020-09-13T17:49:56","slug":"htx-nong-nghiep-cnc-truong-thanh","status":"publish","type":"product","link":"https:\/\/vphcheck.com\/index.php\/san-pham\/htx-nong-nghiep-cnc-truong-thanh\/","title":{"rendered":"HTX N\u00f4ng nghi\u1ec7p CNC Tr\u01b0\u1eddng Th\u00e0nh"},"content":{"rendered":"<p style=\"text-align: center;\"><strong>S\u1ea2N PH\u1ea8M \u0110\u1ea0T <span style=\"color: #ff0000;\">***<\/span> THEO QUY\u1ebeT \u0110\u1ecaNH S\u1ed0 365\/Q\u0110-UBND NG\u00c0Y 31\/01\/2019 C\u1ee6A UBND T\u1ec8NH QU\u1ea2NG NAM<\/strong><\/p>\n<hr \/>\n<ul>\n<li>M\u00e3 s\u1ed1 thu\u1ebf:\u00a04001144354<\/li>\n<li>\u0110\u1ecba ch\u1ec9: Th\u00f4n Tr\u01b0\u1eddng Th\u00e0nh, X\u00e3 Tam Th\u00e0nh, Huy\u1ec7n Ph\u00fa Ninh, T\u1ec9nh Qu\u1ea3ng Nam<\/li>\n<li>\u0110\u1ea1i di\u1ec7n ph\u00e1p lu\u1eadt: Tr\u1ea7n Th\u1ecb Thu Nguy\u00ean<\/li>\n<li>Gi\u1ea5y ph\u00e9p s\u1ed1: 331707000030<\/li>\n<li>Ng\u00e0y c\u1ea5p gi\u1ea5y ph\u00e9p: 17\/04\/2018<\/li>\n<li>Ng\u00e0y ho\u1ea1t \u0111\u1ed9ng: 20\/04\/2018<\/li>\n<li>\u0110i\u1ec7n tho\u1ea1i:\u00a00965318547<\/li>\n<\/ul>\n<p style=\"padding-left: 30px;\"><span style=\"color: #000080;\"><strong>LI\u00caN H\u1ec6 B\u1ed8 PH\u1eacN KINH DOANH V\u00c0 B\u00c1N H\u00c0NG:<\/strong><\/span><\/p>\n<p style=\"padding-left: 30px;\"><span style=\"color: #ff0000;\"><strong>0917.767.557 &#8211; 02353.957577<\/strong><\/span><\/p>\n","protected":false},"excerpt":{"rendered":"<blockquote><p><span style=\"color: #0000ff;\"><em><strong>B\u1ea2O \u0110\u1ea2M:<\/strong><\/em><\/span><\/p>\n<p><span style=\"color: #000000;\">Canh t\u00e1c trong \u0111i\u1ec1u ki\u1ec7n ho\u00e0n to\u00e0n t\u1ef1 nhi\u00ean<\/span><\/p>\n<p>Kh\u00f4ng d\u00f9ng ph\u00e2n b\u00f3n h\u00f3a h\u1ecdc<\/p>\n<p>Kh\u00f4ng phun thu\u1ed1c b\u1ea3o v\u1ec7 th\u1ef1c v\u1eadt, k\u00edch th\u00edch t\u0103ng tr\u01b0\u1edfng<\/p>\n<p>Kh\u00f4ng s\u1eed d\u1ee5ng s\u1ea3n ph\u1ea9m bi\u1ebfn \u0111\u1ed5i Gen.<\/p><\/blockquote>\n<p><span style=\"color: #0000ff;\"><em><strong>CHUY\u00caN:<\/strong><\/em><\/span><\/p>\n<ul>\n<li>S\u1ea3n xu\u1ea5t n\u00f4ng nghi\u1ec7p s\u1ea1ch, n\u00f4ng s\u1ea3n h\u1eefu c\u01a1<\/li>\n<li>Kinh doanh n\u00f4ng s\u1ea3n<\/li>\n<li>S\u1ea3n xu\u1ea5t ph\u00e2n b\u00f3n c\u00e2y tr\u1ed3ng, con v\u1eadt nu\u00f4i.<\/li>\n<li>T\u01b0 v\u1ea5n thi\u1ebft k\u1ebf thi c\u00f4ng c\u00f4ng tr\u00ecnh nh\u00e0 l\u01b0\u1edbi, nh\u00e0 k\u00ednh, c\u00e1c c\u00f4ng tr\u00ecnh thi\u1ebft b\u1ecb ng\u00e0nh t\u01b0\u1edbi<\/li>\n<li>Cung \u1ee9ng c\u00e1c d\u1ecbch v\u1ee5 tr\u00ean \u0111\u1ecba b\u00e0n: Mua b\u00e1n c\u00e1c lo\u1ea1i c\u00e2y xanh c\u00f4ng c\u1ed9ng; tr\u1ed3ng v\u00e0 ch\u0103m s\u00f3c c\u00e2y xanh, thi c\u00f4ng s\u1eeda ch\u1eefa b\u00e3o d\u01b0\u1ee1ng v\u1eadn h\u00e0nh h\u1ec7 th\u1ed1ng \u0111i\u1ec7n chi\u1ebfu s\u00e1ng<\/li>\n<\/ul>\n<p><img loading=\"lazy\" decoding=\"async\" class=\"wp-image-367 aligncenter\" src=\"http:\/\/vphcheck.com\/wp-content\/uploads\/2018\/08\/1.jpg\" alt=\"\" width=\"340\" height=\"227\" \/><\/p>\n<p><img loading=\"lazy\" decoding=\"async\" class=\"wp-image-368 aligncenter\" src=\"http:\/\/vphcheck.com\/wp-content\/uploads\/2018\/08\/2.jpg\" alt=\"\" width=\"340\" height=\"221\" \/><\/p>\n","protected":false},"featured_media":366,"comment_status":"open","ping_status":"closed","template":"","meta":[],"_links":{"self":[{"href":"https:\/\/vphcheck.com\/index.php\/wp-json\/wp\/v2\/product\/740"}],"collection":[{"href":"https:\/\/vphcheck.com\/index.php\/wp-json\/wp\/v2\/product"}],"about":[{"href":"https:\/\/vphcheck.com\/index.php\/wp-json\/wp\/v2\/types\/product"}],"replies":[{"embeddable":true,"href":"https:\/\/vphcheck.com\/index.php\/wp-json\/wp\/v2\/comments?post=740"}],"wp:featuredmedia":[{"embeddable":true,"href":"https:\/\/vphcheck.com\/index.php\/wp-json\/wp\/v2\/media\/366"}],"wp:attachment":[{"href":"https:\/\/vphcheck.com\/index.php\/wp-json\/wp\/v2\/media?parent=740"}],"curies":[{"name":"wp","href":"https:\/\/api.w.org\/{rel}","templated":true}]}}