{"id":738,"date":"2019-09-03T15:47:04","date_gmt":"2019-09-03T15:47:04","guid":{"rendered":"http:\/\/vphcheck.com\/?post_type=product&#038;p=738"},"modified":"2021-08-31T07:19:38","modified_gmt":"2021-08-31T07:19:38","slug":"gao-que-phong-thu-ocop","status":"publish","type":"product","link":"https:\/\/vphcheck.com\/index.php\/san-pham\/gao-que-phong-thu-ocop\/","title":{"rendered":"G\u1ea1o Phong th\u1eed ST24"},"content":{"rendered":"<p style=\"text-align: center;\"><img loading=\"lazy\" decoding=\"async\" class=\"alignnone  wp-image-849\" src=\"http:\/\/vphcheck.com\/wp-content\/uploads\/2019\/09\/4305bd097b118e4fd700-225x300.jpg\" alt=\"\" width=\"240\" height=\"320\" \/><\/p>\n<p style=\"text-align: center;\"><strong>S\u1ea2N PH\u1ea8M \u0110\u1ea0T <span style=\"color: #ff0000;\">***<\/span> THEO QUY\u1ebeT \u0110\u1ecaNH S\u1ed0 1170\/Q\u0110-UBND NG\u00c0Y 22\/4\/2019 C\u1ee6A UBND T\u1ec8NH QU\u1ea2NG NAM<\/strong><\/p>\n","protected":false},"excerpt":{"rendered":"<p>&nbsp;<\/p>\n<table class=\"w3-table-all\">\n<thead>\n<tr class=\"w3-blue\">\n<th colspan=\"2\">Th\u00f4ng tin s\u1ea3n ph\u1ea9m<\/th>\n<\/tr>\n<\/thead>\n<tbody>\n<tr>\n<td width=\"122\">T\u00ean s\u1ea3n ph\u1ea9m<\/td>\n<td width=\"228\">G\u1ea1o Phong Th\u1eed ST24<\/td>\n<\/tr>\n<tr>\n<td>Ch\u1ee9ng nh\u1eadn:<\/td>\n<td>S\u1ea3n xu\u1ea5t theo quy tr\u00ecnh h\u1eefu c\u01a1 &#8211; \u0110\u1ea1t ti\u00eau chu\u1ea9n VietGap- \u0110\u01b0\u1ee3c UBND t\u1ec9nh Qu\u1ea3ng Nam c\u00f4ng nh\u1eadn l\u00e0 s\u1ea3n ph\u1ea9m\u00a0OCOP\u00a0\u0111\u1ea1t 3 sao.<\/td>\n<\/tr>\n<tr>\n<td>Ng\u00e0y \u0111\u00f3ng g\u00f3i:<\/td>\n<td>Xem tr\u00ean bao b\u00ec<\/td>\n<\/tr>\n<tr>\n<td>Th\u1eddi gian b\u1ea3o qu\u1ea3n:<\/td>\n<td>1 n\u0103m<\/td>\n<\/tr>\n<tr>\n<td>Gi\u00e1 b\u00e1n<\/td>\n<td>30.000\u00a0\u0111\u1ed3ng\/kg<\/td>\n<\/tr>\n<tr>\n<th class=\"w3-blue\" colspan=\"2\">Th\u00f4ng tin \u0111\u01a1n v\u1ecb \/ nh\u00e0 s\u1ea3n xu\u1ea5t<\/th>\n<\/tr>\n<tr>\n<td>T\u00ean \u0111\u01a1n v\u1ecb:<\/td>\n<td width=\"228\">C\u00f4ng ty C\u1ed5 ph\u1ea7n Gi\u1ed1ng n\u00f4ng nghi\u1ec7p \u0110i\u1ec7n B\u00e0n<\/td>\n<\/tr>\n<tr>\n<td>Qu\u1ed1c gia:<\/td>\n<td>Vi\u1ec7t Nam<\/td>\n<\/tr>\n<tr>\n<td>T\u1ec9nh \/th\u00e0nh :<\/td>\n<td>Qu\u1ea3ng Nam<\/td>\n<\/tr>\n<tr>\n<td>\u0110\u1ecba ch\u1ec9 li\u00ean l\u1ea1c:<\/td>\n<td>Phong Th\u1eed 1, \u0110i\u1ec7n Th\u1ecd, \u0110i\u1ec7n B\u00e0n, t\u1ec9nh Qu\u1ea3ng Nam<\/td>\n<\/tr>\n<tr>\n<td>Email<\/td>\n<td>giongdienban@gmail.com<\/td>\n<\/tr>\n<tr>\n<td>Di \u0111\u1ed9ng:<\/td>\n<td>0235 3751751-0905079355<\/td>\n<\/tr>\n<tr>\n<td>Website:<\/td>\n<td>gaophongthu.com<\/td>\n<\/tr>\n<tr>\n<th class=\"w3-blue\" colspan=\"2\">\n<div align=\"left\"><strong>Th\u00f4ng tin nguy\u00ean li\u1ec7u<\/strong><\/div>\n<\/th>\n<\/tr>\n<tr>\n<td>T\u00ean trang tr\u1ea1i:<\/td>\n<td>C\u00e1nh \u0111\u1ed3ng m\u1eabu l\u1edbn \u0110i\u1ec7n Th\u1ecd, \u0110i\u1ec7n B\u00e0n, Qu\u1ea3ng Nam.<\/td>\n<\/tr>\n<tr>\n<td>\u0110\u1ecba ch\u1ec9 tr\u1ed3ng<\/td>\n<td>\u0110i\u1ec7n Th\u1ecd &#8211; \u0110i\u1ec7n B\u00e0n- Qu\u1ea3ng Nam<\/td>\n<\/tr>\n<tr>\n<td><strong>5 KH\u00d4NG<\/strong><\/td>\n<td>\n<ul>\n<li>Kh\u00f4ng thu\u1ed1c di\u1ec7t c\u1ecf<\/li>\n<li>Kh\u00f4ng thu\u1ed1c tr\u1eeb s\u00e2u<\/li>\n<li>Kh\u00f4ng ph\u00e2n b\u00f3n ho\u00e1 h\u1ecdc<\/li>\n<li>Kh\u00f4ng ch\u1ea5t b\u1ea3o qu\u1ea3n<\/li>\n<li>Kh\u00f4ng s\u1eed d\u1ee5ng gi\u1ed1ng bi\u1ebfn \u0111\u1ed5i gene.<\/li>\n<\/ul>\n<\/td>\n<\/tr>\n<\/tbody>\n<\/table>\n<p>C\u00e1c th\u00f4ng tin tr\u00ean \u0111\u01b0\u1ee3c cung c\u1ea5p b\u1edfi C\u00f4ng ty CP Gi\u1ed1ng N\u00f4ng nghi\u1ec7p \u0110i\u1ec7n B\u00e0n!<\/p>\n","protected":false},"featured_media":469,"comment_status":"open","ping_status":"closed","template":"","meta":[],"_links":{"self":[{"href":"https:\/\/vphcheck.com\/index.php\/wp-json\/wp\/v2\/product\/738"}],"collection":[{"href":"https:\/\/vphcheck.com\/index.php\/wp-json\/wp\/v2\/product"}],"about":[{"href":"https:\/\/vphcheck.com\/index.php\/wp-json\/wp\/v2\/types\/product"}],"replies":[{"embeddable":true,"href":"https:\/\/vphcheck.com\/index.php\/wp-json\/wp\/v2\/comments?post=738"}],"wp:featuredmedia":[{"embeddable":true,"href":"https:\/\/vphcheck.com\/index.php\/wp-json\/wp\/v2\/media\/469"}],"wp:attachment":[{"href":"https:\/\/vphcheck.com\/index.php\/wp-json\/wp\/v2\/media?parent=738"}],"curies":[{"name":"wp","href":"https:\/\/api.w.org\/{rel}","templated":true}]}}