{"id":728,"date":"2019-08-21T04:49:19","date_gmt":"2019-08-21T04:49:19","guid":{"rendered":"http:\/\/vphcheck.com\/?post_type=product&#038;p=728"},"modified":"2020-09-13T17:49:56","modified_gmt":"2020-09-13T17:49:56","slug":"htx-nong-nghiep-xanh-truong-xuan-sao-chep","status":"publish","type":"product","link":"https:\/\/vphcheck.com\/index.php\/san-pham\/htx-nong-nghiep-xanh-truong-xuan-sao-chep\/","title":{"rendered":"HTX N\u00f4ng nghi\u1ec7p xanh Tr\u01b0\u1eddng Xu\u00e2n &#8211; Tam K\u1ef3"},"content":{"rendered":"<ul>\n<li>\n<div class=\"_4-u2 _3xaf _3-95 _4-u8\">\n<div class=\"_5po3\">\n<div class=\"_50f7\">TH\u00d4NG TIN LI\u00caN H\u1ec6<\/div>\n<\/div>\n<div class=\"_5aj7 _3-8j\">\n<div class=\"_4bl7 _3-90 _a8s\"><img decoding=\"async\" class=\"_1579 img\" src=\"https:\/\/static.xx.fbcdn.net\/rsrc.php\/v3\/yJ\/r\/4VjyF4t9Hqt.png?_nc_x=T8elJS7WcNL\" alt=\"\" \/>\u00a0G\u1ecdi 097 220 25 83<\/div>\n<div class=\"_4bl7 _3-99\"><\/div>\n<\/div>\n<div class=\"clearfix _ikh _3-8j _20ud\">\n<div class=\"_4bl7 _3-90 _a8s\"><img decoding=\"async\" class=\"_1579 img\" src=\"https:\/\/static.xx.fbcdn.net\/rsrc.php\/v3\/y2\/r\/pX5T_6D5boI.png?_nc_x=T8elJS7WcNL\" alt=\"\" \/>\u00a0<a id=\"u_fetchstream_1_0\" href=\"https:\/\/l.facebook.com\/l.php?u=https%3A%2F%2Fm.me%2Frausachtruongxuan%3Ffbclid%3DIwAR0ijTpIG838I1ji5fRMsFCQym2lGLHu7yCB81jb_fNi_kRcIlShLVCf0dQ&amp;h=AT2gPLPhgoXqnQmyFPBuIY27cMfqLc-Idx0eLPwO8hFQX3VNuj-nK32ecWftgO2EpBaFO3CB5bpFRQm6tjwKm3Z1TEMD3bnlPwjpW15DKm9bolhEL9lPpnbKd_bXU_uvFUMFPBcIidTFurzkUsV2\" target=\"_blank\" rel=\"noopener nofollow\" data-lynx-mode=\"asynclazy\"><span class=\"_2iem\">m.me\/rausachtruongxuan<\/span><\/a><img decoding=\"async\" class=\"_6a0z img\" src=\"https:\/\/static.xx.fbcdn.net\/rsrc.php\/v3\/y2\/r\/x-0yuiNw1AX.png?_nc_x=T8elJS7WcNL\" alt=\"\" data-hover=\"tooltip\" data-tooltip-content=\"Li\u00ean k\u1ebft m.me l\u00e0 URL r\u00fat g\u1ecdn m\u00e0 m\u1ecdi ng\u01b0\u1eddi c\u00f3 th\u1ec3 d\u00f9ng \u0111\u1ec3 chuy\u1ec3n th\u1eb3ng t\u1edbi cu\u1ed9c tr\u00f2 chuy\u1ec7n tr\u00ean Messenger.\" \/><\/div>\n<\/div>\n<div class=\"_5aj7 _3-8j\">\n<div class=\"_4bl7 _3-90 _a8s\"><img decoding=\"async\" class=\"_1579 img\" src=\"https:\/\/static.xx.fbcdn.net\/rsrc.php\/v3\/yy\/r\/vKDzW_MdhyP.png?_nc_x=T8elJS7WcNL\" alt=\"\" \/>\u00a0rausachtruongxuan@gmail.com<\/div>\n<div class=\"_4bl7 _3-99\"><\/div>\n<\/div>\n<\/div>\n<div class=\"_4-u2 _3xaf _3-95 _4-u8\">\n<div class=\"_5po3\">\n<div class=\"_50f7\">TH\u00d4NG TIN KH\u00c1C<\/div>\n<\/div>\n<div class=\"_5aj7 _3-8j\">\n<div class=\"_4bl7 _3-90 _a8s\"><img decoding=\"async\" class=\"_1579 img\" src=\"https:\/\/static.xx.fbcdn.net\/rsrc.php\/v3\/yO\/r\/fTt3W6Nw8z-.png?_nc_x=T8elJS7WcNL\" alt=\"\" \/>\u00a0Gi\u1edbi thi\u1ec7u: \u0110\u00e2y l\u00e0 trang m\u1ea1ng x\u00e3 h\u1ed9i c\u1ee7a H\u1ee3p t\u00e1c x\u00e3 n\u00f4ng nghi\u1ec7p xanh Tr\u01b0\u1eddng Xu\u00e2n. H\u1ee3p t\u00e1c x\u00e3 chuy\u00ean cung c\u1ea5p c\u00e1c lo\u1ea1i rau, c\u1ee7, qu\u1ea3 s\u1ea1ch tr\u1ed3ng h\u1eefu c\u01a1 t\u1ef1 nhi\u00ean.<\/div>\n<div class=\"_4bl7 _3-99\"><\/div>\n<\/div>\n<div class=\"_5aj7 _3-8j\">\n<div class=\"_4bl7 _3-90 _a8s\"><img decoding=\"async\" class=\"_1579 img\" src=\"https:\/\/static.xx.fbcdn.net\/rsrc.php\/v3\/yO\/r\/fTt3W6Nw8z-.png?_nc_x=T8elJS7WcNL\" alt=\"\" \/>\u00a0T\u1ed5ng quan v\u1ec1 C\u00f4ng ty H\u1ecdp t\u00e1c x\u00e3 n\u00f4ng nghi\u1ec7p xanh Tr\u01b0\u1eddng Xu\u00e2n<\/div>\n<div class=\"_4bl7 _3-99\"><\/div>\n<\/div>\n<div class=\"_5aj7 _3-8j\">\n<div class=\"_4bl7 _3-90 _a8s\"><img decoding=\"async\" class=\"_1579 img\" src=\"https:\/\/static.xx.fbcdn.net\/rsrc.php\/v3\/yO\/r\/fTt3W6Nw8z-.png?_nc_x=T8elJS7WcNL\" alt=\"\" \/>\u00a0S\u1ea3n ph\u1ea9m rau, c\u1ee7, qu\u1ea3 s\u1ea1ch<\/div>\n<\/div>\n<\/div>\n<\/li>\n<\/ul>\n","protected":false},"excerpt":{"rendered":"<ul>\n<li>L\u1eddi \u0111\u1ea7u ti\u00ean cho ph\u00e9p H\u1ee2P T\u00c1C X\u00c3 N\u00d4NG NGHI\u1ec6P (HTX NN) XANH TR\u01af\u1edcNG XU\u00c2N k\u00ednh g\u1eedi \u0111\u1ebfn qu\u00fd v\u1ecb l\u1eddi ch\u00fac m\u1ea1nh kh\u1ecfe, h\u1ea1nh ph\u00fac, th\u00e0nh c\u00f4ng v\u00e0 l\u1eddi ch\u00e0o tr\u00e2n tr\u1ecdng nh\u1ea5t!<br \/>\nTh\u01b0a qu\u00fd v\u1ecb! \u0110\u1ec3 \u0111\u1ea3m b\u1ea3o n\u0103ng l\u01b0\u1ee3ng cho c\u00e1c ho\u1ea1t \u0111\u1ed9ng vui ch\u01a1i, h\u1ecdc t\u1eadp, l\u00e0m vi\u1ec7c, lao \u0111\u1ed9ng s\u1ea3n xu\u1ea5t, m\u1ed7i ng\u00e0y con ng\u01b0\u1eddi c\u1ea7n r\u1ea5t nhi\u1ec1u lo\u1ea1i th\u1ef1c ph\u1ea9m kh\u00e1c nhau, nh\u01b0ng trong cu\u1ed9c s\u1ed1ng h\u1eb1ng ng\u00e0y nh\u01b0 hi\u1ec7n nay, con ng\u01b0\u1eddi ch\u00fang ta v\u1eabn ph\u1ea3i s\u1eed d\u1ee5ng nh\u1eefng th\u1ef1c ph\u1ea9m kh\u00f4ng s\u1ea1ch, kh\u00f4ng r\u00f5 ngu\u1ed3n g\u1ed1c, k\u1ec3 c\u1ea3 th\u1ef1c ph\u1ea9m \u0111\u1ed9c h\u1ea1i, g\u00e2y \u1ea3nh h\u01b0\u1edfng r\u1ea5t l\u1edbn \u0111\u1ebfn s\u1ee9c kh\u1ecfe. C\u00f3 v\u1ecb \u0110\u1ea1i bi\u1ec3u Qu\u1ed1c h\u1ed9i \u0111\u00e3 chua x\u00f3t n\u00f3i r\u1eb1ng \u201ccon \u0111\u01b0\u1eddng t\u1eeb d\u1ea1 d\u00e0y \u0111\u1ebfn ngh\u0129a \u0111\u1ecba ch\u01b0a bao gi\u1edd ng\u1eafn \u0111\u1ebfn th\u1ebf\u201d.<br \/>\n\u0110\u1ee9ng tr\u01b0\u1edbc t\u00ecnh h\u00ecnh \u0111\u00f3 HTX NN XANH TR\u01af\u1edcNG XU\u00c2N \u0111\u01b0\u1ee3c th\u00e0nh l\u1eadp v\u1edbi kh\u00e1t v\u1ecdng, quy\u1ebft t\u00e2m s\u1ea3n xu\u1ea5t ra nh\u1eefng s\u1ea3n ph\u1ea9m n\u00f4ng nghi\u1ec7p xanh, c\u00e1c s\u1ea3n ph\u1ea9m n\u00f4ng nghi\u1ec7p ho\u00e0n to\u00e0n theo h\u01b0\u1edbng h\u1eefu c\u01a1, an to\u00e0n cho s\u1ee9c kh\u1ecfe m\u1ecdi ng\u01b0\u1eddi, \u0111\u1ea3m b\u1ea3o m\u00f4i tr\u01b0\u1eddng, v\u00ec t\u01b0\u01a1ng lai c\u1ed9ng \u0111\u1ed3ng. Sau h\u01a1n 5 th\u00e1ng ch\u00ednh th\u1ee9c \u0111i v\u00e0o ho\u1ea1t \u0111\u1ed9ng tr\u1ed3ng tr\u1ecdt v\u00e0 s\u1ea3n xu\u1ea5t t\u1ea1i kh\u1ed1i ph\u1ed1 2, ph\u01b0\u1eddng Tr\u01b0\u1eddng Xu\u00e2n, th\u00e0nh ph\u1ed1 Tam K\u1ef3, \u0111\u1ebfn nay ch\u00fang t\u00f4i \u0111\u00e3 cung c\u1ea5p nhi\u1ec1u s\u1ea3n ph\u1ea9m theo h\u01b0\u1edbng h\u1eefu c\u01a1 ra th\u1ecb tr\u01b0\u1eddng, b\u01b0\u1edbc \u0111\u1ea7u \u0111\u00e3 nh\u1eadn \u0111\u01b0\u1ee3c c\u00e1c \u00fd ki\u1ebfn ph\u1ea3n h\u1ed3i r\u1ea5t t\u00edch c\u1ef1c t\u1eeb ng\u01b0\u1eddi s\u1eed d\u1ee5ng.<br \/>\n\u0110\u1ec3 s\u1ea3n ph\u1ea9m n\u00f4ng nghi\u1ec7p h\u1eefu c\u01a1 \u0111\u1ebfn \u0111\u01b0\u1ee3c v\u1edbi ng\u01b0\u1eddi d\u00f9ng, r\u1ea5t mong nh\u1eadn \u0111\u01b0\u1ee3c s\u1ef1 h\u1ee3p t\u00e1c, qu\u1ea3ng b\u00e1 s\u1ea3n ph\u1ea9m n\u00f4ng nghi\u1ec7p h\u1eefu c\u01a1 c\u1ee7a qu\u00fd v\u1ecb. \u0110\u1ed1i v\u1edbi c\u00e1c \u0111\u01a1n v\u1ecb, c\u01a1 quan c\u00f3 nhu c\u1ea7u k\u00fd h\u1ee3p \u0111\u1ed3ng s\u1eed d\u1ee5ng s\u1ea3n ph\u1ea9m c\u1ee7a ch\u00fang t\u00f4i th\u00ec qu\u00fd v\u1ecb c\u00f3 th\u1ec3 tham quan, tr\u1ed3ng rau mi\u1ec5n ph\u00ed t\u1ea1i n\u00f4ng tr\u1ea1i b\u1ea5t c\u1ee9 l\u00fac n\u00e0o, ch\u1ec9 c\u1ea7n th\u00f4ng b\u00e1o tr\u01b0\u1edbc 03 ng\u00e0y \u0111\u1ec3 ch\u00fang t\u00f4i chu\u1ea9n b\u1ecb kh\u00e2u \u0111\u00f3n ti\u1ebfp chu \u0111\u00e1o.<br \/>\nCh\u00fang t\u00f4i lu\u00f4n l\u1ea5y s\u1ef1 h\u00e0i l\u00f2ng c\u1ee7a kh\u00e1ch h\u00e0ng l\u00e0m th\u01b0\u1edbc \u0111o cho s\u1ef1 ph\u00e1t tri\u1ec3n c\u1ee7a HTX. Tr\u00e2n tr\u1ecdng g\u1eedi t\u1edbi qu\u00fd v\u1ecb \u0111\u00e3 quan t\u00e2m v\u00e0 \u1ee7ng h\u1ed9 trong su\u1ed1t th\u1eddi gian qua l\u1eddi c\u1ea3m \u01a1n ch\u00e2n th\u00e0nh nh\u1ea5t, trong th\u1eddi gian \u0111\u1ebfn mong mu\u1ed1n v\u00e0 h\u00e2n h\u1ea1nh c\u00f3 th\u00eam nh\u1eefng kh\u00e1ch h\u00e0ng th\u00e2n thi\u1ebft m\u1edbi. Ch\u00fang t\u00f4i cam k\u1ebft s\u1ebd cung c\u1ea5p cho kh\u00e1ch h\u00e0ng nh\u1eefng s\u1ea3n ph\u1ea9m, d\u1ecbch v\u1ee5 c\u00f3 ch\u1ea5t l\u01b0\u1ee3ng t\u1ed1t nh\u1ea5t v\u1edbi gi\u00e1 c\u1ea3 h\u1ee3p l\u00fd.<br \/>\nNGON CH\u01afA \u0110\u1ee6, S\u1ea0CH M\u1edaI \u0102N<\/li>\n<\/ul>\n","protected":false},"featured_media":727,"comment_status":"open","ping_status":"closed","template":"","meta":[],"_links":{"self":[{"href":"https:\/\/vphcheck.com\/index.php\/wp-json\/wp\/v2\/product\/728"}],"collection":[{"href":"https:\/\/vphcheck.com\/index.php\/wp-json\/wp\/v2\/product"}],"about":[{"href":"https:\/\/vphcheck.com\/index.php\/wp-json\/wp\/v2\/types\/product"}],"replies":[{"embeddable":true,"href":"https:\/\/vphcheck.com\/index.php\/wp-json\/wp\/v2\/comments?post=728"}],"wp:featuredmedia":[{"embeddable":true,"href":"https:\/\/vphcheck.com\/index.php\/wp-json\/wp\/v2\/media\/727"}],"wp:attachment":[{"href":"https:\/\/vphcheck.com\/index.php\/wp-json\/wp\/v2\/media?parent=728"}],"curies":[{"name":"wp","href":"https:\/\/api.w.org\/{rel}","templated":true}]}}