{"id":718,"date":"2019-08-21T04:02:16","date_gmt":"2019-08-21T04:02:16","guid":{"rendered":"http:\/\/vphcheck.com\/?post_type=product&#038;p=718"},"modified":"2020-09-13T17:49:57","modified_gmt":"2020-09-13T17:49:57","slug":"cong-ty-tnhh-dau-tu-va-phat-trien-sam-truc-tra-linh","status":"publish","type":"product","link":"https:\/\/vphcheck.com\/index.php\/san-pham\/cong-ty-tnhh-dau-tu-va-phat-trien-sam-truc-tra-linh\/","title":{"rendered":"C\u00f4ng Ty TNHH \u0110\u1ea7u T\u01b0 V\u00e0 Ph\u00e1t Tri\u1ec3n S\u00e2m Tr\u00fac Tr\u00e0 Linh"},"content":{"rendered":"","protected":false},"excerpt":{"rendered":"<div class=\"block-t15\">\n<p><b>C\u00f4ng Ty TNHH \u0110\u1ea7u T\u01b0 V\u00e0 Ph\u00e1t Tri\u1ec3n S\u00e2m Tr\u00fac Tr\u00e0 Linh<\/b>\u00a0Th\u00e0nh l\u1eadp ng\u00e0y 21-09-2016 c\u00f3 m\u00e3 s\u1ed1 thu\u1ebf l\u00e0 4001091751 hi\u1ec7n \u0111ang \u0111\u0103ng k\u00fd kinh doanh t\u1ea1i \u0111\u1ecba ch\u1ec9 Th\u00f4n 2, X\u00e3 Tr\u00e0 Linh, Huy\u1ec7n Nam Tr\u00e0 My, T\u1ec9nh Qu\u1ea3ng Nam.<\/p>\n<\/div>\n<div class=\"block-t15\">\n<div class=\"row\">\n<div class=\"col-sm-8 table-striped\">\n<div class=\"table-responsive\">\n<h2>Th\u00f4ng tin chung<\/h2>\n<table class=\"table last-left\">\n<tbody>\n<tr>\n<th class=\"w128\">T\u00ean c\u00f4ng ty:<\/th>\n<td>C\u00f4ng Ty TNHH \u0110\u1ea7u T\u01b0 V\u00e0 Ph\u00e1t Tri\u1ec3n S\u00e2m Tr\u00fac Tr\u00e0 Linh<\/td>\n<\/tr>\n<tr>\n<th>Ch\u1ee7 s\u1edf h\u1eefu:<\/th>\n<td>B\u00f9i Ch\u00e2u Tr\u01b0\u1eddng Th\u1ecd<\/td>\n<\/tr>\n<tr>\n<th>M\u00e3 s\u1ed1 thu\u1ebf:<\/th>\n<td>4001091751<\/td>\n<\/tr>\n<tr>\n<th>T\u00ean giao d\u1ecbch:<\/th>\n<td>CONG TY TNHH \u0110T&amp;PT SAM TRUC TRA LINH<\/td>\n<\/tr>\n<\/tbody>\n<\/table>\n<h2>\u0110\u1ecba ch\u1ec9 th\u00f4ng tin li\u00ean h\u1ec7<\/h2>\n<table class=\"table last-left\">\n<tbody>\n<tr>\n<th>\u0110\u1ecba Ch\u1ec9:<\/th>\n<td>Th\u00f4n 2, X\u00e3 Tr\u00e0 Linh, Huy\u1ec7n Nam Tr\u00e0 My, T\u1ec9nh Qu\u1ea3ng Nam<\/td>\n<\/tr>\n<tr>\n<th>\u0110i\u1ec7n tho\u1ea1i:<\/th>\n<td>0976364564<\/td>\n<\/tr>\n<\/tbody>\n<\/table>\n<\/div>\n<\/div>\n<\/div>\n<\/div>\n","protected":false},"featured_media":719,"comment_status":"open","ping_status":"closed","template":"","meta":[],"_links":{"self":[{"href":"https:\/\/vphcheck.com\/index.php\/wp-json\/wp\/v2\/product\/718"}],"collection":[{"href":"https:\/\/vphcheck.com\/index.php\/wp-json\/wp\/v2\/product"}],"about":[{"href":"https:\/\/vphcheck.com\/index.php\/wp-json\/wp\/v2\/types\/product"}],"replies":[{"embeddable":true,"href":"https:\/\/vphcheck.com\/index.php\/wp-json\/wp\/v2\/comments?post=718"}],"wp:featuredmedia":[{"embeddable":true,"href":"https:\/\/vphcheck.com\/index.php\/wp-json\/wp\/v2\/media\/719"}],"wp:attachment":[{"href":"https:\/\/vphcheck.com\/index.php\/wp-json\/wp\/v2\/media?parent=718"}],"curies":[{"name":"wp","href":"https:\/\/api.w.org\/{rel}","templated":true}]}}