{"id":716,"date":"2019-08-21T03:57:06","date_gmt":"2019-08-21T03:57:06","guid":{"rendered":"http:\/\/vphcheck.com\/?post_type=product&#038;p=716"},"modified":"2020-09-13T17:49:57","modified_gmt":"2020-09-13T17:49:57","slug":"cong-ty-co-phan-nhang-quan-huong","status":"publish","type":"product","link":"https:\/\/vphcheck.com\/index.php\/san-pham\/cong-ty-co-phan-nhang-quan-huong\/","title":{"rendered":"C\u00f4ng Ty C\u1ed5 Ph\u1ea7n Nhang Qu\u00e1n H\u01b0\u01a1ng"},"content":{"rendered":"<div class=\"SALvLe farUxc mJ2Mod\">\n<div class=\"i4J0ge\">\n<div class=\"xsZWvb EfDVh mod\" lang=\"vi-VN\" data-attrid=\"kc:\/location\/location:address\" data-md=\"1002\" data-hveid=\"CA8QAQ\" data-ved=\"2ahUKEwiDvv_fhZPkAhUMuY8KHdoDCRwQkCkwGXoECA8QAQ\">\n<div class=\"Z1hOCe\">\n<div class=\"zloOqf kno-fb-ctx PZPZlf\" data-dtype=\"d3ifr\" data-local-attribute=\"d3adr\" data-ved=\"2ahUKEwiDvv_fhZPkAhUMuY8KHdoDCRwQghwoADAZegQIDxAC\">\n<div class=\"SALvLe\">\n<div class=\"i4J0ge\">\n<div class=\"EfDVh mod\" lang=\"vi-US\" data-attrid=\"kc:\/location\/location:address\" data-md=\"1002\" data-hveid=\"CAEQFw\" data-ved=\"2ahUKEwj8n5v-iJPkAhWJF3IKHd_3CFgQkCkoAjADegQIARAX\">\n<div class=\"Z1hOCe\">\n<div class=\"zloOqf kno-fb-ctx PZPZlf\" data-dtype=\"d3ifr\" data-local-attribute=\"d3adr\" data-ved=\"2ahUKEwj8n5v-iJPkAhWJF3IKHd_3CFgQghwoADADegQIARAY\"><span class=\"w8qArf\">\u0110\u1ecba ch\u1ec9:\u00a0<\/span><span class=\"LrzXr\">T\u1ed5 11, Th\u1ecb Tr\u1ea5n H\u00e0 Lam, Huy\u1ec7n Th\u0103ng B\u00ecnh, T\u1ec9nh Qu\u1ea3ng Nam, B\u00ecnh Nguy\u00ean, Th\u0103ng B\u00ecnh, Qu\u1ea3ng Nam<\/span><\/p>\n<div>\n<div class=\"V5JuT\" tabindex=\"0\" role=\"button\" data-dtype=\"d3il\" data-duffy-async-id=\"duf3-2-30-0x3169e1deaaaaaaab:0x427bfbaa40f67e72\" data-fpstate=\"\" data-ved=\"2ahUKEwj8n5v-iJPkAhWJF3IKHd_3CFgQyM8CMAN6BAgBEBs\">\n<div class=\"RGiesd\"><span class=\"MBGome\">V\u1ecb tr\u00ed b\u1ea3n \u0111\u1ed3 l\u00e0 g\u1ea7n \u0111\u00fang.<\/span><span class=\"DAWPKe\">B\u1ea1n c\u00f3 th\u1ec3 gi\u00fap ch\u00fang t\u00f4i c\u1ea3i thi\u1ec7n v\u1ecb tr\u00ed n\u00e0y kh\u00f4ng?<\/span><\/div>\n<\/div>\n<\/div>\n<div class=\"GDRHkb r-iToPdYQxwttY\"><span class=\"w8qArf\">\u0110i\u1ec7n tho\u1ea1i:\u00a0<\/span><span class=\"LrzXr zdqRlf kno-fv\"><span data-dtype=\"d3ifr\" data-local-attribute=\"d3ph\">098 994 14 25<\/span><\/span><\/div>\n<\/div>\n<\/div>\n<\/div>\n<\/div>\n<\/div>\n<div class=\"mod\" lang=\"vi-US\" data-attrid=\"kc:\/collection\/knowledge_panels\/has_phone:phone\" data-md=\"1006\" data-hveid=\"CAEQLQ\" data-ved=\"2ahUKEwj8n5v-iJPkAhWJF3IKHd_3CFgQkCkoBDAFegQIARAt\">\n<div class=\"Z1hOCe\">\n<div class=\"zloOqf PZPZlf kno-fb-ctx\" data-dtype=\"d3ifr\" data-local-attribute=\"d3ph\" data-ved=\"2ahUKEwj8n5v-iJPkAhWJF3IKHd_3CFgQ8I0BKAAwBXoECAEQLg\">\n<div class=\"GDRHkb r-ifgCrwn106k0\"><span class=\"w8qArf\">T\u1ec9nh:\u00a0<\/span><span class=\"LrzXr kno-fv\">Qu\u1ea3ng Nam<\/span><\/div>\n<\/div>\n<\/div>\n<\/div>\n<\/div>\n<\/div>\n<\/div>\n<\/div>\n<\/div>\n","protected":false},"excerpt":{"rendered":"<div><img loading=\"lazy\" decoding=\"async\" src=\"http:\/\/www.thangbinh.quangnam.gov.vn\/Portals\/0\/HinhAnh\/Du_lich_Thang_Binh\/Lang_nghe\/Langhuong_1.jpg\" alt=\"\" width=\"389\" height=\"306\" \/><\/div>\n<div>\u00a0\u00a0\u00a0\u00a0 L\u00e0ng h\u01b0\u01a1ng Qu\u00e1n H\u01b0\u01a1ng n\u1eb1m tr\u00ean qu\u1ed1c l\u1ed9 1A, c\u00e1ch ng\u00e3 t\u01b0 H\u00e0 Lam kho\u1ea3ng 1km v\u1ec1 ph\u00eda Nam.<br \/>\nC\u00f3 m\u1ed9t l\u00e0ng ngh\u1ec1 ra \u0111\u1eddi c\u00e1ch \u0111\u00e2y 250 n\u0103m, tr\u1ea3i qua c\u00e1c giai \u0111o\u1ea1n th\u0103ng tr\u1ea7m c\u1ee7a l\u1ecbch s\u1eed, c\u01b0 d\u00e2n n\u01a1i \u0111\u00e2y v\u1eabn duy tr\u00ec v\u00e0 ph\u00e1t tri\u1ec3n l\u00e0ng ngh\u1ec1, b\u1edfi\u00a0 ngh\u1ec1 n\u00e0y \u0111\u00e3 mang l\u1ea1i hi\u1ec7u qu\u1ea3 kinh t\u1ebf \u0111\u00e1ng k\u1ec3, t\u1ea1o vi\u1ec7c l\u00e0m v\u00e0 t\u0103ng thu nh\u1eadp cho n\u00f4ng d\u00e2n khi m\u00f9a v\u1ee5 nh\u00e0n r\u1ed7i. \u0110\u00f3 l\u00e0 ngh\u1ec1 l\u00e0m h\u01b0\u01a1ng \u1edf \u00a0Khu ph\u1ed1 4, th\u1ecb tr\u1ea5n H\u00e0 Lam, huy\u1ec7n Th\u0103ng B\u00ecnh, t\u1ec9nh Qu\u1ea3ng Nam, ng\u01b0\u1eddi d\u00e2n c\u00f2n g\u1ecdi l\u00e0 l\u00e0ng Qu\u00e1n H\u01b0\u01a1ng.<br \/>\nHi\u1ec7n nay, c\u00f3 5 c\u01a1 s\u1edf \u0111\u00f3ng t\u1ea1i l\u00e0ng ngh\u1ec1 v\u1eeba xay b\u1ed9t nguy\u00ean li\u1ec7u, v\u1eeba kinh doanh c\u00e1c lo\u1ea1i b\u1ed9t nguy\u00ean li\u1ec7u kh\u00e1c do ch\u01b0a s\u1ea3n xu\u1ea5t \u0111\u01b0\u1ee3c \u0111\u1ec3 cung c\u1ea5p cho nhu c\u1ea7u s\u1ea3n xu\u1ea5t h\u01b0\u01a1ng c\u1ee7a c\u00e1c h\u1ed9. V\u1edbi s\u1ea3n l\u01b0\u1ee3ng cung c\u1ea5p h\u00e0ng th\u00e1ng l\u00e0 480 t\u1ea5n g\u1ed3m: b\u1ed9t qu\u1ebf, b\u1ed9t keo, b\u1ed9t c\u01b0a v\u00e0 c\u00e1c lo\u1ea1i b\u1ed9t kh\u00e1c. Ngo\u00e0i ra, c\u00f2n cung c\u1ea5p c\u00e1c nguy\u00ean li\u1ec7u kh\u00e1c nh\u01b0: c\u00e2y chu v\u00e0 nh\u00e3n m\u00e1c cho c\u00e1c h\u1ed9 trong l\u00e0ng ngh\u1ec1. Th\u1ecb tr\u01b0\u1eddng ti\u00eau th\u1ee5 ch\u1ee7 y\u1ebfu \u1edf huy\u1ec7n Th\u0103ng B\u00ecnh, t\u1ec9nh Qu\u1ea3ng Nam v\u00e0 c\u00e1c t\u1ec9nh T\u00e2y Nguy\u00ean, \u0110\u1ed3ng Nai, m\u1ed9t s\u1ed1 xu\u1ea5t kh\u1ea9u sang L\u00e0o v\u00e0 Campuchia.<\/p>\n<div><img loading=\"lazy\" decoding=\"async\" class=\"\" src=\"http:\/\/www.thangbinh.quangnam.gov.vn\/Portals\/0\/HinhAnh\/Du_lich_Thang_Binh\/Lang_nghe\/Langhuong_2.jpg\" alt=\"\" width=\"316\" height=\"237\" \/><\/div>\n<div>\u00a0<img loading=\"lazy\" decoding=\"async\" class=\"\" src=\"http:\/\/www.thangbinh.quangnam.gov.vn\/Portals\/0\/HinhAnh\/Du_lich_Thang_Binh\/Lang_nghe\/Langhuong_3.jpg\" alt=\"\" width=\"338\" height=\"254\" \/><\/div>\n<div><img loading=\"lazy\" decoding=\"async\" class=\"\" src=\"http:\/\/www.thangbinh.quangnam.gov.vn\/Portals\/0\/HinhAnh\/Du_lich_Thang_Binh\/Lang_nghe\/Langhuong_4.jpg\" alt=\"\" width=\"341\" height=\"256\" \/><\/div>\n<div>\u00a0\u00a0<img loading=\"lazy\" decoding=\"async\" class=\"\" src=\"http:\/\/www.thangbinh.quangnam.gov.vn\/Portals\/0\/HinhAnh\/Du_lich_Thang_Binh\/Lang_nghe\/Langhuong_5.jpg\" alt=\"\" width=\"313\" height=\"235\" \/><\/div>\n<div><em>\u1ea2nh: c\u00e1c c\u00f4ng \u0111o\u1ea1n l\u00e0m h\u01b0\u01a1ng<\/em><\/div>\n<\/div>\n","protected":false},"featured_media":717,"comment_status":"open","ping_status":"closed","template":"","meta":[],"_links":{"self":[{"href":"https:\/\/vphcheck.com\/index.php\/wp-json\/wp\/v2\/product\/716"}],"collection":[{"href":"https:\/\/vphcheck.com\/index.php\/wp-json\/wp\/v2\/product"}],"about":[{"href":"https:\/\/vphcheck.com\/index.php\/wp-json\/wp\/v2\/types\/product"}],"replies":[{"embeddable":true,"href":"https:\/\/vphcheck.com\/index.php\/wp-json\/wp\/v2\/comments?post=716"}],"wp:featuredmedia":[{"embeddable":true,"href":"https:\/\/vphcheck.com\/index.php\/wp-json\/wp\/v2\/media\/717"}],"wp:attachment":[{"href":"https:\/\/vphcheck.com\/index.php\/wp-json\/wp\/v2\/media?parent=716"}],"curies":[{"name":"wp","href":"https:\/\/api.w.org\/{rel}","templated":true}]}}