{"id":678,"date":"2019-07-15T15:04:45","date_gmt":"2019-07-15T15:04:45","guid":{"rendered":"http:\/\/vphcheck.com\/?post_type=product&#038;p=678"},"modified":"2021-08-31T04:45:44","modified_gmt":"2021-08-31T04:45:44","slug":"yen-to-tinh-che-say-kho-yen-sao-dat-quang","status":"publish","type":"product","link":"https:\/\/vphcheck.com\/index.php\/san-pham\/yen-to-tinh-che-say-kho-yen-sao-dat-quang\/","title":{"rendered":"Y\u1ebfn t\u1ed5 tinh ch\u1ebf s\u1ea5y kh\u00f4- Y\u1ebfn S\u00e0o \u0110\u1ea5t Qu\u1ea3ng"},"content":{"rendered":"<p>S\u1ea3n xu\u1ea5t t\u1ea1i C\u00f4ng ty TNHH MTV Y\u1ebfn S\u00e0o \u0110\u1ea5t Qu\u1ea3ng<\/p>\n<p>\u0110\u1ecba ch\u1ec9: t\u1ed5 2, th\u00f4n Tr\u00e0 \u0110\u00f3a, x\u00e3 B\u00ecnh \u0110\u00e0o, huy\u1ec7n Th\u0103ng B\u00ecnh, t\u1ec9nh Qu\u1ea3ng Nam, Vi\u1ec7t Nam.<\/p>\n<p>Website: yensaodatquang.vn<\/p>\n<p>\u0110i\u1ec7n tho\u1ea1i: 0235 875 123 &#8211; 0973799915<\/p>\n<p>Facebook: fb.com\/yensaodatquang.vn &#8211; zalo: 0914 758 179<\/p>\n<p>Th\u00e0nh ph\u1ea7n:100% t\u1ed5 Y\u1ebfn nguy\u00ean ch\u1ea5t \u0111\u01b0\u1ee3c tinh ch\u1ebf t\u1eeb t\u1ed5 y\u1ebfn tr\u00ean \u0111\u00e1 t\u1ef1 nhi\u00ean khai th\u00e1c t\u1eeb h\u1ec7 th\u1ed1ng hang y\u1ebfn nh\u00e2n t\u1ea1o c\u1ee7a c\u00f4ng ty Y\u1ebfn S\u00e0o \u0110\u1ea5t Qu\u1ea3ng.<\/p>\n<p>H\u01b0\u1edbng d\u1eabn s\u1eed d\u1ee5ng:<\/p>\n<p>Kh\u1ea9u ph\u1ea7n cho m\u1ed9t ng\u01b0\u1eddi \u0103n:<\/p>\n<p>L\u1ea5y 2,5 gr y\u1ebfn (t\u01b0\u01a1ng \u0111\u01b0\u01a1ng v\u1edbi 1\/4 t\u1ed5 y\u1ebfn) cho v\u00e0o ch\u00e9n ho\u1eb7c l\u1ecd + 1 l\u00e1t nh\u1ecf g\u1eebng t\u01b0\u01a1i + 100ml n\u01b0\u1edbc s\u00f4i, ch\u01b0ng c\u00e1ch th\u1ee7y 30 ph\u00fat, t\u1eaft l\u1eeda th\u00eam \u0111\u01b0\u1eddng v\u00e0o l\u00e0 d\u00f9ng \u0111\u01b0\u1ee3c. C\u00f3 th\u1ec3 d\u00f9ng chung v\u1edbi h\u1ea1t sen, t\u00e1o \u0111\u1ecf, g\u00e0,&#8230; (\u0111\u00e3 \u0111\u01b0\u1ee3c ch\u1ebf bi\u1ebfn ch\u00edn tr\u01b0\u1edbc)<\/p>\n<p>Li\u1ec1u d\u00f9ng<\/p>\n<p>Tr\u1ebb em t\u1eeb 1 tu\u1ed5i tr\u1edf l\u00ean d\u00f9ng m\u1ed7i ng\u00e0y\u00a0 1 ph\u1ea7n 2,5 gr y\u1ebfn<\/p>\n<p>C\u00e1ch b\u1ea3o qu\u1ea3n<\/p>\n<p>B\u1ea3o qu\u1ea3n s\u1ea3n ph\u1ea9m \u1edf n\u01a1i kh\u00f4 r\u00e1o tho\u00e1ng m\u00e1t, tr\u00e1nh \u00e1nh n\u1eafng tr\u1ef1c ti\u1ebfp.<\/p>\n<p>C\u1ea3nh b\u00e1o:<\/p>\n<p>Kh\u00f4ng s\u1eed d\u1ee5ng s\u1ea3n ph\u1ea9m khi h\u1ebft h\u1ea1n s\u1eed d\u1ee5ng.<\/p>\n<p><img loading=\"lazy\" decoding=\"async\" class=\"alignnone size-medium wp-image-757\" src=\"http:\/\/vphcheck.com\/wp-content\/uploads\/2019\/07\/Capture-300x297.png\" alt=\"\" width=\"300\" height=\"297\" \/><\/p>\n","protected":false},"excerpt":{"rendered":"<p>100% t\u1ed5 Y\u1ebfn nguy\u00ean ch\u1ea5t \u0111\u01b0\u1ee3c tinh ch\u1ebf t\u1eeb t\u1ed5 y\u1ebfn tr\u00ean \u0111\u00e1 t\u1ef1 nhi\u00ean khai th\u00e1c t\u1eeb h\u1ec7 th\u1ed1ng hang y\u1ebfn nh\u00e2n t\u1ea1o c\u1ee7a c\u00f4ng ty Y\u1ebfn S\u00e0o \u0110\u1ea5t Qu\u1ea3ng.<\/p>\n<p><iframe loading=\"lazy\" src=\"https:\/\/www.youtube.com\/embed\/WZ8GlVDt62M\" width=\"380\" height=\"315\" frameborder=\"0\" allowfullscreen=\"allowfullscreen\"><\/iframe><\/p>\n","protected":false},"featured_media":751,"comment_status":"open","ping_status":"closed","template":"","meta":[],"_links":{"self":[{"href":"https:\/\/vphcheck.com\/index.php\/wp-json\/wp\/v2\/product\/678"}],"collection":[{"href":"https:\/\/vphcheck.com\/index.php\/wp-json\/wp\/v2\/product"}],"about":[{"href":"https:\/\/vphcheck.com\/index.php\/wp-json\/wp\/v2\/types\/product"}],"replies":[{"embeddable":true,"href":"https:\/\/vphcheck.com\/index.php\/wp-json\/wp\/v2\/comments?post=678"}],"wp:featuredmedia":[{"embeddable":true,"href":"https:\/\/vphcheck.com\/index.php\/wp-json\/wp\/v2\/media\/751"}],"wp:attachment":[{"href":"https:\/\/vphcheck.com\/index.php\/wp-json\/wp\/v2\/media?parent=678"}],"curies":[{"name":"wp","href":"https:\/\/api.w.org\/{rel}","templated":true}]}}