{"id":665,"date":"2019-07-15T14:49:58","date_gmt":"2019-07-15T14:49:58","guid":{"rendered":"http:\/\/vphcheck.com\/?post_type=product&#038;p=665"},"modified":"2021-08-31T04:46:22","modified_gmt":"2021-08-31T04:46:22","slug":"yen-vien-say-kho-yen-sao-dat-quang","status":"publish","type":"product","link":"https:\/\/vphcheck.com\/index.php\/san-pham\/yen-vien-say-kho-yen-sao-dat-quang\/","title":{"rendered":"Y\u1ebfn Vi\u00ean S\u1ea5y Kh\u00f4 &#8211; Y\u1ebfn S\u00e0o \u0110\u1ea5t Qu\u1ea3ng"},"content":{"rendered":"<ul>\n<li>Y\u1ebfn tr\u00ean \u0110\u00e1 c\u00f3 Ngu\u1ed3n G\u1ed1c t\u1eeb h\u1ec7 th\u1ed1ng hang \u0111\u1ed9ng nh\u00e2n t\u1ea1o (Nh\u00e0 Y\u1ebfn) x\u00e2y d\u1ef1ng chu\u1ea9n theo C\u00f4ng Ngh\u1ec7 \u0110\u00e1 T\u1ef1 Nhi\u00ean c\u1ee7a Y\u1ebfn S\u00e0o \u0110\u1ea5t Qu\u1ea3ng.<\/li>\n<li>Y\u1ebfn S\u01a1 Ch\u1ebf 100% nguy\u00ean ch\u1ea5t v\u00e0 l\u00e0m theo lo\u1ea1i m\u00e0 kh\u00e1ch h\u00e0ng y\u00eau c\u1ea7u. Ho\u00e0n to\u00e0n kh\u00f4ng c\u00f3 c\u00e1c th\u00e0nh ph\u1ea7n kh\u00e1c.<\/li>\n<\/ul>\n<p style=\"text-align: center;\"><img loading=\"lazy\" decoding=\"async\" class=\"alignnone wp-image-670\" src=\"http:\/\/vphcheck.com\/wp-content\/uploads\/2019\/07\/vien1.jpg\" alt=\"\" width=\"350\" height=\"233\" srcset=\"https:\/\/vphcheck.com\/wp-content\/uploads\/2019\/07\/vien1.jpg 960w, https:\/\/vphcheck.com\/wp-content\/uploads\/2019\/07\/vien1-300x200.jpg 300w, https:\/\/vphcheck.com\/wp-content\/uploads\/2019\/07\/vien1-768x512.jpg 768w\" sizes=\"(max-width: 350px) 100vw, 350px\" \/><\/p>\n<p style=\"text-align: center;\"><img loading=\"lazy\" decoding=\"async\" class=\"alignnone wp-image-668\" src=\"http:\/\/vphcheck.com\/wp-content\/uploads\/2019\/07\/vien-4-1024x683.jpg\" alt=\"\" width=\"350\" height=\"233\" srcset=\"https:\/\/vphcheck.com\/wp-content\/uploads\/2019\/07\/vien-4-1024x683.jpg 1024w, https:\/\/vphcheck.com\/wp-content\/uploads\/2019\/07\/vien-4-300x200.jpg 300w, https:\/\/vphcheck.com\/wp-content\/uploads\/2019\/07\/vien-4-768x512.jpg 768w, https:\/\/vphcheck.com\/wp-content\/uploads\/2019\/07\/vien-4.jpg 1920w\" sizes=\"(max-width: 350px) 100vw, 350px\" \/><\/p>\n<p style=\"text-align: center;\"><img loading=\"lazy\" decoding=\"async\" class=\"alignnone wp-image-667\" src=\"http:\/\/vphcheck.com\/wp-content\/uploads\/2019\/07\/vien-3-1024x683.jpg\" alt=\"\" width=\"350\" height=\"233\" srcset=\"https:\/\/vphcheck.com\/wp-content\/uploads\/2019\/07\/vien-3-1024x683.jpg 1024w, https:\/\/vphcheck.com\/wp-content\/uploads\/2019\/07\/vien-3-300x200.jpg 300w, https:\/\/vphcheck.com\/wp-content\/uploads\/2019\/07\/vien-3-768x512.jpg 768w, https:\/\/vphcheck.com\/wp-content\/uploads\/2019\/07\/vien-3.jpg 1920w\" sizes=\"(max-width: 350px) 100vw, 350px\" \/><\/p>\n<p style=\"text-align: center;\"><img loading=\"lazy\" decoding=\"async\" class=\"alignnone wp-image-666\" src=\"http:\/\/vphcheck.com\/wp-content\/uploads\/2019\/07\/vien-2.jpg\" alt=\"\" width=\"350\" height=\"233\" srcset=\"https:\/\/vphcheck.com\/wp-content\/uploads\/2019\/07\/vien-2.jpg 960w, https:\/\/vphcheck.com\/wp-content\/uploads\/2019\/07\/vien-2-300x200.jpg 300w, https:\/\/vphcheck.com\/wp-content\/uploads\/2019\/07\/vien-2-768x512.jpg 768w\" sizes=\"(max-width: 350px) 100vw, 350px\" \/><\/p>\n","protected":false},"excerpt":{"rendered":"<table class=\"w3-table-all\">\n<thead>\n<tr class=\"w3-blue\">\n<th colspan=\"2\">Th\u00f4ng tin s\u1ea3n ph\u1ea9m<\/th>\n<\/tr>\n<\/thead>\n<tbody>\n<tr>\n<td width=\"122\">T\u00ean s\u1ea3n ph\u1ea9m<\/td>\n<td width=\"228\">Y\u1ebfn Vi\u00ean tinh ch\u1ebf S\u1ea5y Kh\u00f4<\/td>\n<\/tr>\n<tr>\n<td>Th\u00e0nh ph\u1ea7n<\/td>\n<td>Y\u1ebfn S\u01a1 Ch\u1ebf 100% nguy\u00ean ch\u1ea5t<\/td>\n<\/tr>\n<tr>\n<td>Ng\u00e0y s\u1ea3n xu\u1ea5t<\/td>\n<td>Xem tr\u00ean bao b\u00ec<\/td>\n<\/tr>\n<tr>\n<td>Th\u1eddi h\u1ea1n s\u1eed d\u1ee5ng<\/td>\n<td>01 n\u0103m k\u1ec3 t\u1eeb NSX<\/td>\n<\/tr>\n<tr>\n<td>Tr\u1ecdng l\u01b0\u1ee3ng<\/td>\n<td>100gam<\/td>\n<\/tr>\n<tr>\n<td>H\u01b0\u1edbng d\u1eabn s\u1eed d\u1ee5ng<\/td>\n<td>Ch\u01b0ng kho\u1ea3ng 30 ph\u00fat l\u00e0 c\u00f3 th\u1ec3 d\u00f9ng \u0111\u01b0\u1ee3c.<\/td>\n<\/tr>\n<tr>\n<td>B\u1ea3o qu\u1ea3n<\/td>\n<td>Y\u1ebfn S\u00e0o \u0111\u01b0\u1ee3c tinh ch\u1ebf v\u00e0 s\u1ea5y kh\u00f4 \u0111\u1ec3 b\u1ea3o qu\u1ea3n \u0111\u01b0\u1ee3c l\u00e2u h\u01a1n.<\/td>\n<\/tr>\n<tr>\n<th class=\"w3-blue\" colspan=\"2\">Th\u00f4ng tin \u0111\u01a1n v\u1ecb \/ nh\u00e0 s\u1ea3n xu\u1ea5t<\/th>\n<\/tr>\n<tr>\n<td>T\u00ean \u0111\u01a1n v\u1ecb:<\/td>\n<td width=\"228\"><b>C\u00f4ng ty TNHH MTV Y\u1ebfn S\u00e0o \u0110\u1ea5t Qu\u1ea3ng<\/b><\/td>\n<\/tr>\n<tr>\n<td>Qu\u1ed1c gia:<\/td>\n<td>Vi\u1ec7t Nam<\/td>\n<\/tr>\n<tr>\n<td>T\u1ec9nh \/th\u00e0nh :<\/td>\n<td>Qu\u1ea3ng Nam<\/td>\n<\/tr>\n<tr>\n<td>\u0110\u1ecba ch\u1ec9 li\u00ean l\u1ea1c:<\/td>\n<td>Th\u00f4n Tr\u00e0 \u0110\u00f3a, x\u00e3 B\u00ecnh \u0110\u00e0o, huy\u1ec7n Th\u0103ng b\u00ecnh, t\u1ec9nh Qu\u1ea3ng Nam<\/td>\n<\/tr>\n<tr>\n<td>\u0110i\u1ec7n tho\u1ea1i:<\/td>\n<td>0914758179 &#8211;\u00a00973799915<\/td>\n<\/tr>\n<tr>\n<td>Email\/website<\/td>\n<td>LongYen@YenSaoDatQuang.vn<\/td>\n<\/tr>\n<tr>\n<td>MST<\/td>\n<td>4001040242<\/td>\n<\/tr>\n<tr>\n<th class=\"w3-blue\" colspan=\"2\">Th\u00f4ng tin nguy\u00ean li\u1ec7u<\/th>\n<\/tr>\n<tr>\n<td>T\u00ean nguy\u00ean li\u1ec7u<\/td>\n<td>\n<ul>\n<li>Y\u1ebfn tr\u00ean \u0110\u00e1 c\u00f3 Ngu\u1ed3n G\u1ed1c t\u1eeb h\u1ec7 th\u1ed1ng hang \u0111\u1ed9ng nh\u00e2n t\u1ea1o (Nh\u00e0 Y\u1ebfn) x\u00e2y d\u1ef1ng chu\u1ea9n theo C\u00f4ng Ngh\u1ec7 \u0110\u00e1 T\u1ef1 Nhi\u00ean c\u1ee7a Y\u1ebfn S\u00e0o \u0110\u1ea5t Qu\u1ea3ng.<\/li>\n<li>Y\u1ebfn S\u01a1 Ch\u1ebf 100% nguy\u00ean ch\u1ea5t v\u00e0 l\u00e0m theo lo\u1ea1i m\u00e0 kh\u00e1ch h\u00e0ng y\u00eau c\u1ea7u. Ho\u00e0n to\u00e0n kh\u00f4ng c\u00f3 c\u00e1c th\u00e0nh ph\u1ea7n kh\u00e1c.<\/li>\n<\/ul>\n<\/td>\n<\/tr>\n<\/tbody>\n<\/table>\n<p>\n<iframe loading=\"lazy\" width=\"360\" height=\"360\" src=\"https:\/\/www.youtube.com\/embed\/WZ8GlVDt62M\" frameborder=\"0\" allow=\"accelerometer; autoplay; encrypted-media; gyroscope; picture-in-picture\" allowfullscreen><\/iframe><br \/>\nB\u1ea2N \u0110\u1ed2 TRUY XU\u1ea4T<br \/>\n<iframe loading=\"lazy\" style=\"border: 0;\" src=\"https:\/\/www.google.com\/maps\/embed?pb=!1m14!1m8!1m3!1d3839.8259890916515!2d108.4011!3d15.760342!3m2!1i1024!2i768!4f13.1!3m3!1m2!1s0x0%3A0x45f1ce529633c23!2zWeG6v24gU8OgbyDEkOG6pXQgUXXhuqNuZw!5e0!3m2!1sen!2sus!4v1558363471141!5m2!1sen!2sus\" width=\"350\" height=\"400\" frameborder=\"0\" allowfullscreen=\"allowfullscreen\"><\/iframe><\/p>\n","protected":false},"featured_media":669,"comment_status":"open","ping_status":"closed","template":"","meta":[],"_links":{"self":[{"href":"https:\/\/vphcheck.com\/index.php\/wp-json\/wp\/v2\/product\/665"}],"collection":[{"href":"https:\/\/vphcheck.com\/index.php\/wp-json\/wp\/v2\/product"}],"about":[{"href":"https:\/\/vphcheck.com\/index.php\/wp-json\/wp\/v2\/types\/product"}],"replies":[{"embeddable":true,"href":"https:\/\/vphcheck.com\/index.php\/wp-json\/wp\/v2\/comments?post=665"}],"wp:featuredmedia":[{"embeddable":true,"href":"https:\/\/vphcheck.com\/index.php\/wp-json\/wp\/v2\/media\/669"}],"wp:attachment":[{"href":"https:\/\/vphcheck.com\/index.php\/wp-json\/wp\/v2\/media?parent=665"}],"curies":[{"name":"wp","href":"https:\/\/api.w.org\/{rel}","templated":true}]}}