{"id":643,"date":"2019-05-16T09:02:43","date_gmt":"2019-05-16T09:02:43","guid":{"rendered":"http:\/\/vphcheck.com\/?post_type=product&#038;p=643"},"modified":"2021-11-17T01:02:23","modified_gmt":"2021-11-17T01:02:23","slug":"ruou-lua-ray-bac-tra-my-thai-hoa-2","status":"publish","type":"product","link":"https:\/\/vphcheck.com\/index.php\/san-pham\/ruou-lua-ray-bac-tra-my-thai-hoa-2\/","title":{"rendered":"R\u01b0\u1ee3u L\u00faa r\u1eaby B\u1eafc Tr\u00e0 My &#8211; Th\u00e1i H\u00f2a"},"content":{"rendered":"<ul>\n<li><strong>S\u1ea2N PH\u1ea8M \u0110\u1ea0T 3* theo quy\u1ebft \u0111\u1ecbnh s\u1ed1 365 c\u1ee7a UBND t\u1ec9nh Qu\u1ea3ng Nam<\/strong><\/li>\n<li>S\u1ea3n ph\u1ea9m c\u1ee7a:CSSX R\u01b0\u1ee3u l\u00faa r\u1eaby B\u1eafc Tr\u00e0 My &#8211; Th\u00e1i H\u00f2a<\/li>\n<li>\u0110c: Th\u00f4n 1, Tr\u00e0 T\u00e2n, B\u1eafc Tr\u00e0 My, Qu\u1ea3ng Nam<\/li>\n<li>\u0110T: 034.941.8116 &#8211; 098.777.6463<\/li>\n<li>Email: tranngochoatratan@gmail.com<\/li>\n<\/ul>\n<p><img loading=\"lazy\" decoding=\"async\" class=\"size-full wp-image-645 aligncenter\" src=\"http:\/\/vphcheck.com\/wp-content\/uploads\/2019\/05\/10-ruoou-thai-hoa.jpg\" alt=\"\" width=\"450\" height=\"225\" srcset=\"https:\/\/vphcheck.com\/wp-content\/uploads\/2019\/05\/10-ruoou-thai-hoa.jpg 450w, https:\/\/vphcheck.com\/wp-content\/uploads\/2019\/05\/10-ruoou-thai-hoa-300x150.jpg 300w\" sizes=\"(max-width: 450px) 100vw, 450px\" \/><\/p>\n","protected":false},"excerpt":{"rendered":"<p><img loading=\"lazy\" decoding=\"async\" class=\"alignnone wp-image-591 aligncenter\" src=\"http:\/\/vphcheck.com\/wp-content\/uploads\/2019\/01\/1.jpg\" alt=\"\" width=\"334\" height=\"247\" srcset=\"https:\/\/vphcheck.com\/wp-content\/uploads\/2019\/01\/1.jpg 612w, https:\/\/vphcheck.com\/wp-content\/uploads\/2019\/01\/1-300x222.jpg 300w\" sizes=\"(max-width: 334px) 100vw, 334px\" \/><\/p>\n<p style=\"text-align: center;\"><img loading=\"lazy\" decoding=\"async\" class=\"alignnone wp-image-592\" src=\"http:\/\/vphcheck.com\/wp-content\/uploads\/2019\/01\/2.jpg\" alt=\"\" width=\"314\" height=\"239\" srcset=\"https:\/\/vphcheck.com\/wp-content\/uploads\/2019\/01\/2.jpg 593w, https:\/\/vphcheck.com\/wp-content\/uploads\/2019\/01\/2-300x229.jpg 300w\" sizes=\"(max-width: 314px) 100vw, 314px\" \/><\/p>\n<p><img loading=\"lazy\" decoding=\"async\" class=\"wp-image-593 aligncenter\" src=\"http:\/\/vphcheck.com\/wp-content\/uploads\/2019\/01\/3.jpg\" alt=\"\" width=\"330\" height=\"216\" srcset=\"https:\/\/vphcheck.com\/wp-content\/uploads\/2019\/01\/3.jpg 550w, https:\/\/vphcheck.com\/wp-content\/uploads\/2019\/01\/3-300x196.jpg 300w\" sizes=\"(max-width: 330px) 100vw, 330px\" \/><\/p>\n<p><img loading=\"lazy\" decoding=\"async\" class=\"alignnone wp-image-594 aligncenter\" src=\"http:\/\/vphcheck.com\/wp-content\/uploads\/2019\/01\/4.jpg\" alt=\"\" width=\"339\" height=\"254\" srcset=\"https:\/\/vphcheck.com\/wp-content\/uploads\/2019\/01\/4.jpg 960w, https:\/\/vphcheck.com\/wp-content\/uploads\/2019\/01\/4-300x225.jpg 300w, https:\/\/vphcheck.com\/wp-content\/uploads\/2019\/01\/4-768x576.jpg 768w\" sizes=\"(max-width: 339px) 100vw, 339px\" \/><\/p>\n","protected":false},"featured_media":0,"comment_status":"open","ping_status":"closed","template":"","meta":[],"_links":{"self":[{"href":"https:\/\/vphcheck.com\/index.php\/wp-json\/wp\/v2\/product\/643"}],"collection":[{"href":"https:\/\/vphcheck.com\/index.php\/wp-json\/wp\/v2\/product"}],"about":[{"href":"https:\/\/vphcheck.com\/index.php\/wp-json\/wp\/v2\/types\/product"}],"replies":[{"embeddable":true,"href":"https:\/\/vphcheck.com\/index.php\/wp-json\/wp\/v2\/comments?post=643"}],"wp:attachment":[{"href":"https:\/\/vphcheck.com\/index.php\/wp-json\/wp\/v2\/media?parent=643"}],"curies":[{"name":"wp","href":"https:\/\/api.w.org\/{rel}","templated":true}]}}