{"id":641,"date":"2019-05-16T03:50:30","date_gmt":"2019-05-16T03:50:30","guid":{"rendered":"http:\/\/vphcheck.com\/?post_type=product&#038;p=641"},"modified":"2020-09-13T17:50:17","modified_gmt":"2020-09-13T17:50:17","slug":"tra-kho-qua-rung-nam-tra-my","status":"publish","type":"product","link":"https:\/\/vphcheck.com\/index.php\/san-pham\/tra-kho-qua-rung-nam-tra-my\/","title":{"rendered":"Tr\u00e0 kh\u1ed5 qua r\u1eebng Nam Tr\u00e0 My"},"content":{"rendered":"<p><center>S\u1ea3n ph\u1ea9m \u0111\u1ea1t <span style=\"color: red;\"><b>***<\/b><\/span> theo Quy\u1ebft \u0111\u1ecbnh s\u1ed1 1170\/Q\u0110-UBND ng\u00e0y 22\/04\/2019 c\u1ee7a UBND t\u1ec9nh Qu\u1ea3ng Nam<br \/>\n<img loading=\"lazy\" decoding=\"async\" class=\"alignnone  wp-image-642\" src=\"http:\/\/vphcheck.com\/wp-content\/uploads\/2019\/05\/kho-qua-rung-600x395.jpg\" alt=\"\" width=\"387\" height=\"255\" srcset=\"https:\/\/vphcheck.com\/wp-content\/uploads\/2019\/05\/kho-qua-rung-600x395.jpg 600w, https:\/\/vphcheck.com\/wp-content\/uploads\/2019\/05\/kho-qua-rung-600x395-300x198.jpg 300w\" sizes=\"(max-width: 387px) 100vw, 387px\" \/><\/center><center><\/p>\n<div class=\"icon-box featured-box icon-box-left text-left is-small\">\n<div class=\"icon-box-img\">\n<div class=\"icon\">\n<div class=\"icon-inner\"><img loading=\"lazy\" decoding=\"async\" class=\"attachment-medium \" src=\"http:\/\/thaoduocnamtramy.com\/wp-content\/uploads\/2018\/09\/icon-check.png\" alt=\"\" width=\"21\" height=\"21\" \/>\u00a0Cam k\u1ebft 100% h\u00e0ng ch\u00ednh h\u00e3ng<\/div>\n<\/div>\n<\/div>\n<\/div>\n<div class=\"icon-box featured-box icon-box-left text-left is-small\">\n<div class=\"icon-box-img\">\n<div class=\"icon\">\n<div class=\"icon-inner\"><img loading=\"lazy\" decoding=\"async\" class=\"attachment-medium \" src=\"http:\/\/thaoduocnamtramy.com\/wp-content\/uploads\/2018\/09\/icon-check.png\" alt=\"\" width=\"18\" height=\"18\" \/>\u00a0\u0110\u1ed5i tra trong 30 ng\u00e0y<\/div>\n<\/div>\n<\/div>\n<\/div>\n<div class=\"icon-box featured-box icon-box-left text-left is-small\">\n<div class=\"icon-box-img\">\n<div class=\"icon\">\n<div class=\"icon-inner\"><img loading=\"lazy\" decoding=\"async\" class=\"attachment-medium \" src=\"http:\/\/thaoduocnamtramy.com\/wp-content\/uploads\/2018\/09\/icon-check.png\" alt=\"\" width=\"19\" height=\"19\" \/>\u00a0Mi\u1ec5n ph\u00ed v\u1eadn chuy\u1ec3n<\/div>\n<\/div>\n<\/div>\n<\/div>\n<div class=\"icon-box featured-box icon-box-left text-left is-small\">\n<div class=\"icon-box-img\">\n<div class=\"icon\">\n<div class=\"icon-inner\"><img loading=\"lazy\" decoding=\"async\" class=\"attachment-medium \" src=\"http:\/\/thaoduocnamtramy.com\/wp-content\/uploads\/2018\/09\/icon-check.png\" alt=\"\" width=\"22\" height=\"22\" \/>\u00a0Khuy\u1ebfn m\u00e3i h\u1ea5p d\u1eabn<\/div>\n<\/div>\n<\/div>\n<\/div>\n<p><\/center><\/p>\n","protected":false},"excerpt":{"rendered":"<div class=\"_5aj7 _3-8j\">\n<div class=\"_5po3\">\n<div class=\"_50f7\">\n<p><em><strong>T\u00e1c d\u1ee5ng c\u1ee7a kh\u1ed5 qua r\u1eebng<\/strong>\u00a0<\/em>(hay m\u01b0\u1edbp \u0111\u1eafng r\u1eebng) c\u00f3 nhi\u1ec1u l\u1ee3i \u00edch \u0111\u1ed1i v\u1edbi s\u1ee9c kho\u1ebb, lo\u1ea1i c\u00e2y n\u00e0y c\u00f3 t\u00ean khoa h\u1ecdc l\u00e0 Momordica Charantia, m\u1ecdc hoang ph\u1ed5 bi\u1ebfn \u1edf c\u00e1c v\u00f9ng mi\u1ec1n n\u00fai trung du, r\u1eebng th\u01b0a, \u0111\u1ea5t n\u01b0\u01a1ng r\u1eaby m\u1edbi \u0111\u1ed1t d\u1ecdn. V\u00e0 th\u01b0\u1eddng th\u1ea5y nhi\u1ec1u \u1edf mi\u1ec1n \u0110\u00f4ng Nam B\u1ed9, nh\u1ea5t l\u00e0 v\u00f9ng \u0111\u1ea5t \u0111\u1ecf B\u00ecnh Long, B\u00ecnh Ph\u01b0\u1edbc v\u00e0 khu v\u1ef1c Xu\u00e2n L\u1ed9c, Long Kh\u00e1nh, \u0110\u1ed3ng Nai. L\u00e1 th\u00ec gi\u1ed1ng l\u00e1 kh\u1ed5 qua nh\u00e0, qu\u1ea3 to nh\u1ea5t ch\u1ec9 kho\u1ea3ng ng\u00f3n ch\u00e2n c\u00e1i\u00a0(xem 4 c\u00e1ch nh\u1eadn bi\u1ebft b\u00ean d\u01b0\u1edbi).<\/p>\n<h2>T\u00e1c d\u1ee5ng c\u1ee7a kh\u1ed5 qua r\u1eebng (m\u01b0\u1edbp \u0111\u1eafng r\u1eebng) tr\u1ecb b\u1ec7nh<\/h2>\n<p>M\u01b0\u1edbp \u0111\u1eafng r\u1eebng l\u00e0 lo\u1ea1i rau m\u00e1t, c\u00f3 t\u00ednh h\u00e0n, gi\u1ea3i nhi\u1ec7t c\u01a1 th\u1ec3, b\u1ed5 gan, ti\u00eau \u0111\u1ed9c, ch\u1ed1ng l\u00e3o h\u00f3a v\u00e0 ph\u00f2ng ng\u1eeba c\u00e1c b\u1ec7nh tim m\u1ea1ch, huy\u1ebft \u00e1p cao\u2026 \u0111\u1eb7c bi\u1ec7t m\u01b0\u1edbp \u0111\u1eafng r\u1eebng l\u00e0 th\u1ef1c ph\u1ea9m r\u1ea5t t\u1ed1t cho ng\u01b0\u1eddi b\u1ecb ti\u1ec3u \u0111\u01b0\u1eddng. Y h\u1ecdc hi\u1ec7n \u0111\u1ea1i c\u0169ng \u0111\u00e3 nghi\u00ean c\u1ee9u v\u00e0 t\u00ecm ra nhi\u1ec1u\u00a0<em>t\u00e1c d\u1ee5ng c\u1ee7a kh\u1ed5 qua r\u1eebng<\/em>, th\u1eadm ch\u00ed h\u1ed7 tr\u1ee3 trong vi\u1ec7c ch\u1ed1ng l\u1ea1i m\u1ed9t s\u1ed1 c\u0103n b\u1ec7nh nan y nh\u01b0 ung th\u01b0.<\/p>\n<p>C\u0169ng c\u00f3 m\u1ed9t s\u1ed1 ng\u01b0\u1eddi b\u1ea1n \u0111\u1ea7u kh\u00f4ng ch\u1ecbu \u0111\u01b0\u1ee3c v\u1ecb \u0111\u1eafng c\u1ee7a kh\u1ed5 qua, nh\u01b0ng nhi\u1ec1u ng\u01b0\u1eddi \u0103n quen ho\u1eb7c n\u1ea5u n\u01b0\u1edbc u\u1ed1ng l\u1ea1i r\u1ea5t ghi\u1ec1n.<\/p>\n<p>Ng\u01b0\u1eddi d\u00e2n \u0111\u1ecba ph\u01b0\u01a1ng th\u01b0\u1eddng h\u00e1i v\u1ec1 \u0111\u1ec3 n\u1ea5u canh, ch\u1ebf bi\u1ebfn m\u00f3n \u0103n, ho\u1eb7c ph\u01a1i kh\u00f4 n\u1ea5u n\u01b0\u1edbc u\u1ed1ng d\u1ea7n. T\u00e1c d\u1ee5ng c\u1ee7a kh\u1ed5 qua r\u1eebng h\u1ed7 tr\u1ee3 tr\u1ecb b\u1ec7nh ti\u1ec3u \u0111\u01b0\u1eddng v\u00e0 nhi\u1ec1u b\u1ec7nh nan y hi\u1ec7u qu\u1ea3, v\u1edbi h\u00e0m l\u01b0\u1ee3ng d\u01b0\u1ee1ng ch\u1ea5t cao h\u01a1n nhi\u1ec1u so v\u1edbi m\u01b0\u1edbp \u0111\u1eafng th\u01b0\u1eddng, c\u00f3 v\u1ecb \u0111\u1eafng thanh \u0111\u1eadm trong mi\u1ec7ng v\u00e0 t\u1ea1o ra d\u01b0 \u00e2m ng\u1ecdt ng\u00e0o \u0111\u1ebfn kh\u00f3 qu\u00ean.<\/p>\n<p>C\u00e1ch nh\u1eadn bi\u1ebft kh\u1ed5 qua r\u1eebng v\u1edbi kh\u1ed5 qua \u0111\u00e8o, lai<\/p>\n<ul>\n<li>1. Kh\u1ed5 qua r\u1eebng c\u00f3 gai nh\u1ecdn, tr\u00e1i to nh\u1ea5t ch\u1ec9 b\u1eb1ng \u0111\u1ea7u ng\u00f3n ch\u00e2n c\u00e1i, ph\u01a1i kh\u00f4 teo c\u00f2n nh\u01b0 vi\u00ean bi.<\/li>\n<li>2. Kh\u1ed5 qua r\u1eebng kh\u00f4 th\u01a1m m\u00fai thu\u1ed1c b\u1eafc, b\u00f3c ra th\u1ea5y c\u00e1c h\u1ea1t to.<\/li>\n<li>3. M\u01b0\u1edbp \u0111\u1eafng r\u1eebng c\u00f3 v\u1ecb \u0111\u1eafng, d\u01b0 \u00e2m ng\u1ecdt \u1edf c\u1ed5.<\/li>\n<li>4. Kh\u1ed5 qua r\u1eebng h\u1ed7 tr\u1ee3 tr\u1ecb b\u1ec7nh ti\u1ec3u \u0111\u01b0\u1eddng v\u00e0 nhi\u1ec1u nhi\u1ec1u b\u1ec7nh ti\u1ec1m \u1ea9n, c\u00f3 h\u00e0m l\u01b0\u1ee3ng ch\u1ea5t cao g\u1ea5p 4-5 l\u1ea7n kh\u1ed5 qua \u0111\u00e8o, lai.<\/li>\n<\/ul>\n<\/div>\n<\/div>\n<\/div>\n","protected":false},"featured_media":603,"comment_status":"open","ping_status":"closed","template":"","meta":[],"_links":{"self":[{"href":"https:\/\/vphcheck.com\/index.php\/wp-json\/wp\/v2\/product\/641"}],"collection":[{"href":"https:\/\/vphcheck.com\/index.php\/wp-json\/wp\/v2\/product"}],"about":[{"href":"https:\/\/vphcheck.com\/index.php\/wp-json\/wp\/v2\/types\/product"}],"replies":[{"embeddable":true,"href":"https:\/\/vphcheck.com\/index.php\/wp-json\/wp\/v2\/comments?post=641"}],"wp:featuredmedia":[{"embeddable":true,"href":"https:\/\/vphcheck.com\/index.php\/wp-json\/wp\/v2\/media\/603"}],"wp:attachment":[{"href":"https:\/\/vphcheck.com\/index.php\/wp-json\/wp\/v2\/media?parent=641"}],"curies":[{"name":"wp","href":"https:\/\/api.w.org\/{rel}","templated":true}]}}