{"id":628,"date":"2019-04-05T09:03:24","date_gmt":"2019-04-05T09:03:24","guid":{"rendered":"http:\/\/vphcheck.com\/?post_type=product&#038;p=628"},"modified":"2020-09-13T17:50:17","modified_gmt":"2020-09-13T17:50:17","slug":"tinh-bot-nghe-xu-tien-fukia","status":"publish","type":"product","link":"https:\/\/vphcheck.com\/index.php\/san-pham\/tinh-bot-nghe-xu-tien-fukia\/","title":{"rendered":"Tinh b\u1ed9t ngh\u1ec7 X\u1ee9 Ti\u00ean FUKIA"},"content":{"rendered":"<p><img loading=\"lazy\" decoding=\"async\" class=\"wp-image-762 aligncenter\" src=\"http:\/\/vphcheck.com\/wp-content\/uploads\/2019\/04\/9a95a578fde41aba43f5-1024x865.jpg\" alt=\"\" width=\"361\" height=\"305\" srcset=\"https:\/\/vphcheck.com\/wp-content\/uploads\/2019\/04\/9a95a578fde41aba43f5-1024x865.jpg 1024w, https:\/\/vphcheck.com\/wp-content\/uploads\/2019\/04\/9a95a578fde41aba43f5-300x253.jpg 300w, https:\/\/vphcheck.com\/wp-content\/uploads\/2019\/04\/9a95a578fde41aba43f5-768x649.jpg 768w\" sizes=\"(max-width: 361px) 100vw, 361px\" \/><\/p>\n<p><img loading=\"lazy\" decoding=\"async\" class=\"wp-image-761 aligncenter\" src=\"http:\/\/vphcheck.com\/wp-content\/uploads\/2019\/04\/240a30ea4f3ca862f12d-1024x768.jpg\" alt=\"\" width=\"359\" height=\"269\" srcset=\"https:\/\/vphcheck.com\/wp-content\/uploads\/2019\/04\/240a30ea4f3ca862f12d-1024x768.jpg 1024w, https:\/\/vphcheck.com\/wp-content\/uploads\/2019\/04\/240a30ea4f3ca862f12d-300x225.jpg 300w, https:\/\/vphcheck.com\/wp-content\/uploads\/2019\/04\/240a30ea4f3ca862f12d-768x576.jpg 768w\" sizes=\"(max-width: 359px) 100vw, 359px\" \/><\/p>\n","protected":false},"excerpt":{"rendered":"<p>&nbsp;<\/p>\n<table class=\"w3-table-all\">\n<thead>\n<tr class=\"w3-blue\">\n<th colspan=\"2\">Th\u00f4ng tin s\u1ea3n ph\u1ea9m<\/th>\n<\/tr>\n<\/thead>\n<tbody>\n<tr>\n<td width=\"122\">T\u00ean s\u1ea3n ph\u1ea9m<\/td>\n<td width=\"228\">Tinh b\u1ed9t ngh\u1ec7 FIKIA<\/td>\n<\/tr>\n<tr>\n<td>Th\u00e0nh ph\u1ea7n<\/td>\n<td>100% tinh b\u1ed9t ngh\u1ec7 n\u1ebfp \u0111\u1ecf nguy\u00ean ch\u1ea5t, kh\u00f4ng ch\u1ea5t b\u1ea3o qu\u1ea3n<\/td>\n<\/tr>\n<tr>\n<td>Ng\u00e0y s\u1ea3n xu\u1ea5t<\/td>\n<td>Xem tr\u00ean bao b\u00ec<\/td>\n<\/tr>\n<tr>\n<td>Th\u1eddi h\u1ea1n s\u1eed d\u1ee5ng<\/td>\n<td>18 th\u00e1ng k\u1ec3 t\u1eeb NSX<\/td>\n<\/tr>\n<tr>\n<td>Tr\u1ecdng l\u01b0\u1ee3ng<\/td>\n<td>500gam<\/td>\n<\/tr>\n<tr>\n<td>H\u01b0\u1edbng d\u1eabn s\u1eed d\u1ee5ng<\/td>\n<td>Cho 6-10gr tinh b\u1ed9t ngh\u1ec7 FuKiA (t\u01b0\u01a1ng \u0111\u01b0\u01a1ng v\u1edbi 2-3 th\u00eca c\u00e0 ph\u00ea) khu\u1ea5y v\u1edbi m\u1ed9t \u00edt n\u01b0\u1edbc \u1ea5m, d\u00f9ng 2-3 l\u1ea7n\/ng\u00e0y, d\u00f9ng k\u1ebft h\u1ee3p v\u1edbi m\u1eadt ong ho\u1eb7c s\u1eefa tu\u1ef3 v\u00e0o s\u1edf th\u00edch..<\/td>\n<\/tr>\n<tr>\n<td>\u0110\u1ed1i t\u01b0\u1ee3ng s\u1eed d\u1ee5ng<\/td>\n<td>&#8211; Ng\u01b0\u1eddi c\u1ea7n t\u0103ng c\u01b0\u1eddng s\u1ee9c \u0111\u1ec1 kh\u00e1ng.<br \/>\n&#8211; Ng\u01b0\u1eddi b\u1ecb \u0111au d\u1ea1 d\u00e0y, h\u00e0nh t\u00e1 tr\u00e0ng.<br \/>\n&#8211; Ng\u01b0\u1eddi b\u1ec7nh sau ph\u1ea9u thu\u1eadt u b\u01b0\u1edbu do<br \/>\nt\u00e1c nh\u00e2n oxy h\u00f3a g\u00e2y ra.<br \/>\n&#8211; Ng\u01b0\u1eddi \u0111ang trong qu\u00e1 tr\u00ecnh ph\u1ee5c h\u1ed3i<br \/>\nsau m\u1ed5 ch\u1ea5n th\u01b0\u01a1ng, l\u00e0m l\u00e0nh v\u1ebft<br \/>\nth\u01b0\u01a1ng v\u1ebft lo\u00e9t, ph\u1ee5 n\u1eef sau sinh.<br \/>\n&#8211; Ng\u01b0\u1eddi b\u1ecb m\u1eafc b\u1ec7nh v\u1ec1 gan, ng\u01b0\u1eddi \u0111ang<br \/>\nho\u1eb7c sau qu\u00e1 tr\u00ecnh \u0111i\u1ec1u tr\u1ecb ung th\u01b0 b\u1eb1ng<br \/>\nh\u00f3a tr\u1ecb ho\u1eb7c x\u1ea1 tr\u1ecb<\/td>\n<\/tr>\n<tr>\n<td>B\u1ea3o qu\u1ea3n<\/td>\n<td>N\u01a1i kh\u00f4 r\u00e1o tho\u00e1ng m\u00e1t, tr\u00e1nh \u00e1nh s\u00e1ng m\u1eb7t tr\u1eddi<\/td>\n<\/tr>\n<tr>\n<th class=\"w3-blue\" colspan=\"2\">Th\u00f4ng tin \u0111\u01a1n v\u1ecb \/ nh\u00e0 s\u1ea3n xu\u1ea5t<\/th>\n<\/tr>\n<tr>\n<td>T\u00ean \u0111\u01a1n v\u1ecb:<\/td>\n<td width=\"228\"><strong>C\u00d4NG TY TNHH PH\u01af\u1edaC K\u00cc AN<\/strong><\/td>\n<\/tr>\n<tr>\n<td>Qu\u1ed1c gia:<\/td>\n<td>Vi\u1ec7t Nam<\/td>\n<\/tr>\n<tr>\n<td>T\u1ec9nh \/th\u00e0nh :<\/td>\n<td>Qu\u1ea3ng Nam<\/td>\n<\/tr>\n<tr>\n<td>\u0110\u1ecba ch\u1ec9 li\u00ean l\u1ea1c:<\/td>\n<td>Th\u00f4n 4 &#8211; Ti\u00ean L\u1eadp &#8211; Ti\u00ean Ph\u01b0\u1edbc &#8211; Qu\u1ea3ng Nam &#8211; Vi\u1ec7t Nam<\/td>\n<\/tr>\n<tr>\n<td>Gi\u00e1m \u0111\u1ed1c<\/td>\n<td>Nguy\u1ec5n Th\u1ecb Ng\u1ecdc Nga<\/td>\n<\/tr>\n<tr>\n<td>Di \u0111\u1ed9ng \/ Zalo<\/td>\n<td>0968489027<\/td>\n<\/tr>\n<tr>\n<td>Website:<\/td>\n<td>phuockian.com.vn<\/td>\n<\/tr>\n<tr>\n<th class=\"w3-blue\" colspan=\"2\">Th\u00f4ng tin nguy\u00ean li\u1ec7u<\/th>\n<\/tr>\n<tr>\n<td>T\u00ean nguy\u00ean li\u1ec7u<\/td>\n<td>100% tinh b\u1ed9t ngh\u1ec7 n\u1ebfp \u0111\u1ecf nguy\u00ean ch\u1ea5t, kh\u00f4ng ch\u1ea5t b\u1ea3o qu\u1ea3n<\/td>\n<\/tr>\n<tr>\n<td>V\u00f9ng tr\u1ed3ng<\/td>\n<td>Ti\u00ean Ph\u01b0\u1edbc- Qu\u1ea3ng Nam<\/td>\n<\/tr>\n<\/tbody>\n<\/table>\n","protected":false},"featured_media":760,"comment_status":"open","ping_status":"closed","template":"","meta":[],"_links":{"self":[{"href":"https:\/\/vphcheck.com\/index.php\/wp-json\/wp\/v2\/product\/628"}],"collection":[{"href":"https:\/\/vphcheck.com\/index.php\/wp-json\/wp\/v2\/product"}],"about":[{"href":"https:\/\/vphcheck.com\/index.php\/wp-json\/wp\/v2\/types\/product"}],"replies":[{"embeddable":true,"href":"https:\/\/vphcheck.com\/index.php\/wp-json\/wp\/v2\/comments?post=628"}],"wp:featuredmedia":[{"embeddable":true,"href":"https:\/\/vphcheck.com\/index.php\/wp-json\/wp\/v2\/media\/760"}],"wp:attachment":[{"href":"https:\/\/vphcheck.com\/index.php\/wp-json\/wp\/v2\/media?parent=628"}],"curies":[{"name":"wp","href":"https:\/\/api.w.org\/{rel}","templated":true}]}}