{"id":527,"date":"2018-12-22T14:07:46","date_gmt":"2018-12-22T14:07:46","guid":{"rendered":"http:\/\/vphcheck.com\/?post_type=product&#038;p=527"},"modified":"2020-09-13T17:50:44","modified_gmt":"2020-09-13T17:50:44","slug":"vn-da-thanh-mart-nuoc-bao-ngu","status":"publish","type":"product","link":"https:\/\/vphcheck.com\/index.php\/san-pham\/vn-da-thanh-mart-nuoc-bao-ngu\/","title":{"rendered":"VN \u0110\u00e0 Th\u00e0nh Mart &#8211; N\u01b0\u1edbc B\u00e0o Ng\u01b0"},"content":{"rendered":"<p><img loading=\"lazy\" decoding=\"async\" class=\" wp-image-503 aligncenter\" src=\"http:\/\/vphcheck.com\/wp-content\/uploads\/2018\/11\/vndt.jpg\" alt=\"\" width=\"355\" height=\"152\" \/><\/p>\n<blockquote>\n<p style=\"text-align: center;\">S\u1ea3n ph\u1ea9m \u0111\u01b0\u1ee3c ph\u00e2n ph\u1ed1i ch\u00ednh h\u00e3ng b\u1edfi VN \u0110\u00e0 Th\u00e0nh Mart<\/p>\n<\/blockquote>\n","protected":false},"excerpt":{"rendered":"<ul>\n<li>T\u00ean s\u1ea3n ph\u1ea9m: N\u1ea5m b\u00e0o ng\u01b0<\/li>\n<li>T\u00ean nh\u00e0 s\u1ea3n xu\u1ea5t: HTX n\u00f4ng nghi\u1ec7p Thu B\u1ed3n<\/li>\n<li>\u0110\u1ecba ch\u1ec9: Th\u00f4n Gia H\u00f2a x\u00e3 Duy H\u00f2a huy\u1ec7n Duy Xuy\u00ean t\u1ec9nh Qu\u1ea3ng Nam<\/li>\n<li>SDT 0948035225 &#8211; Anh Vi\u1ec7t<\/li>\n<\/ul>\n","protected":false},"featured_media":0,"comment_status":"open","ping_status":"closed","template":"","meta":[],"_links":{"self":[{"href":"https:\/\/vphcheck.com\/index.php\/wp-json\/wp\/v2\/product\/527"}],"collection":[{"href":"https:\/\/vphcheck.com\/index.php\/wp-json\/wp\/v2\/product"}],"about":[{"href":"https:\/\/vphcheck.com\/index.php\/wp-json\/wp\/v2\/types\/product"}],"replies":[{"embeddable":true,"href":"https:\/\/vphcheck.com\/index.php\/wp-json\/wp\/v2\/comments?post=527"}],"wp:attachment":[{"href":"https:\/\/vphcheck.com\/index.php\/wp-json\/wp\/v2\/media?parent=527"}],"curies":[{"name":"wp","href":"https:\/\/api.w.org\/{rel}","templated":true}]}}