{"id":520,"date":"2018-12-22T13:39:49","date_gmt":"2018-12-22T13:39:49","guid":{"rendered":"http:\/\/vphcheck.com\/?post_type=product&#038;p=520"},"modified":"2020-09-13T17:50:44","modified_gmt":"2020-09-13T17:50:44","slug":"vn-da-thanh-mart-rau-anh-hao","status":"publish","type":"product","link":"https:\/\/vphcheck.com\/index.php\/san-pham\/vn-da-thanh-mart-rau-anh-hao\/","title":{"rendered":"VN \u0110\u00e0 Th\u00e0nh Mart &#8211; Rau Anh H\u00e0o"},"content":{"rendered":"<p><img loading=\"lazy\" decoding=\"async\" class=\" wp-image-503 aligncenter\" src=\"http:\/\/vphcheck.com\/wp-content\/uploads\/2018\/11\/vndt.jpg\" alt=\"\" width=\"355\" height=\"152\" \/><\/p>\n<blockquote>\n<p style=\"text-align: center;\">S\u1ea3n ph\u1ea9m \u0111\u01b0\u1ee3c ph\u00e2n ph\u1ed1i ch\u00ednh h\u00e3ng b\u1edfi VN \u0110\u00e0 Th\u00e0nh Mart<\/p>\n<\/blockquote>\n","protected":false},"excerpt":{"rendered":"<ul>\n<li>T\u00ean nh\u00e0 s\u1ea3n xu\u1ea5t: C\u01a1 s\u1edf s\u1ea3n xu\u1ea5t rau \u0110i\u1ec7n Ti\u1ebfn<\/li>\n<li>\u0110\u1ecba ch\u1ec9: Th\u00f4n B\u1ed3 M\u1eebng, \u0110i\u1ec7n Ti\u1ebfn, \u0110i\u1ec7n B\u00e0n, Qu\u1ea3ng Nam<\/li>\n<li>TH\u1ef0C PH\u1ea8M AN TO\u00c0N An to\u00e0n cho ng\u01b0\u1eddi ti\u00eau d\u00f9ng, An to\u00e0n cho ng\u01b0\u1eddi s\u1ea3n xu\u1ea5t<\/li>\n<li>S\u0110T 0981.985.959 Anh H\u00e0o<\/li>\n<\/ul>\n<p><img loading=\"lazy\" decoding=\"async\" class=\" wp-image-512 aligncenter\" src=\"http:\/\/vphcheck.com\/wp-content\/uploads\/2018\/12\/4-rau-anh-hao.png\" alt=\"\" width=\"344\" height=\"137\" srcset=\"https:\/\/vphcheck.com\/wp-content\/uploads\/2018\/12\/4-rau-anh-hao.png 733w, https:\/\/vphcheck.com\/wp-content\/uploads\/2018\/12\/4-rau-anh-hao-300x120.png 300w\" sizes=\"(max-width: 344px) 100vw, 344px\" \/><\/p>\n","protected":false},"featured_media":512,"comment_status":"open","ping_status":"closed","template":"","meta":[],"_links":{"self":[{"href":"https:\/\/vphcheck.com\/index.php\/wp-json\/wp\/v2\/product\/520"}],"collection":[{"href":"https:\/\/vphcheck.com\/index.php\/wp-json\/wp\/v2\/product"}],"about":[{"href":"https:\/\/vphcheck.com\/index.php\/wp-json\/wp\/v2\/types\/product"}],"replies":[{"embeddable":true,"href":"https:\/\/vphcheck.com\/index.php\/wp-json\/wp\/v2\/comments?post=520"}],"wp:featuredmedia":[{"embeddable":true,"href":"https:\/\/vphcheck.com\/index.php\/wp-json\/wp\/v2\/media\/512"}],"wp:attachment":[{"href":"https:\/\/vphcheck.com\/index.php\/wp-json\/wp\/v2\/media?parent=520"}],"curies":[{"name":"wp","href":"https:\/\/api.w.org\/{rel}","templated":true}]}}