{"id":518,"date":"2018-12-22T13:32:08","date_gmt":"2018-12-22T13:32:08","guid":{"rendered":"http:\/\/vphcheck.com\/?post_type=product&#038;p=518"},"modified":"2020-09-13T17:50:44","modified_gmt":"2020-09-13T17:50:44","slug":"vn-da-thanh-mart-rau-go-noi","status":"publish","type":"product","link":"https:\/\/vphcheck.com\/index.php\/san-pham\/vn-da-thanh-mart-rau-go-noi\/","title":{"rendered":"VN \u0110\u00e0 Th\u00e0nh Mart &#8211; Rau G\u00f2 N\u1ed5i"},"content":{"rendered":"<p><img loading=\"lazy\" decoding=\"async\" class=\" wp-image-503 aligncenter\" src=\"http:\/\/vphcheck.com\/wp-content\/uploads\/2018\/11\/vndt.jpg\" alt=\"\" width=\"355\" height=\"152\" \/><\/p>\n<blockquote>\n<p style=\"text-align: center;\">S\u1ea3n ph\u1ea9m \u0111\u01b0\u1ee3c ph\u00e2n ph\u1ed1i ch\u00ednh h\u00e3ng b\u1edfi VN \u0110\u00e0 Th\u00e0nh Mart<\/p>\n<\/blockquote>\n","protected":false},"excerpt":{"rendered":"<blockquote><p>T\u00ean trang tr\u1ea1i: C\u01a1 s\u1edf s\u1ea3n xu\u1ea5t rau h\u1eefu c\u01a1 G\u00f2 N\u1ed5i<br \/>\n\u0110\u1ecba ch\u1ec9: T\u00e2n Th\u00e0nh, \u0110i\u1ec7n Phong, \u0110i\u1ec7n b\u00e0n, Qu\u1ea3ng Nam<br \/>\nS\u0110T 0905.526.599 Ch\u1ecb Giang<\/p><\/blockquote>\n<p><img loading=\"lazy\" decoding=\"async\" class=\"wp-image-510 aligncenter\" src=\"http:\/\/vphcheck.com\/wp-content\/uploads\/2018\/12\/2-rau-go-noi.png\" alt=\"\" width=\"337\" height=\"224\" \/><\/p>\n","protected":false},"featured_media":0,"comment_status":"open","ping_status":"closed","template":"","meta":[],"_links":{"self":[{"href":"https:\/\/vphcheck.com\/index.php\/wp-json\/wp\/v2\/product\/518"}],"collection":[{"href":"https:\/\/vphcheck.com\/index.php\/wp-json\/wp\/v2\/product"}],"about":[{"href":"https:\/\/vphcheck.com\/index.php\/wp-json\/wp\/v2\/types\/product"}],"replies":[{"embeddable":true,"href":"https:\/\/vphcheck.com\/index.php\/wp-json\/wp\/v2\/comments?post=518"}],"wp:attachment":[{"href":"https:\/\/vphcheck.com\/index.php\/wp-json\/wp\/v2\/media?parent=518"}],"curies":[{"name":"wp","href":"https:\/\/api.w.org\/{rel}","templated":true}]}}