{"id":508,"date":"2018-12-22T13:10:26","date_gmt":"2018-12-22T13:10:26","guid":{"rendered":"http:\/\/vphcheck.com\/?post_type=product&#038;p=508"},"modified":"2020-09-13T17:50:44","modified_gmt":"2020-09-13T17:50:44","slug":"vn-da-thanh-mart-rau-tuy-loan","status":"publish","type":"product","link":"https:\/\/vphcheck.com\/index.php\/san-pham\/vn-da-thanh-mart-rau-tuy-loan\/","title":{"rendered":"VN \u0110\u00e0 Th\u00e0nh Mart &#8211; Rau T\u00fay Loan"},"content":{"rendered":"<p><img loading=\"lazy\" decoding=\"async\" class=\" wp-image-503 aligncenter\" src=\"http:\/\/vphcheck.com\/wp-content\/uploads\/2018\/11\/vndt.jpg\" alt=\"\" width=\"355\" height=\"152\" \/><\/p>\n<blockquote>\n<p style=\"text-align: center;\">S\u1ea3n ph\u1ea9m \u0111\u01b0\u1ee3c ph\u00e2n ph\u1ed1i ch\u00ednh h\u00e3ng b\u1edfi VN \u0110\u00e0 Th\u00e0nh Mart<\/p>\n<\/blockquote>\n","protected":false},"excerpt":{"rendered":"<ul>\n<li>T\u00ean trang tr\u1ea1i: HTX N\u00f4ng Nghi\u1ec7p T\u00fay Loan<\/li>\n<li>\u0110\u1ecba ch\u1ec9: T\u00fay Loan, x\u00e3 H\u00f2a Phong, H\u00f2a Vang, \u0110\u00e0 N\u1eb5ng<\/li>\n<li>TH\u1ef0C PH\u1ea8M AN TO\u00c0N: An to\u00e0n cho ng\u01b0\u1eddi ti\u00eau d\u00f9ng, An to\u00e0n cho ng\u01b0\u1eddi s\u1ea3n xu\u1ea5t<\/li>\n<li>S\u0110T 0905.559.206 &#8211; Anh D\u0169ng<\/li>\n<\/ul>\n<p><img loading=\"lazy\" decoding=\"async\" class=\"wp-image-509 aligncenter\" src=\"http:\/\/vphcheck.com\/wp-content\/uploads\/2018\/12\/1-rau-tuy-loan.jpg\" alt=\"\" width=\"320\" height=\"216\" srcset=\"https:\/\/vphcheck.com\/wp-content\/uploads\/2018\/12\/1-rau-tuy-loan.jpg 472w, https:\/\/vphcheck.com\/wp-content\/uploads\/2018\/12\/1-rau-tuy-loan-300x203.jpg 300w\" sizes=\"(max-width: 320px) 100vw, 320px\" \/><\/p>\n<p style=\"text-align: center;\">Th\u00f4ng tin \u0111\u01b0\u1ee3c cung c\u1ea5p v\u00e0 ch\u1ecbu tr\u00e1ch nhi\u1ec7m b\u1edfi\u00a0HTX N\u00f4ng Nghi\u1ec7p T\u00fay Loan<\/p>\n","protected":false},"featured_media":509,"comment_status":"open","ping_status":"closed","template":"","meta":[],"_links":{"self":[{"href":"https:\/\/vphcheck.com\/index.php\/wp-json\/wp\/v2\/product\/508"}],"collection":[{"href":"https:\/\/vphcheck.com\/index.php\/wp-json\/wp\/v2\/product"}],"about":[{"href":"https:\/\/vphcheck.com\/index.php\/wp-json\/wp\/v2\/types\/product"}],"replies":[{"embeddable":true,"href":"https:\/\/vphcheck.com\/index.php\/wp-json\/wp\/v2\/comments?post=508"}],"wp:featuredmedia":[{"embeddable":true,"href":"https:\/\/vphcheck.com\/index.php\/wp-json\/wp\/v2\/media\/509"}],"wp:attachment":[{"href":"https:\/\/vphcheck.com\/index.php\/wp-json\/wp\/v2\/media?parent=508"}],"curies":[{"name":"wp","href":"https:\/\/api.w.org\/{rel}","templated":true}]}}