{"id":497,"date":"2018-12-21T02:31:22","date_gmt":"2018-12-21T02:31:22","guid":{"rendered":"http:\/\/vphcheck.com\/?post_type=product&#038;p=497"},"modified":"2020-09-13T17:50:44","modified_gmt":"2020-09-13T17:50:44","slug":"thit-heo-duy-dai-son","status":"publish","type":"product","link":"https:\/\/vphcheck.com\/index.php\/san-pham\/thit-heo-duy-dai-son\/","title":{"rendered":"Th\u1ecbt Heo &#8211; Duy \u0110\u1ea1i S\u01a1n"},"content":{"rendered":"<ul>\n<li>H\u1ee3p t\u00e1c x\u00e3 n\u00f4ng nghi\u1ec7p v\u00e0 d\u1ecbch v\u1ee5 kinh doanh t\u1ed5ng h\u1ee3p Duy \u0110\u1ea1i S\u01a1n<\/li>\n<li>H\u1ee3p t\u00e1c x\u00e3 n\u00f4ng nghi\u1ec7p v\u00e0 d\u1ecbch v\u1ee5 kinh doanh t\u1ed5ng h\u1ee3p Duy \u0110\u1ea1i S\u01a1n c\u00f3 \u0111\u1ecba ch\u1ec9 t\u1ea1i Th\u00f4n Ph\u00fa Nhu\u1eadn 2 &#8211; Huy\u1ec7n Duy Xuy\u00ean &#8211; Qu\u1ea3ng Nam. M\u00e3 s\u1ed1 thu\u1ebf\u00a0<strong>4000978808<\/strong>\u00a0\u0110\u0103ng k\u00fd &amp; qu\u1ea3n l\u00fd b\u1edfi Chi c\u1ee5c Thu\u1ebf Huy\u1ec7n Duy Xuy\u00ean<\/li>\n<li>Ng\u00e0nh ngh\u1ec1 kinh doanh ch\u00ednh:\u00a0<strong>Ch\u0103n nu\u00f4i<\/strong><\/li>\n<\/ul>\n","protected":false},"excerpt":{"rendered":"<p><img loading=\"lazy\" decoding=\"async\" class=\"wp-image-500 aligncenter\" src=\"http:\/\/vphcheck.com\/wp-content\/uploads\/2018\/12\/2.jpg\" alt=\"\" width=\"350\" height=\"413\" srcset=\"https:\/\/vphcheck.com\/wp-content\/uploads\/2018\/12\/2.jpg 1544w, https:\/\/vphcheck.com\/wp-content\/uploads\/2018\/12\/2-254x300.jpg 254w, https:\/\/vphcheck.com\/wp-content\/uploads\/2018\/12\/2-768x907.jpg 768w, https:\/\/vphcheck.com\/wp-content\/uploads\/2018\/12\/2-867x1024.jpg 867w\" sizes=\"(max-width: 350px) 100vw, 350px\" \/><\/p>\n<p><img loading=\"lazy\" decoding=\"async\" class=\"wp-image-501 aligncenter\" src=\"http:\/\/vphcheck.com\/wp-content\/uploads\/2018\/12\/son1.jpg\" alt=\"\" width=\"350\" height=\"410\" srcset=\"https:\/\/vphcheck.com\/wp-content\/uploads\/2018\/12\/son1.jpg 1569w, https:\/\/vphcheck.com\/wp-content\/uploads\/2018\/12\/son1-256x300.jpg 256w, https:\/\/vphcheck.com\/wp-content\/uploads\/2018\/12\/son1-768x901.jpg 768w, https:\/\/vphcheck.com\/wp-content\/uploads\/2018\/12\/son1-873x1024.jpg 873w\" sizes=\"(max-width: 350px) 100vw, 350px\" \/><\/p>\n","protected":false},"featured_media":499,"comment_status":"open","ping_status":"closed","template":"","meta":[],"_links":{"self":[{"href":"https:\/\/vphcheck.com\/index.php\/wp-json\/wp\/v2\/product\/497"}],"collection":[{"href":"https:\/\/vphcheck.com\/index.php\/wp-json\/wp\/v2\/product"}],"about":[{"href":"https:\/\/vphcheck.com\/index.php\/wp-json\/wp\/v2\/types\/product"}],"replies":[{"embeddable":true,"href":"https:\/\/vphcheck.com\/index.php\/wp-json\/wp\/v2\/comments?post=497"}],"wp:featuredmedia":[{"embeddable":true,"href":"https:\/\/vphcheck.com\/index.php\/wp-json\/wp\/v2\/media\/499"}],"wp:attachment":[{"href":"https:\/\/vphcheck.com\/index.php\/wp-json\/wp\/v2\/media?parent=497"}],"curies":[{"name":"wp","href":"https:\/\/api.w.org\/{rel}","templated":true}]}}