{"id":448,"date":"2018-10-09T01:14:57","date_gmt":"2018-10-09T01:14:57","guid":{"rendered":"http:\/\/vphcheck.com\/?post_type=product&#038;p=448"},"modified":"2020-09-13T17:51:20","modified_gmt":"2020-09-13T17:51:20","slug":"co-so-san-xuat-co-niem-htx-nuoc-mam-tam-thanh","status":"publish","type":"product","link":"https:\/\/vphcheck.com\/index.php\/san-pham\/co-so-san-xuat-co-niem-htx-nuoc-mam-tam-thanh\/","title":{"rendered":"C\u01a1 s\u1edf s\u1ea3n xu\u1ea5t C\u00f4 Ni\u1ec7m &#8211; HTX n\u01b0\u1edbc m\u1eafm Tam Thanh"},"content":{"rendered":"<p><strong style=\"color: #ff0000;\">TH\u00d4NG TIN S\u1ea2N PH\u1ea8M<\/strong><\/p>\n<ul>\n<li>\n<div><strong>N\u01b0\u1edbc m\u1eafm C\u00f4 Ni\u1ec7m<\/strong><\/div>\n<\/li>\n<li>\n<div>S\u1ed1 t\u1ef1 c\u00f4ng b\u1ed1 ch\u1ea5t l\u01b0\u1ee3ng:\u00a0 \u00a0 \u00a0 \u00a0 \u00a0 \u00a0 \u00a0 \u00a0 \u00a0 \u00a0 \u00a0 \u00a0 \u00a0 \u00a0 \u00a0 \u00a0 \u00a0 \u00a0 \u00a0 \u00a0 \u00a0 \u00a0 \u00a0 \u00a0 \u00a0 \u00a0 \u00a0 <strong>01\/HKD.NGUYENTHINIEM\/2018<\/strong><\/div>\n<\/li>\n<li>\n<div>M\u1ee9c ch\u1ea5t l\u01b0\u1ee3ng: &gt;=20\u00b0N<\/div>\n<\/li>\n<li>Ng\u01b0\u1eddi \u0111\u00f3ng g\u00f3i: Nguy\u1ec5n Th\u1ecb Ni\u1ec7m<\/li>\n<li>Ng\u01b0\u1eddi ki\u1ec3m tra ch\u1ea5t l\u01b0\u1ee3ng:<\/li>\n<li>H\u1ea1n s\u1eed d\u1ee5ng: 06 th\u00e1ng k\u1ec3 t\u1eeb ng\u00e0y s\u1ea3n xu\u1ea5t<\/li>\n<li>Ng\u00e0y s\u1ea3n xu\u1ea5t: Xem tr\u00ean th\u00e2n chai<\/li>\n<\/ul>\n<p><b style=\"color: #ff0000;\">TH\u00d4NG TIN, NGU\u1ed2N G\u1ed0C NGUY\u00caN LI\u1ec6U<\/b><\/p>\n<ul>\n<li><span style=\"color: #0000ff;\"><strong>C\u00e1:<\/strong><\/span> <strong>75%<\/strong>, <span style=\"color: #0000ff;\"><strong>Mu\u1ed1i<\/strong>:<\/span> <strong>25%<\/strong><\/li>\n<\/ul>\n<table style=\"height: 107px;\" border=\"1\" width=\"353\">\n<tbody>\n<tr>\n<td width=\"54\"><\/td>\n<td width=\"95\"><strong>T\u1ec9 l\u1ec7 (%)<\/strong><\/td>\n<td width=\"132\"><strong>Ngu\u1ed3n g\u1ed1c<\/strong><\/td>\n<\/tr>\n<tr>\n<td width=\"54\"><strong>C\u00c1<\/strong><\/td>\n<td width=\"95\">75<\/td>\n<td width=\"132\">Bi\u1ec3n N\u00fai Th\u00e0nh, Qu\u1ea3ng Nam<\/td>\n<\/tr>\n<tr>\n<td width=\"54\"><strong>MU\u1ed0I<\/strong><\/td>\n<td width=\"95\">25<\/td>\n<td width=\"132\">\u0110\u00ea Gi &#8211; B\u00ecnh \u0110\u1ecbnh<\/td>\n<\/tr>\n<\/tbody>\n<\/table>\n<p>&nbsp;<\/p>\n","protected":false},"excerpt":{"rendered":"<ul>\n<li>Gi\u1ea5y ch\u1ee9ng nh\u1eadn c\u01a1 s\u1edf \u0111\u1ee7 \u0111i\u1ec1u ki\u1ec7n s\u1ed1:<\/li>\n<li>Gi\u1ea5y ph\u00e9p kinh doanh s\u1ed1:<\/li>\n<\/ul>\n<p><span style=\"color: #ff0000;\"><strong>H\u01af\u1edaNG D\u1eaaN S\u1eec D\u1ee4NG V\u00c0 B\u1ea2O QU\u1ea2N:<\/strong><\/span><\/p>\n<ul>\n<li>D\u00f9ng tr\u1ef1c ti\u1ebfp ho\u1eb7c ch\u1ebf bi\u1ebfn th\u1ee9c \u0103n,\u00a0\u0110\u1ec3 n\u01a1i kh\u00f4 r\u00e1o, tr\u00e1nh n\u1eafng v\u00e0 \u0111\u1eady k\u00edn sau khi s\u1eed d\u1ee5ng<\/li>\n<\/ul>\n","protected":false},"featured_media":245,"comment_status":"open","ping_status":"closed","template":"","meta":[],"_links":{"self":[{"href":"https:\/\/vphcheck.com\/index.php\/wp-json\/wp\/v2\/product\/448"}],"collection":[{"href":"https:\/\/vphcheck.com\/index.php\/wp-json\/wp\/v2\/product"}],"about":[{"href":"https:\/\/vphcheck.com\/index.php\/wp-json\/wp\/v2\/types\/product"}],"replies":[{"embeddable":true,"href":"https:\/\/vphcheck.com\/index.php\/wp-json\/wp\/v2\/comments?post=448"}],"wp:featuredmedia":[{"embeddable":true,"href":"https:\/\/vphcheck.com\/index.php\/wp-json\/wp\/v2\/media\/245"}],"wp:attachment":[{"href":"https:\/\/vphcheck.com\/index.php\/wp-json\/wp\/v2\/media?parent=448"}],"curies":[{"name":"wp","href":"https:\/\/api.w.org\/{rel}","templated":true}]}}