{"id":433,"date":"2018-10-04T14:14:20","date_gmt":"2018-10-04T14:14:20","guid":{"rendered":"http:\/\/vphcheck.com\/?post_type=product&#038;p=433"},"modified":"2020-09-13T17:51:37","modified_gmt":"2020-09-13T17:51:37","slug":"nam-nhi-tay-hiep-duc","status":"publish","type":"product","link":"https:\/\/vphcheck.com\/index.php\/san-pham\/nam-nhi-tay-hiep-duc\/","title":{"rendered":"N\u1ea5m Nh\u00ec T\u00e2y &#8211; Hi\u1ec7p \u0110\u1ee9c"},"content":{"rendered":"<p><center><img loading=\"lazy\" decoding=\"async\" src=\"http:\/\/vphcheck.com\/wp-content\/uploads\/2018\/10\/nam-bao-ngu.jpg\" alt=\"\" width=\"340\" height=\"340\" class=\"alignnone size-full wp-image-616\" \/><\/center><\/p>\n","protected":false},"excerpt":{"rendered":"\n<p> <meta name=\"viewport\" content=\"width=device-width, initial-scale=1\">\n<link rel=\"stylesheet\" href=\"https:\/\/vphcheck.com\/w3.css\"><body><\/p>\n<table class=\"w3-table-all\">\n<thead>\n<tr class=\"w3-blue\">\n<th colspan=\"2\">Th\u00f4ng tin s\u1ea3n ph\u1ea9m<\/th>\n<\/tr>\n<\/thead>\n<tbody>\n<tr>\n<td width=\"122\">T\u00ean s\u1ea3n ph\u1ea9m<\/td>\n<td width=\"228\">N\u1ea5m b\u00e0o ng\u01b0 s\u1ea5y t\u1ea9m gia v\u1ecb<\/td>\n<\/tr>\n<tr>\n<td>Ch\u1ee9ng nh\u1eadn:<\/td>\n<td>\u0110\u1ea1t ti\u00eau chu\u1ea9n VietGap<\/td>\n<\/tr>\n<tr>\n<td>Ng\u00e0y \u0111\u00f3ng g\u00f3i:<\/td>\n<td>Xem tr\u00ean bao b\u00ec<\/td>\n<\/tr>\n<tr>\n<td>Th\u1eddi gian b\u1ea3o qu\u1ea3n:<\/td>\n<td>1 n\u0103m<\/td>\n<\/tr>\n<tr>\n<th class=\"w3-blue\" colspan=\"2\">Th\u00f4ng tin \u0111\u01a1n v\u1ecb \/ nh\u00e0 s\u1ea3n xu\u1ea5t<\/th>\n<\/tr>\n<tr>\n<td>T\u00ean \u0111\u01a1n v\u1ecb:<\/td>\n<td width=\"228\">H\u1ee3p t\u00e1c x\u00e3 s\u1ea3n xu\u1ea5t ch\u1ebf bi\u1ebfn v\u00e0 ti\u00eau th\u1ee5 N\u1ea5m nh\u00ec t\u00e2y Hi\u1ec7p \u0110\u1ee9c<\/td>\n<\/tr>\n<tr>\n<td>Qu\u1ed1c gia:<\/td>\n<td>Vi\u1ec7t Nam<\/td>\n<\/tr>\n<tr>\n<td>T\u1ec9nh \/th\u00e0nh :<\/td>\n<td>Qu\u1ea3ng Nam<\/td>\n<\/tr>\n<tr>\n<td>\u0110\u1ecba ch\u1ec9 li\u00ean l\u1ea1c:<\/td>\n<td>X\u00e3 B\u00ecnh L\u00e2m, Huy\u1ec7n Hi\u1ec7p \u0110\u1ee9c, Qu\u1ea3ng Nam<\/td>\n<\/tr>\n<tr>\n<td>\u0110i\u1ec7n tho\u1ea1i:<\/td>\n<td>0982 363 505<\/td>\n<\/tr>\n<tr>\n<td>Di \u0111\u1ed9ng:<\/td>\n<td>0982 363 505<\/td>\n<\/tr>\n<tr>\n<td>Website:<\/td>\n<td>http:\/\/namnhitay.com<\/td>\n<\/tr>\n<tr>\n<th class=\"w3-blue\" colspan=\"2\">\n<div align=\"left\"><strong>Th\u00f4ng tin nguy\u00ean li\u1ec7u<\/strong><\/div>\n<\/th>\n<\/tr>\n<tr>\n<td>T\u00ean trang tr\u1ea1i:<\/td>\n<td>Trang tr\u1ea1i n\u1ea5m Nh\u00ec T\u00e2y<\/td>\n<\/tr>\n<tr>\n<td>\u0110\u1ecba ch\u1ec9 tr\u1ed3ng<\/td>\n<td>X\u00e3 B\u00ecnh L\u00e2m, Huy\u1ec7n Hi\u1ec7p \u0110\u1ee9c, Qu\u1ea3ng Nam<\/td>\n<\/tr>\n<tr>\n<td>Ph\u01b0\u01a1ng ph\u00e1p tr\u1ed3ng<\/td>\n<td>\u0110ang c\u1eadp nh\u1eadt<\/td>\n<\/tr>\n<tr>\n<td>Ph\u01b0\u01a1ng ph\u00e1p ch\u0103m s\u00f3c<\/td>\n<td>\u0110ang c\u1eadp nh\u1eadt<\/td>\n<\/tr>\n<tr>\n<td>Gi\u1ed1ng n\u1ea5m:<\/td>\n<td>B\u00e0o ng\u01b0 1<\/td>\n<\/tr>\n<tr>\n<td>Gi\u1ea5y ch\u1ee9ng nh\u1eadn<\/td>\n<td>GCN \/ VietGap 2018<\/td>\n<\/tr>\n<\/tbody>\n<\/table>\n<p>C\u00e1c th\u00f4ng tin tr\u00ean \u0111\u01b0\u1ee3c cung c\u1ea5p b\u1edfi H\u1ee3p t\u00e1c x\u00e3 s\u1ea3n xu\u1ea5t ch\u1ebf bi\u1ebfn v\u00e0 ti\u00eau th\u1ee5 N\u1ea5m nh\u00ec t\u00e2y Hi\u1ec7p \u0110\u1ee9c!<\/p>\n<table class=\"w3-table-all\">\n<tbody>\n<tr>\n<th class=\"w3-orange\" colspan=\"2\"><strong>B\u1ea3n \u0111\u1ed3 truy xu\u1ea5t ngu\u1ed3n g\u1ed1c <\/strong><\/th>\n<\/tr>\n<\/tbody>\n<\/table>\n<p>B\u1ea2N \u0110\u1ed2 TRUY XU\u1ea4T NGU\u1ed2N G\u1ed0C V\u00d9NG TR\u1ed2NG<\/p>\n<div class=\"map-responsive\"><iframe loading=\"lazy\" style=\"border: 0;\" src=\"https:\/\/www.google.com\/maps\/embed?pb=!1m14!1m8!1m3!1d15370.238820968216!2d108.2050012!3d15.6151559!3m2!1i1024!2i768!4f13.1!3m3!1m2!1s0x0%3A0x8c2589f2f520e072!2zSFRYIFPhuqNuIFh14bqldCBDaOG6vyBCaeG6v24gVsOgIFRpw6p1IFRo4bulIE7huqVtIE5ow6wgVMOieQ!5e0!3m2!1svi!2s!4v1543025601276\" width=\"600\" height=\"450\" frameborder=\"0\" allowfullscreen=\"allowfullscreen\"><\/iframe><\/div>\n","protected":false},"featured_media":477,"comment_status":"open","ping_status":"closed","template":"","meta":[],"_links":{"self":[{"href":"https:\/\/vphcheck.com\/index.php\/wp-json\/wp\/v2\/product\/433"}],"collection":[{"href":"https:\/\/vphcheck.com\/index.php\/wp-json\/wp\/v2\/product"}],"about":[{"href":"https:\/\/vphcheck.com\/index.php\/wp-json\/wp\/v2\/types\/product"}],"replies":[{"embeddable":true,"href":"https:\/\/vphcheck.com\/index.php\/wp-json\/wp\/v2\/comments?post=433"}],"wp:featuredmedia":[{"embeddable":true,"href":"https:\/\/vphcheck.com\/index.php\/wp-json\/wp\/v2\/media\/477"}],"wp:attachment":[{"href":"https:\/\/vphcheck.com\/index.php\/wp-json\/wp\/v2\/media?parent=433"}],"curies":[{"name":"wp","href":"https:\/\/api.w.org\/{rel}","templated":true}]}}