{"id":419,"date":"2018-09-22T01:59:44","date_gmt":"2018-09-22T01:59:44","guid":{"rendered":"http:\/\/vphcheck.com\/?post_type=product&#038;p=419"},"modified":"2020-09-13T17:52:16","modified_gmt":"2020-09-13T17:52:16","slug":"trang-trai-hoi-an-an-farm-hoi-an","status":"publish","type":"product","link":"https:\/\/vphcheck.com\/index.php\/san-pham\/trang-trai-hoi-an-an-farm-hoi-an\/","title":{"rendered":"Trang tr\u1ea1i H\u1ed9i An &#8211; An Farm H\u1ed9i An"},"content":{"rendered":"<ul>\n<li>An farm H\u1ed9i An l\u00e0 m\u1ed9t trang tr\u1ea1i h\u1eefu c\u01a1 xinh \u0111\u1eb9p v\u00e0 b\u00ecnh y\u00ean n\u1eb1m \u1edf ngo\u1ea1i \u00f4, c\u00e1ch trung t\u00e2m th\u00e0nh ph\u1ed1 H\u1ed9i An ch\u1ec9 kho\u1ea3ng 3km.<\/li>\n<li>Trang tr\u1ea1i \u0111\u01b0\u1ee3c t\u1ea1o d\u1ef1ng b\u1edfi nh\u1eefng b\u1ea1n tr\u1ebb \u0111\u1ecba ph\u01b0\u01a1ng c\u00f3 nh\u1eefng chuy\u00ean m\u00f4n kh\u00e1c nhau nh\u01b0: K\u1ef9 s\u01b0 n\u00f4ng nghi\u1ec7p, sinh h\u1ecdc, c\u00f4ng ngh\u1ec7 ch\u1ebf bi\u1ebfn th\u1ef1c ph\u1ea9m, dinh d\u01b0\u1ee1ng,.. h\u1ecd \u0111\u1ec1u r\u1ea5t \u0111am m\u00ea n\u00f4ng nghi\u1ec7p h\u1eefu c\u01a1 v\u00e0 t\u00e2m huy\u1ebft mu\u1ed1n l\u00e0m g\u00ec \u0111\u00f3 cho c\u1ed9ng \u0111\u1ed3ng c\u1ee7a m\u00ecnh. V\u00ec th\u1ebf An Farm ph\u00e1t tri\u1ec3n theo m\u00f4 h\u00ecnh \u201cFarm for future\u201d k\u1ebft h\u1ee3p tr\u1ed3ng tr\u1ecdt v\u1edbi ch\u1ebf bi\u1ebfn s\u1ea3n ph\u1ea9m sau thu ho\u1ea1ch v\u00e0 du l\u1ecbch sinh th\u00e1i theo h\u01b0\u1edbng h\u1eefu c\u01a1 b\u1ec1n v\u1eefng v\u00e0 th\u00e2n thi\u1ec7n v\u1edbi m\u00f4i tr\u01b0\u1eddng. Ngo\u00e0i ra, trang tr\u1ea1i c\u0169ng l\u00e0 n\u01a1i h\u1ecdc t\u1eadp c\u1ed9ng \u0111\u1ed3ng cho n\u00f4ng d\u00e2n, h\u1ecdc sinh, sinh vi\u00ean,\u2026trong v\u00f9ng v\u1ec1 tr\u1ed3ng tr\u1ecdt h\u1eefu c\u01a1, dinh d\u01b0\u1ee1ng v\u00e0 l\u1ed1i s\u1ed1ng kh\u1ecfe m\u1ea1nh.<\/li>\n<\/ul>\n","protected":false},"excerpt":{"rendered":"<p><img loading=\"lazy\" decoding=\"async\" class=\"alignleft wp-image-422\" src=\"http:\/\/vphcheck.com\/wp-content\/uploads\/2018\/09\/42178393_263523587624934_6243003172558733312_n-300x225.jpg\" alt=\"\" width=\"160\" height=\"120\" \/><img loading=\"lazy\" decoding=\"async\" class=\"alignnone wp-image-425\" src=\"http:\/\/vphcheck.com\/wp-content\/uploads\/2018\/09\/42222143_263523574291602_7135416674232041472_n-300x225.jpg\" alt=\"\" width=\"160\" height=\"120\" \/><\/p>\n<p><img loading=\"lazy\" decoding=\"async\" class=\"alignnone wp-image-423\" src=\"http:\/\/vphcheck.com\/wp-content\/uploads\/2018\/09\/42186182_263523577624935_722889115275624448_n-225x300.jpg\" alt=\"\" width=\"160\" height=\"214\" \/> <img loading=\"lazy\" decoding=\"async\" class=\"alignnone wp-image-424\" src=\"http:\/\/vphcheck.com\/wp-content\/uploads\/2018\/09\/42194376_263523590958267_3165659826529239040_n-225x300.jpg\" alt=\"\" width=\"160\" height=\"213\" \/><\/p>\n","protected":false},"featured_media":420,"comment_status":"open","ping_status":"closed","template":"","meta":[],"_links":{"self":[{"href":"https:\/\/vphcheck.com\/index.php\/wp-json\/wp\/v2\/product\/419"}],"collection":[{"href":"https:\/\/vphcheck.com\/index.php\/wp-json\/wp\/v2\/product"}],"about":[{"href":"https:\/\/vphcheck.com\/index.php\/wp-json\/wp\/v2\/types\/product"}],"replies":[{"embeddable":true,"href":"https:\/\/vphcheck.com\/index.php\/wp-json\/wp\/v2\/comments?post=419"}],"wp:featuredmedia":[{"embeddable":true,"href":"https:\/\/vphcheck.com\/index.php\/wp-json\/wp\/v2\/media\/420"}],"wp:attachment":[{"href":"https:\/\/vphcheck.com\/index.php\/wp-json\/wp\/v2\/media?parent=419"}],"curies":[{"name":"wp","href":"https:\/\/api.w.org\/{rel}","templated":true}]}}