{"id":412,"date":"2018-09-18T01:14:23","date_gmt":"2018-09-18T01:14:23","guid":{"rendered":"http:\/\/vphcheck.com\/?post_type=product&#038;p=412"},"modified":"2020-09-13T17:52:16","modified_gmt":"2020-09-13T17:52:16","slug":"tuong-ot-me-daichi-dac-san-hoi-an","status":"publish","type":"product","link":"https:\/\/vphcheck.com\/index.php\/san-pham\/tuong-ot-me-daichi-dac-san-hoi-an\/","title":{"rendered":"T\u01b0\u01a1ng \u1edbt m\u00e8 DAICHI &#8211; \u0110\u1eb7c s\u1ea3n H\u1ed9i An"},"content":{"rendered":"<p><center>S\u1ea3n ph\u1ea9m \u0111\u1ea1t <font color=red><b>***<\/b><\/font> theo Quy\u1ebft \u0111\u1ecbnh s\u1ed1 365\/Q\u0110-UBND ng\u00e0y 31\/01\/2019 c\u1ee7a UBND t\u1ec9nh Qu\u1ea3ng Nam<br \/><img loading=\"lazy\" decoding=\"async\" class=\"wp-image-417 aligncenter\" src=\"http:\/\/vphcheck.com\/wp-content\/uploads\/2018\/09\/download-1.jpg\" alt=\"\" width=\"340\" height=\"335\" \/><\/center><\/p>\n","protected":false},"excerpt":{"rendered":"<p><meta name=\"viewport\" content=\"width=device-width, initial-scale=1\"> <link rel=\"stylesheet\" href=\"https:\/\/vphcheck.com\/w3.css\">\n<table class=\"w3-table-all\">\n<thead>\n<tr class=\"w3-blue\">\n<th colspan=\"2\">Th\u00f4ng tin s\u1ea3n ph\u1ea9m<\/th>\n<\/tr>\n<\/thead>\n<tbody>\n<tr>\n<td width=\"122\">T\u00ean s\u1ea3n ph\u1ea9m<\/td>\n<td width=\"228\">T\u01b0\u01a1ng \u1edat m\u00e8 DaiChi<\/td>\n<\/tr>\n<tr>\n<td>Th\u00e0nh ph\u1ea7n<\/td>\n<td>\u1edbt t\u01b0\u01a1i (67%), m\u00e8 (3%), \u0111\u1eadu ph\u1ed9ng (2%), \u0111\u01b0\u1eddng (15%), mu\u1ed1i (4%), d\u1ea7u \u0111\u1eadu n\u00e0nh (4%), t\u1ecfi (5%).<\/td>\n<\/tr>\n<tr>\n<td>MST<\/td>\n<td>4001122311<\/td>\n<\/tr>\n<tr>\n<td>Ng\u00e0y s\u1ea3n xu\u1ea5t<\/td>\n<td>Xem tr\u00ean bao b\u00ec<\/td>\n<\/tr>\n<tr>\n<td>Th\u1eddi h\u1ea1n s\u1eed d\u1ee5ng<\/td>\n<td>08 th\u00e1ng k\u1ec3 t\u1eeb ng\u00e0y s\u1ea3n xu\u1ea5t<\/td>\n<\/tr>\n<tr>\n<td>Tr&#7885;ng l&#432;&#7907;ng <\/td>\n<td>145gam<\/td>\n<\/tr>\n<tr>\n<td>H\u01b0\u1edbng d\u1eabn s\u1eed d\u1ee5ng<\/td>\n<td>C\u00f3 th\u1ec3 s\u1eed d\u1ee5ng ngay ho\u1eb7c l\u00e0m gia v\u1ecb.<\/td>\n<\/tr>\n<tr>\n<td>B\u1ea3o qu\u1ea3n<\/td>\n<td>N\u01a1i kh\u00f4 r\u00e1o tho\u00e1ng m\u00e1t, tr\u00e1nh \u00e1nh s\u00e1ng m\u1eb7t tr\u1eddi<\/td>\n<\/tr>\n<tr>\n<th class=\"w3-blue\" colspan=\"2\">Th\u00f4ng tin \u0111\u01a1n v\u1ecb \/ nh\u00e0 s\u1ea3n xu\u1ea5t<\/th>\n<\/tr>\n<tr>\n<td>T\u00ean \u0111\u01a1n v\u1ecb:<\/td>\n<td width=\"228\">C\u00d4NG TY TNHH \u0110\u1ea0I CH\u00cd FOODS<\/td>\n<\/tr>\n<tr>\n<td>Qu\u1ed1c gia:<\/td>\n<td>Vi\u1ec7t Nam<\/td>\n<\/tr>\n<tr>\n<td>T\u1ec9nh \/th\u00e0nh :<\/td>\n<td>Qu\u1ea3ng Nam<\/td>\n<\/tr>\n<tr>\n<td>\u0110\u1ecba ch\u1ec9 li\u00ean l\u1ea1c:<\/td>\n<td>\n<table cellspacing=\"0\" width=\"100%\">\n<tbody>\n<tr>\n<td><span id=\"doc_documentReview1_lblSAddress\">        08 Cao H\u1ed3ng L\u00e3nh, Th\u00e0nh Ph\u1ed1 H\u1ed9i An<\/span><\/td>\n<\/tr>\n<\/tbody>\n<\/table>\n<\/td>\n<\/tr>\n<tr>\n<td>\u0110i\u1ec7n tho\u1ea1i:<\/td>\n<td>097 971 98 63<\/td>\n<\/tr>\n<tr>\n<td>Email:<\/td>\n<td>daichifoods@gmail.com<\/td>\n<\/tr>\n<tr>\n<td>Website<\/td>\n<td>\thttp:\/\/daichifoods.com<\/td>\n<\/tr>\n<tr>\n<th class=\"w3-blue\" colspan=\"2\">Th\u00f4ng tin nguy\u00ean li\u1ec7u<\/th>\n<\/tr>\n<tr>\n<td>T\u00ean nguy\u00ean li\u1ec7u<\/td>\n<td>\u1edat s\u1eebng t\u01b0\u01a1i<\/td>\n<\/tr>\n<tr>\n<td>V\u00f9ng tr\u1ed3ng<\/td>\n<td>\u0110i\u1ec7n B\u00e0n &#8211; Qu\u1ea3ng Nam<\/td>\n<\/tr>\n<\/tbody>\n<\/table>\n<p><strong>B\u1ea3n \u0111\u1ed3 v\u00f9ng s\u1ea3n xu\u1ea5t v\u00e0 nguy\u00ean li\u1ec7u<\/strong><\/p>\n<p><iframe loading=\"lazy\" src=\"https:\/\/www.google.com\/maps\/embed?pb=!1m14!1m8!1m3!1d7674.067429880144!2d108.31283032381772!3d15.907304508959768!3m2!1i1024!2i768!4f13.1!3m3!1m2!1s0x0%3A0x557c42b5e163b80a!2zQ8O0bmcgVHkgVE5ISCDEkOG6oWkgQ2jDrSBGb29kcw!5e0!3m2!1svi!2s!4v1551834868187\" width=\"350\" height=\"320\" frameborder=\"0\" style=\"border:0\" allowfullscreen><\/iframe><\/p>\n<p>C\u00e1c th\u00f4ng tin tr\u00ean \u0111\u01b0\u1ee3c cung c\u1ea5p b\u1edfi C\u00d4NG TY TNHH \u0110\u1ea0I CH\u00cd FOODS<\/p>\n","protected":false},"featured_media":603,"comment_status":"open","ping_status":"closed","template":"","meta":[],"_links":{"self":[{"href":"https:\/\/vphcheck.com\/index.php\/wp-json\/wp\/v2\/product\/412"}],"collection":[{"href":"https:\/\/vphcheck.com\/index.php\/wp-json\/wp\/v2\/product"}],"about":[{"href":"https:\/\/vphcheck.com\/index.php\/wp-json\/wp\/v2\/types\/product"}],"replies":[{"embeddable":true,"href":"https:\/\/vphcheck.com\/index.php\/wp-json\/wp\/v2\/comments?post=412"}],"wp:featuredmedia":[{"embeddable":true,"href":"https:\/\/vphcheck.com\/index.php\/wp-json\/wp\/v2\/media\/603"}],"wp:attachment":[{"href":"https:\/\/vphcheck.com\/index.php\/wp-json\/wp\/v2\/media?parent=412"}],"curies":[{"name":"wp","href":"https:\/\/api.w.org\/{rel}","templated":true}]}}