{"id":409,"date":"2018-09-17T07:31:57","date_gmt":"2018-09-17T07:31:57","guid":{"rendered":"http:\/\/vphcheck.com\/?post_type=product&#038;p=409"},"modified":"2020-09-13T17:52:01","modified_gmt":"2020-09-13T17:52:01","slug":"ruou-la-sam-ngoc-linh-cty-sam-sam","status":"publish","type":"product","link":"https:\/\/vphcheck.com\/index.php\/san-pham\/ruou-la-sam-ngoc-linh-cty-sam-sam\/","title":{"rendered":"R\u01b0\u1ee3u L\u00e1 s\u00e2m Ng\u1ecdc Linh &#8211; Cty S\u00e2m S\u00e2m"},"content":{"rendered":"<p style=\"text-align: center;\"><img loading=\"lazy\" decoding=\"async\" class=\"alignnone wp-image-411\" src=\"http:\/\/vphcheck.com\/wp-content\/uploads\/2018\/09\/1-218x300.jpg\" alt=\"\" width=\"312\" height=\"429\" srcset=\"https:\/\/vphcheck.com\/wp-content\/uploads\/2018\/09\/1-218x300.jpg 218w, https:\/\/vphcheck.com\/wp-content\/uploads\/2018\/09\/1.jpg 429w\" sizes=\"(max-width: 312px) 100vw, 312px\" \/><\/p>\n","protected":false},"excerpt":{"rendered":"<p> <meta name=\"viewport\" content=\"width=device-width, initial-scale=1\">\n<link rel=\"stylesheet\" href=\"https:\/\/vphcheck.com\/w3.css\"><body><\/p>\n<table class=\"w3-table-all\">\n<thead>\n<tr class=\"w3-blue\">\n<th colspan=\"2\">Th\u00f4ng tin s\u1ea3n ph\u1ea9m<\/th>\n<\/tr>\n<\/thead>\n<tbody>\n<tr>\n<td width=\"122\">T\u00ean s\u1ea3n ph\u1ea9m<\/td>\n<td width=\"228\">R\u01b0\u1ee3u l\u00e1 s\u00e2m Ng\u1ecdc Linh<\/td>\n<\/tr>\n<tr>\n<td>Ch\u1ee9ng nh\u1eadn:<\/td>\n<td>\u0110\u1ea1t ti\u00eau chu\u1ea9n VietGap<\/td>\n<\/tr>\n<tr>\n<td>Ng\u00e0y \u0111\u00f3ng g\u00f3i:<\/td>\n<td>Xem tr\u00ean bao b\u00ec<\/td>\n<\/tr>\n<tr>\n<td>H\u01b0\u1edbng d\u1eabn s\u1eed d\u1ee5ng<\/td>\n<td>U\u1ed1ng tr\u1ef1c ti\u1ebfp, u\u1ed1ng ngon h\u01a1n ng\u00e2m l\u1ea1nh<\/td>\n<\/tr>\n<tr>\n<th class=\"w3-blue\" colspan=\"2\">Th\u00f4ng tin \u0111\u01a1n v\u1ecb \/ nh\u00e0 s\u1ea3n xu\u1ea5t<\/th>\n<\/tr>\n<tr>\n<td>T\u00ean \u0111\u01a1n v\u1ecb:<\/td>\n<td width=\"228\">\u00a0C\u00d4NG TY TNHH S\u00c2M S\u00c2M<\/td>\n<\/tr>\n<tr>\n<td>Qu\u1ed1c gia:<\/td>\n<td>Vi\u1ec7t Nam<\/td>\n<\/tr>\n<tr>\n<td>T\u1ec9nh \/th\u00e0nh :<\/td>\n<td>Qu\u1ea3ng Nam<\/td>\n<\/tr>\n<tr>\n<td>\u0110\u1ecba ch\u1ec9 li\u00ean l\u1ea1c:<\/td>\n<td>Th\u00f4n 2 x\u00e3 Tr\u00e0 Linh, huy\u1ec7n Nam Tr\u00e0 My, Qu\u1ea3ng Nam.<\/td>\n<\/tr>\n<tr>\n<td>\u0110i\u1ec7n tho\u1ea1i:<\/td>\n<td>02353699899<\/td>\n<\/tr>\n<tr>\n<td>T\u1ed5ng \u0111\u00e0i h\u1ed7 tr\u1ee3:<\/td>\n<td>02353-699-899<\/td>\n<\/tr>\n<tr>\n<td>Website:<\/td>\n<td>http:\/\/samsam.net.vn<\/td>\n<\/tr>\n<tr>\n<th class=\"w3-blue\" colspan=\"2\">\n<div align=\"left\"><strong>Th\u00f4ng tin gi\u1edbi thi\u1ec7u<\/strong><\/div>\n<\/th>\n<\/tr>\n<tr>\n<td>C\u00f4ng d\u1ee5ng<\/td>\n<td>T\u0103ng s\u1ee9c \u0111\u1ec1 kh\u00e1ng, ch\u1ed1ng suy nh\u01b0\u1ee3c c\u01a1 th\u1ec3, gi\u1ea3m m\u1ec7t m\u1ecfi trong lao \u0111\u1ed9ng, gi\u1ea3m Stress\u2026<\/p>\n<p>N\u00e2ng cao huy\u1ebft \u00e1p cho ng\u01b0\u1eddi huy\u1ebft \u00e1p th\u1ea5p.<\/p>\n<p>H\u1ed7 tr\u1ee3 \u0111i\u1ec1u tr\u1ecb vi\u00eam h\u1ecdng, t\u0103ng t\u00e1c d\u1ee5ng c\u1ee7a thu\u1ed1c \u0111i\u1ec1u tr\u1ecb b\u1ec7nh ti\u1ec3u \u0111\u01b0\u1eddng v\u00e0 h\u1ed7 tr\u1ee3 \u0111i\u1ec1u tr\u1ecb b\u1ec7nh ung th\u01b0.<\/td>\n<\/tr>\n<tr>\n<td>C\u00e1c s\u1ea3n ph\u1ea9m t\u1eeb S\u00e2m Ng\u1ecdc Linh<\/td>\n<td>S\u00e2m cu\u0309 t\u01b0\u01a1i, s\u00e2m c\u1ee7 kh\u00f4;\u00a0s\u00e2m l\u00e1t;\u00a0s\u00e2m\u00a0t\u1ea9m m\u1eadt ong; cao s\u00e2m; d\u1ecbch s\u00e2m; tinh ch\u1ea5t s\u00e2m\u00a0;\u00a0n\u01b0\u1edbc c\u1ed1t s\u00e2m;\u00a0s\u00e2m chi\u1ebft xu\u1ea5t d\u1ea1ng n\u01b0\u1edbc; s\u00e2m chi\u1ebft xu\u1ea5t d\u1ea1ng b\u1ed9t, d\u1ea1ng vi\u00ean;\u00a0vi\u00ean nang s\u00e2m;\u00a0vi\u00ean cao s\u00e2m; vi\u00eam s\u00e2m nhung linh chi (tinh ch\u1ea5t nh\u00e2n s\u00e2m, nhung h\u01b0\u01a1u, n\u1ea5m linh chi ); k\u1eb9o\u00a0s\u00e2m; tr\u00e0 (ch\u00e8) s\u00e2m; n\u01b0\u1edbc u\u1ed1ng; n\u01b0\u1edbc u\u1ed1ng t\u0103ng l\u1ef1c; canh (g\u00e0, th\u1ecbt,\u2026) h\u1ea7m s\u00e2m; s\u1eefa s\u00e2m; r\u01b0\u1ee3u s\u00e2m (c\u1ee7, l\u00e1, th\u00e2n); N\u01b0\u1edbc hoa s\u00e2m; kem d\u01b0\u1ee1ng da; s\u1eefa r\u1eeda m\u1eb7t s\u00e2m; m\u1eb7t n\u1ea1; s\u1eefa t\u1eafm; gel s\u00e2m;\u00a0d\u1ea7u g\u1ed9i; d\u1ea7u x\u1ea3; d\u1ea7u d\u01b0\u1ee1ng t\u00f3c;\u2026<\/td>\n<\/tr>\n<tr>\n<td>B\u1ea3n \u0111\u1ed3 ch\u1ec9 d\u1eabn<\/td>\n<td><img loading=\"lazy\" decoding=\"async\" class=\"aligncenter wp-image-221\" src=\"http:\/\/vphcheck.com\/wp-content\/uploads\/2018\/04\/sam-3-300x225.jpg\" alt=\"\" width=\"269\" height=\"202\" srcset=\"https:\/\/vphcheck.com\/wp-content\/uploads\/2018\/04\/sam-3-300x225.jpg 300w, https:\/\/vphcheck.com\/wp-content\/uploads\/2018\/04\/sam-3-768x576.jpg 768w, https:\/\/vphcheck.com\/wp-content\/uploads\/2018\/04\/sam-3-1024x768.jpg 1024w, https:\/\/vphcheck.com\/wp-content\/uploads\/2018\/04\/sam-3.jpg 1305w\" sizes=\"(max-width: 269px) 100vw, 269px\" \/><\/td>\n<\/tr>\n<tr>\n<td>Gi\u1ea5y ch\u1ee9ng nh\u1eadn ch\u1ec9 d\u1eabn \u0111\u1ecba l\u00fd<\/td>\n<td><img loading=\"lazy\" decoding=\"async\" class=\" wp-image-220 aligncenter\" src=\"http:\/\/vphcheck.com\/wp-content\/uploads\/2018\/04\/sam-2-214x300.jpg\" alt=\"\" width=\"232\" height=\"325\" srcset=\"https:\/\/vphcheck.com\/wp-content\/uploads\/2018\/04\/sam-2-214x300.jpg 214w, https:\/\/vphcheck.com\/wp-content\/uploads\/2018\/04\/sam-2.jpg 671w\" sizes=\"(max-width: 232px) 100vw, 232px\" \/><\/td>\n<\/tr>\n<\/tbody>\n<\/table>\n<p><iframe loading=\"lazy\" src=\"https:\/\/www.google.com\/maps\/embed?pb=!1m18!1m12!1m3!1d61638.028799179214!2d107.94513038283222!3d15.082547849010295!2m3!1f0!2f0!3f0!3m2!1i1024!2i768!4f13.1!3m3!1m2!1s0x316bd5be5e99fb5d%3A0x89aec639b9b6bc25!2zTsOzYyBUxINrIE5nbyAtIHRow7RuIDIgVHLDoCBMaW5o!5e0!3m2!1svi!2s!4v1554454375433!5m2!1svi!2s\" width=\"400\" height=\"380\" frameborder=\"0\" style=\"border:0\" allowfullscreen><\/iframe><br \/>\nC\u00e1c th\u00f4ng tin tr\u00ean \u0111\u01b0\u1ee3c cung c\u1ea5p b\u1edfi C\u00f4ng ty TNHH S\u00e2m S\u00e2m!<\/p>\n","protected":false},"featured_media":0,"comment_status":"open","ping_status":"closed","template":"","meta":[],"_links":{"self":[{"href":"https:\/\/vphcheck.com\/index.php\/wp-json\/wp\/v2\/product\/409"}],"collection":[{"href":"https:\/\/vphcheck.com\/index.php\/wp-json\/wp\/v2\/product"}],"about":[{"href":"https:\/\/vphcheck.com\/index.php\/wp-json\/wp\/v2\/types\/product"}],"replies":[{"embeddable":true,"href":"https:\/\/vphcheck.com\/index.php\/wp-json\/wp\/v2\/comments?post=409"}],"wp:attachment":[{"href":"https:\/\/vphcheck.com\/index.php\/wp-json\/wp\/v2\/media?parent=409"}],"curies":[{"name":"wp","href":"https:\/\/api.w.org\/{rel}","templated":true}]}}