{"id":387,"date":"2018-08-26T02:19:40","date_gmt":"2018-08-26T02:19:40","guid":{"rendered":"http:\/\/vphcheck.com\/?post_type=product&#038;p=387"},"modified":"2020-09-13T17:51:20","modified_gmt":"2020-09-13T17:51:20","slug":"co-so-ruou-duc-huy-ruou-tay-giang","status":"publish","type":"product","link":"https:\/\/vphcheck.com\/index.php\/san-pham\/co-so-ruou-duc-huy-ruou-tay-giang\/","title":{"rendered":"C\u01a1 s\u1edf r\u01b0\u1ee3u \u0110\u1ee9c Huy &#8211; R\u01b0\u1ee3u S\u00e2m T\u00e2y Giang"},"content":{"rendered":"<p><strong>S\u1ea2N PH\u1ea8M R\u01af\u1ee2U BA K\u00cdCH T\u00c2Y GIANG<\/strong><\/p>\n<p>C\u00e1c s\u1ea3n ph\u1ea9m r\u01b0\u1ee3u c\u1ee7a c\u01a1 s\u1edf \u0111\u00e3 \u0111\u01b0\u1ee3c ch\u1ee9ng nh\u1eadn v\u1ec1 v\u1ec7 sinh an to\u00e0n th\u1ef1c ph\u1ea9m v\u00e0 \u0111\u01b0\u1ee3c c\u1ea5p m\u00e3 v\u1ea1ch s\u1ea3n ph\u1ea9m t\u1ea1i T\u1ed5ng c\u1ee5c ti\u00eau chu\u1ea9n \u0111o l\u01b0\u1eddng ch\u1ea5t l\u01b0\u1ee3ng.<\/p>\n<p><img loading=\"lazy\" decoding=\"async\" class=\"wp-image-548 aligncenter\" src=\"http:\/\/vphcheck.com\/wp-content\/uploads\/2018\/08\/samduc-huy.jpg\" alt=\"\" width=\"327\" height=\"327\" srcset=\"https:\/\/vphcheck.com\/wp-content\/uploads\/2018\/08\/samduc-huy.jpg 500w, https:\/\/vphcheck.com\/wp-content\/uploads\/2018\/08\/samduc-huy-150x150.jpg 150w, https:\/\/vphcheck.com\/wp-content\/uploads\/2018\/08\/samduc-huy-300x300.jpg 300w, https:\/\/vphcheck.com\/wp-content\/uploads\/2018\/08\/samduc-huy-180x180.jpg 180w\" sizes=\"(max-width: 327px) 100vw, 327px\" \/><\/p>\n","protected":false},"excerpt":{"rendered":"<p style=\"font-weight: 400;\"><b>R\u01b0\u1ee3u \u0111\u1ea3ng s\u00e2m<\/b> T\u00e2y Giang l\u00e0 lo\u1ea1i r\u01b0\u1ee3u \u0111\u01b0\u1ee3c ng\u00e2m t\u1eeb c\u1ee7 \u0111\u1ea3ng s\u00e2m l\u00e0 m\u1ed9t trong nh\u1eefng nh\u00e2n s\u00e2m qu\u00fd v\u00e0 hi\u1ebfm \u1edf n\u01b0\u1edbc ta. S\u00e1ch \u0110\u00f4ng Y c\u00f3 n\u00f3i r\u1eb1ng c\u00f3 th\u1ec3 d\u00f9ng \u0111\u1ea3ng s\u00e2m \u0111\u1ec3 ch\u1eefa nh\u1eefng b\u1ec7nh nh\u01b0 thi\u1ebfu m\u00e1u, da v\u00e0ng, vi\u00eam th\u01b0\u1ee3ng th\u1eadn hay ch\u1eefa ho, ti\u00eau \u0111\u1eddm r\u1ea5t hi\u1ec7u qu\u1ea3<\/p>\n<p><span style=\"font-weight: 400;\">\u00a0<\/span>R\u01b0\u1ee3u \u0111\u1ea3ng s\u00e2m c\u00f3 hai nguy\u00ean li\u1ec7u ch\u00ednh l\u00e0 \u0111\u1ea3ng s\u00e2m v\u00e0 r\u01b0\u1ee3u, v\u1ec1 \u0111\u1ea3ng s\u00e2m th\u00ec 100% \u0111\u01b0\u1ee3c \u0111\u00e0o t\u1eeb r\u1eebng T\u00e2y Giang n\u00ean kh\u00f4ng s\u1ee3 ch\u1ea5t b\u1ea3o qu\u1ea3n hay h\u00f3a ch\u1ea5t \u0111\u1ed9c h\u1ea1i. C\u00f2n v\u1ec1 r\u01b0\u1ee3u \u0111\u01b0\u1ee3c \u00a0n\u1ea5u theo quy tr\u00ecnh truy\u1ec1n th\u1ed1ng v\u00e0 l\u1ecdc qua d\u00e2y chuy\u1ec1n hi\u1ec7n \u0111\u1ea1i, kh\u1eed \u0111\u1ed9c t\u1ed1 n\u00ean r\u01b0\u1ee3u \u0111\u1ea3ng s\u00e2m c\u00f3 t\u00e1c d\u1ee5ng t\u0103ng c\u01b0\u1eddng h\u1ec7 mi\u1ec5n d\u1ecbch, ch\u1ed1ng m\u1ec7t m\u1ecfi v\u00e0 t\u0103ng l\u01b0\u1ee3ng h\u1ed3ng c\u1ea7u trong m\u00e1u<\/p>\n<p><img loading=\"lazy\" decoding=\"async\" class=\"wp-image-549 aligncenter\" src=\"http:\/\/vphcheck.com\/wp-content\/uploads\/2018\/08\/ruou-\u0111ang-sam-chai-hop.jpg\" alt=\"\" width=\"318\" height=\"318\" srcset=\"https:\/\/vphcheck.com\/wp-content\/uploads\/2018\/08\/ruou-\u0111ang-sam-chai-hop.jpg 1200w, https:\/\/vphcheck.com\/wp-content\/uploads\/2018\/08\/ruou-\u0111ang-sam-chai-hop-150x150.jpg 150w, https:\/\/vphcheck.com\/wp-content\/uploads\/2018\/08\/ruou-\u0111ang-sam-chai-hop-300x300.jpg 300w, https:\/\/vphcheck.com\/wp-content\/uploads\/2018\/08\/ruou-\u0111ang-sam-chai-hop-768x768.jpg 768w, https:\/\/vphcheck.com\/wp-content\/uploads\/2018\/08\/ruou-\u0111ang-sam-chai-hop-1024x1024.jpg 1024w, https:\/\/vphcheck.com\/wp-content\/uploads\/2018\/08\/ruou-\u0111ang-sam-chai-hop-180x180.jpg 180w, https:\/\/vphcheck.com\/wp-content\/uploads\/2018\/08\/ruou-\u0111ang-sam-chai-hop-600x600.jpg 600w\" sizes=\"(max-width: 318px) 100vw, 318px\" \/><br \/>\nXu\u00e2n v\u1ec1 c\u0169ng l\u00e0 l\u00fac thu ho\u1ea1ch \u0111\u1ea3ng s\u00e2m v\u00ec th\u1ebf n\u1ebfu b\u1ea1n mu\u1ed1n mua \u0111\u1ea3ng s\u00e2m v\u1edbi gi\u00e1 r\u1ebb th\u00ec \u0111\u00e2y l\u00e0 c\u01a1 h\u1ed9i t\u1ed1t \u0111\u1ec3 b\u1ea1n mua, \u0111\u1ea3ng ng\u00e2m c\u00f2n vi\u1ec7c ng\u00e2m th\u00e0nh r\u01b0\u1ee3u \u0111\u1ea3ng s\u00e2m th\u00ec n\u00f3 c\u00f2n d\u00f9ng nhi\u1ec1u trong c\u00e1c m\u00f3n h\u1ea7m, t\u1ea7n trong b\u1eefa \u0103n h\u1eb1ng ng\u00e0y. N\u1ebfu b\u1ea1n c\u00f3 nhu c\u1ea7u vui l\u00f2ng li\u00ean h\u1ec7 \u00a0<b>0983.217.969 &#8211; 01235.79.79.90<\/b> nh\u00e9 ho\u1eb7c \u0111\u1ebfn tr\u1ef1c ti\u1ebfp t\u1ea1i c\u01a1 s\u1edf r\u01b0\u1ee3u \u0110\u1ee9c Huy v\u1edbi \u0111\u1ecba ch\u1ec9 <b>Th\u00f4n Agr\u1ed3ng &#8211; X\u00e3 Ati\u00eang &#8211; Huy\u1ec7n T\u00e2y Giang &#8211; T\u1ec9nh Qu\u1ea3ng Nam<\/b><\/p>\n<p style=\"font-weight: 400;\"><b><strong>N\u1ebeU B\u1ea0N C\u1ea6N T\u01af V\u1ea4N V\u1ec0 R\u01af\u1ee2U BA K\u00cdCH T\u00c2Y GIANG VUI L\u00d2NG LI\u00caN H\u1ec6\u00a00983.217.969 &#8211; 01235.79.79.90<\/strong><\/b><br \/>\n&#8212;&#8212;&#8212;&#8212;&#8212;&#8212;&#8212;&#8212;&#8212;&#8212;&#8212;&#8212;&#8212;&#8212;&#8212;&#8212;&#8212;&#8212;&#8212;&#8212;&#8212;&#8212;&#8211;<br \/>\n?\u00a0Li\u00ean h\u1ec7: Th\u00f4n Agr\u1ed3ng &#8211; X\u00e3 Ati\u00eang &#8211; Huy\u1ec7n T\u00e2y Giang &#8211; T\u1ec9nh Qu\u1ea3ng Nam<br \/>\n\u260e Hotline: 0983.217.969 &#8211; 01235.79.79.90<br \/>\nWebsite:\u00a0<b><strong><a href=\"http:\/\/www.ruoubakichtaygiang.vn\/\">http:\/\/www.ruoubakichtaygiang.vn<\/a><\/strong><\/b><br \/>\nEmail:\u00a0<b><strong><a href=\"mailto:phamthilai1504@gmail.com\">phamthilai1504@gmail.com<\/a><\/strong><\/b><\/p>\n","protected":false},"featured_media":390,"comment_status":"open","ping_status":"closed","template":"","meta":[],"_links":{"self":[{"href":"https:\/\/vphcheck.com\/index.php\/wp-json\/wp\/v2\/product\/387"}],"collection":[{"href":"https:\/\/vphcheck.com\/index.php\/wp-json\/wp\/v2\/product"}],"about":[{"href":"https:\/\/vphcheck.com\/index.php\/wp-json\/wp\/v2\/types\/product"}],"replies":[{"embeddable":true,"href":"https:\/\/vphcheck.com\/index.php\/wp-json\/wp\/v2\/comments?post=387"}],"wp:featuredmedia":[{"embeddable":true,"href":"https:\/\/vphcheck.com\/index.php\/wp-json\/wp\/v2\/media\/390"}],"wp:attachment":[{"href":"https:\/\/vphcheck.com\/index.php\/wp-json\/wp\/v2\/media?parent=387"}],"curies":[{"name":"wp","href":"https:\/\/api.w.org\/{rel}","templated":true}]}}