{"id":318,"date":"2018-07-12T12:50:45","date_gmt":"2018-07-12T12:50:45","guid":{"rendered":"http:\/\/vphcheck.com\/?post_type=product&#038;p=318"},"modified":"2020-09-13T17:52:01","modified_gmt":"2020-09-13T17:52:01","slug":"que-tra-my-tran-minh-lap","status":"publish","type":"product","link":"https:\/\/vphcheck.com\/index.php\/san-pham\/que-tra-my-tran-minh-lap\/","title":{"rendered":"Qu\u1ebf Tr\u00e0 My &#8211; Tr\u1ea7n Minh L\u1eadp"},"content":{"rendered":"<ul>\n<li class=\"M3\"><span style=\"font-size: 12.0pt; font-weight: normal; font-style: normal;\">Tr\u1ea7n Minh L\u1eadp \u2013 T\u1ed5 tr\u01b0\u1edfng <\/span><\/li>\n<li class=\"M3\"><span style=\"font-size: 12.0pt; font-weight: normal; font-style: normal;\">T\u1ed5 h\u1ee3p t\u00e1c s\u1ea3n xu\u1ea5t, kinh doanh c\u00e1c s\u1ea3n ph\u1ea9m qu\u1ebf Tr\u00e0 My<\/span><\/li>\n<li>\u0110\u1ecba ch\u1ec9: th\u00f4n 3, x\u00e3 Tr\u00e0 Leng, huy\u1ec7n Nam Tr\u00e0 My, t\u1ec9nh Qu\u1ea3ng Nam<\/li>\n<li>Gi\u1ea5y ch\u1ee9ng nh\u1eadn quy\u1ec1n s\u1eed d\u1ee5ng Ch\u1ec9 d\u1eabn \u0111\u1ecba l\u00fd Tr\u00e0 My cho s\u1ea3n ph\u1ea9m qu\u1ebf v\u1ecf s\u1ed1 10\/GCN-SKHCN ng\u00e0y 23\/7\/2018<\/li>\n<\/ul>\n","protected":false},"excerpt":{"rendered":"<p><img loading=\"lazy\" decoding=\"async\" class=\"alignnone wp-image-331 size-full\" src=\"http:\/\/vphcheck.com\/wp-content\/uploads\/2018\/07\/tranminhlap-1.jpg\" alt=\"\" width=\"330\" height=\"460\" srcset=\"https:\/\/vphcheck.com\/wp-content\/uploads\/2018\/07\/tranminhlap-1.jpg 330w, https:\/\/vphcheck.com\/wp-content\/uploads\/2018\/07\/tranminhlap-1-215x300.jpg 215w\" sizes=\"(max-width: 330px) 100vw, 330px\" \/><\/p>\n<p>Gi\u1ea5y ch\u1ee9ng nh\u1eadn do S\u1ede KHCN t\u1ec9nh Qu\u1ea3ng Nam c\u1ea5p<\/p>\n<p style=\"padding-left: 30px;\"><strong>1. Gi\u1edbi thi\u1ec7u:<\/strong><\/p>\n<p><img loading=\"lazy\" decoding=\"async\" class=\"alignnone wp-image-332 \" src=\"http:\/\/vphcheck.com\/wp-content\/uploads\/2018\/07\/Anh-A-Tich-cong-bo-Que-Tra-My.jpg\" alt=\"\" width=\"336\" height=\"257\" \/><\/p>\n<p><img loading=\"lazy\" decoding=\"async\" class=\"alignnone wp-image-334 size-full\" src=\"http:\/\/vphcheck.com\/wp-content\/uploads\/2018\/07\/anh-lap-2.jpg\" alt=\"\" width=\"330\" height=\"248\" \/><\/p>\n<p><img loading=\"lazy\" decoding=\"async\" class=\"alignnone wp-image-333 size-full\" src=\"http:\/\/vphcheck.com\/wp-content\/uploads\/2018\/07\/anh-lap-1.jpg\" alt=\"\" width=\"334\" height=\"406\" \/><\/p>\n<p>H\u00ecnh \u1ea3nh c\u00e2y Qu\u1ebf Tra\u0300 My \u0111\u00e3 \u0111\u01b0\u1ee3c Vua Minh M\u1ea1ng cho kh\u1eafc tr\u00ean Ngh\u1ecb \u0110\u1ec9nh trong b\u1ed9 C\u1eedu \u0110\u1ec9nh \u1edf Cung \u0111\u00ecnh Hu\u1ebf. Kh\u1eb3ng \u0111\u1ecbnh danh ti\u1ebfng l\u00e2u \u0111\u1eddi c\u1ee7a Qu\u1ebf Tr\u00e0 My.<\/p>\n<p><img loading=\"lazy\" decoding=\"async\" class=\" wp-image-321 alignnone\" src=\"http:\/\/vphcheck.com\/wp-content\/uploads\/2018\/07\/que-2-300x224.jpg\" alt=\"\" width=\"331\" height=\"247\" \/><\/p>\n<p>C\u00f9ng v\u1edbi s\u00e2m Ng\u1ecdc Linh, tr\u1ea7m h\u01b0\u01a1ng, m\u1eadt ong, y\u1ebfn s\u00e0o,&#8230; qu\u1ebf Tr\u00e0 My \u0111\u01b0\u1ee3c nh\u1eafc \u0111\u1ebfn nh\u01b0 nh\u1eefng s\u1ea3n v\u1eadt qu\u00fd c\u1ee7a c\u1ea3 n\u01b0\u1edbc, danh ti\u1ebfng v\u1edbi m\u1ef9 t\u1eeb \u201cCao s\u01a1n ng\u1ecdc qu\u1ebf\u201d l\u00e0 s\u1ea3n ph\u1ea9m \u0111\u1ed9c \u0111\u00e1o c\u1ee7a x\u1ee9 Qu\u1ea3ng, gi\u00e1 tr\u1ecb ch\u1ea5t l\u01b0\u1ee3ng c\u1ee7a n\u00f3 kh\u00f4ng c\u00f3 lo\u1ea1i qu\u1ebf n\u00e0o s\u00e1nh \u0111\u01b0\u1ee3c. Qu\u1ebf Tr\u00e0 My v\u1edbi nh\u1eefng \u0111\u1eb7c t\u00ednh v\u01b0\u1ee3t tr\u1ed9i nh\u01b0 c\u00f3 v\u1ecb cay h\u01a1n, \u0111\u1eadm \u0111\u00e0 v\u00e0 ng\u1ecdt h\u01a1n b\u1ea5t k\u1ef3 lo\u1ea1i qu\u1ebf n\u00e0o; v\u1ecf qu\u1ebf Tr\u00e0 My c\u00f3 m\u00e0u s\u1eafc t\u1ef1 nhi\u00ean v\u00e0 b\u00ean ngo\u00e0i \u0111\u1eadm h\u01a1n, ch\u1ee9a r\u1ea5t nhi\u1ec1u tinh d\u1ea7u, gi\u1ed1ng nh\u01b0 m\u1ed9t l\u1edbp d\u1ea7u d\u00e0y c\u1ed9m ch\u1ee9a \u0111\u1ea7y trong v\u1ecf, ch\u00ednh v\u00ec v\u1eady qu\u1ebf Tr\u00e0 My kh\u00f4ng ch\u1ec9 \u0111\u01b0\u1ee3c c\u00e1c n\u01b0\u1edbc c\u00f3 truy\u1ec1n th\u1ed1ng s\u1eed d\u1ee5ng qu\u1ebf \u1edf Ch\u00e2u \u00c1 \u01b0a chu\u1ed9ng, m\u00e0 c\u00f2n c\u00f3 m\u1eb7t \u1edf h\u1ea7u h\u1ebft c\u00e1c n\u01b0\u1edbc tr\u00ean th\u1ebf gi\u1edbi.<\/p>\n<p><em>\u201cQu\u1ebf Tr\u00e0 My th\u1ee9 cay th\u1ee9 ng\u1ecdt<\/em><\/p>\n<p><em>B\u1edfi anh th\u1ee3 r\u1eebng m\u1edbi l\u1ecdt tay anh<\/em><\/p>\n<p><em>Ph\u00e0n du, b\u1ea1ch ch\u1ec9 r\u00e0nh r\u00e0nh<\/em><\/p>\n<p><em>C\u00e2n ti\u1ec3u ly m\u1edbi x\u1ee9ng, ng\u1ecdc li\u00ean th\u00e0nh m\u1edbi c\u00e2n\u201d.<\/em><\/p>\n<p style=\"padding-left: 30px;\"><strong>2. \u0110\u1eb7c th\u00f9 v\u1ec1 ch\u1ea5t l\u01b0\u1ee3ng<\/strong><\/p>\n<table style=\"height: 484px;\" border=\"1\" width=\"327\">\n<tbody>\n<tr>\n<td width=\"257\"><strong><em>Ch\u1ec9 ti\u00eau ch\u1ea5t l\u01b0\u1ee3ng<\/em><\/strong><\/td>\n<td width=\"263\"><strong><em>Kho\u1ea3ng gi\u00e1 tr\u1ecb<\/em><\/strong><\/td>\n<\/tr>\n<tr>\n<td width=\"257\"><em>H\u00e0m l\u01b0\u1ee3ng \u1ea9m <\/em><em>(%)<\/em><\/td>\n<td width=\"263\"><em>14,05 &#8211; 15,06<\/em><\/td>\n<\/tr>\n<tr>\n<td width=\"257\"><em>Ch\u1ec9 s\u1ed1 kh\u00fac x\u1ea1 c\u1ee7a tinh d\u1ea7u (n<sub>D<\/sub><sup>25<\/sup>)<\/em><\/td>\n<td width=\"263\"><em>1,6063 &#8211; 1,6144<\/em><\/td>\n<\/tr>\n<tr>\n<td width=\"257\"><em>T\u1ef7 tr\u1ecdng c\u1ee7a tinh d\u1ea7u (d<sup>25<\/sup>)<\/em><\/td>\n<td width=\"263\"><em>1,0477 &#8211; 1,0554<\/em><\/td>\n<\/tr>\n<tr>\n<td width=\"257\"><em>H\u00e0m l\u01b0\u1ee3ng tinh d\u1ea7u (%,v\/w)<\/em><\/td>\n<td width=\"263\"><em>8,93 &#8211; 10,91<\/em><\/td>\n<\/tr>\n<tr>\n<td width=\"257\"><em>H\u00e0m l\u01b0\u1ee3ng Aldehyt cinnamic trong tinh d\u1ea7u (%,v\/w)<\/em><\/td>\n<td width=\"263\"><em>89,83 &#8211; 93,43<\/em><\/td>\n<\/tr>\n<\/tbody>\n<\/table>\n<p style=\"padding-left: 30px;\"><strong>3.\u00a0Vu\u0300ng ch\u1ec9 d\u1eabn \u0111\u1ecba l\u00fd cho qu\u1ebf Tr\u00e0 My<\/strong><\/p>\n<p style=\"padding-left: 30px;\">C\u1ee5c S\u1edf h\u1eefu tr\u00ed tu\u1ec7 c\u1ea5p Gi\u1ea5y ch\u1ee9ng nh\u1eadn \u0111\u0103ng k\u00fd ch\u1ec9 d\u1eabn \u0111\u1ecba l\u00fd Tr\u00e0 My cho s\u1ea3n ph\u1ea9m qu\u1ebf v\u1ecf s\u1ed1 00029<\/p>\n<p><img loading=\"lazy\" decoding=\"async\" class=\"wp-image-322 alignnone\" src=\"http:\/\/vphcheck.com\/wp-content\/uploads\/2018\/07\/chi-dan-que-214x300.jpg\" alt=\"\" width=\"330\" height=\"463\" srcset=\"https:\/\/vphcheck.com\/wp-content\/uploads\/2018\/07\/chi-dan-que-214x300.jpg 214w, https:\/\/vphcheck.com\/wp-content\/uploads\/2018\/07\/chi-dan-que.jpg 566w\" sizes=\"(max-width: 330px) 100vw, 330px\" \/><\/p>\n<p style=\"padding-left: 30px;\"><strong>4. M\u1ed9t s\u1ed1 h\u00ecnh \u1ea3nh v\u00f9ng Qu\u1ebf:<\/strong><\/p>\n<ul>\n<li><strong>V\u01b0\u1eddn qu\u1ebf<\/strong><\/li>\n<\/ul>\n<p><img loading=\"lazy\" decoding=\"async\" class=\" wp-image-328 alignnone\" src=\"http:\/\/vphcheck.com\/wp-content\/uploads\/2018\/07\/que2-300x192.jpg\" alt=\"\" width=\"327\" height=\"209\" srcset=\"https:\/\/vphcheck.com\/wp-content\/uploads\/2018\/07\/que2-300x192.jpg 300w, https:\/\/vphcheck.com\/wp-content\/uploads\/2018\/07\/que2.jpg 406w\" sizes=\"(max-width: 327px) 100vw, 327px\" \/><\/p>\n<ul>\n<li><strong>Thu ho\u1ea1ch v\u1ecf qu\u1ebf<\/strong><\/li>\n<\/ul>\n<p><img loading=\"lazy\" decoding=\"async\" class=\"alignnone wp-image-326\" src=\"http:\/\/vphcheck.com\/wp-content\/uploads\/2018\/07\/que-3-226x300.jpg\" alt=\"\" width=\"326\" height=\"432\" srcset=\"https:\/\/vphcheck.com\/wp-content\/uploads\/2018\/07\/que-3-226x300.jpg 226w, https:\/\/vphcheck.com\/wp-content\/uploads\/2018\/07\/que-3.jpg 305w\" sizes=\"(max-width: 326px) 100vw, 326px\" \/><\/p>\n<ul>\n<li><strong>Ch\u1ebf bi\u1ebfn v\u1ecf qu\u1ebf<\/strong><\/li>\n<\/ul>\n<p><img loading=\"lazy\" decoding=\"async\" class=\"wp-image-327 alignnone\" src=\"http:\/\/vphcheck.com\/wp-content\/uploads\/2018\/07\/que-4.jpg\" alt=\"\" width=\"327\" height=\"245\" \/><\/p>\n<ul>\n<li><strong>C\u00e1c s\u1ea3n ph\u1ea9m t\u1eeb v\u1ecf qu\u1ebf<\/strong><\/li>\n<\/ul>\n<p><img loading=\"lazy\" decoding=\"async\" class=\"wp-image-325 alignnone\" src=\"http:\/\/vphcheck.com\/wp-content\/uploads\/2018\/07\/8f426e3ff62717794e36-300x225.jpg\" alt=\"\" width=\"330\" height=\"248\" srcset=\"https:\/\/vphcheck.com\/wp-content\/uploads\/2018\/07\/8f426e3ff62717794e36-300x225.jpg 300w, https:\/\/vphcheck.com\/wp-content\/uploads\/2018\/07\/8f426e3ff62717794e36-768x576.jpg 768w, https:\/\/vphcheck.com\/wp-content\/uploads\/2018\/07\/8f426e3ff62717794e36-1024x768.jpg 1024w, https:\/\/vphcheck.com\/wp-content\/uploads\/2018\/07\/8f426e3ff62717794e36.jpg 1280w\" sizes=\"(max-width: 330px) 100vw, 330px\" \/><\/p>\n","protected":false},"featured_media":0,"comment_status":"open","ping_status":"closed","template":"","meta":[],"_links":{"self":[{"href":"https:\/\/vphcheck.com\/index.php\/wp-json\/wp\/v2\/product\/318"}],"collection":[{"href":"https:\/\/vphcheck.com\/index.php\/wp-json\/wp\/v2\/product"}],"about":[{"href":"https:\/\/vphcheck.com\/index.php\/wp-json\/wp\/v2\/types\/product"}],"replies":[{"embeddable":true,"href":"https:\/\/vphcheck.com\/index.php\/wp-json\/wp\/v2\/comments?post=318"}],"wp:attachment":[{"href":"https:\/\/vphcheck.com\/index.php\/wp-json\/wp\/v2\/media?parent=318"}],"curies":[{"name":"wp","href":"https:\/\/api.w.org\/{rel}","templated":true}]}}