{"id":299,"date":"2018-07-05T02:38:30","date_gmt":"2018-07-05T02:38:30","guid":{"rendered":"http:\/\/vphcheck.com\/?post_type=product&#038;p=299"},"modified":"2020-09-13T17:52:01","modified_gmt":"2020-09-13T17:52:01","slug":"sam-ngoc-linh","status":"publish","type":"product","link":"https:\/\/vphcheck.com\/index.php\/san-pham\/sam-ngoc-linh\/","title":{"rendered":"S\u00e2m Ng\u1ecdc Linh"},"content":{"rendered":"<p>S\u00e2m Ng\u1ecdc Linh l\u00e0 01 lo\u00e0i Nh\u00e2n S\u00e2m \u0111\u1eb7c bi\u1ec7t qu\u00fd hi\u1ebfm ch\u1ec9 c\u00f3 \u1edf Vi\u1ec7t Nam.<\/p>\n<p><img loading=\"lazy\" decoding=\"async\" class=\"size-medium wp-image-219 aligncenter\" src=\"http:\/\/vphcheck.com\/wp-content\/uploads\/2018\/04\/sam-1-300x234.jpg\" alt=\"\" width=\"300\" height=\"234\" srcset=\"https:\/\/vphcheck.com\/wp-content\/uploads\/2018\/04\/sam-1-300x234.jpg 300w, https:\/\/vphcheck.com\/wp-content\/uploads\/2018\/04\/sam-1.jpg 600w\" sizes=\"(max-width: 300px) 100vw, 300px\" \/><\/p>\n<p style=\"text-align: center;\">Hi\u0300nh s\u00e2m nu\u0301i Ngo\u0323c Linh h\u01a1n 100 tu\u00f4\u0309i<\/p>\n<p>S\u00e2m Ng\u1ecdc Linh ch\u1ee9a <strong>52<\/strong> h\u1ee3p ch\u1ea5t saponin nh\u01b0: Ginsenosid Rb1, Rd, Rg1, Majonosid R2\u2026Trong \u0111\u00f3, ch\u1ec9 c\u00f3 <strong>26<\/strong> saponin th\u01b0\u1eddng th\u1ea5y \u1edf s\u00e2m Tri\u1ec1u Ti\u00ean, s\u00e2m M\u1ef9 v\u00e0 s\u00e2m Nh\u1eadt&#8230; v\u00e0 <strong>26<\/strong> saponin m\u1edbi ch\u1ec9 c\u00f3 trong S\u00e2m Ng\u1ecdc Linh <em>(\u0111i\u00ea\u0309m kha\u0301c bi\u00ea\u0323t so v\u01a1\u0301i s\u00e2m n\u00f4\u0309i ti\u00ea\u0301ng tr\u00ean th\u00ea\u0301 gi\u01a1\u0301i).<\/em><\/p>\n<p>Ngo\u00e0i ra, S\u00e2m Ng\u1ecdc Linh c\u00f2n ch\u1ee9a c\u00e1c h\u1ee3p ch\u1ea5t c\u00f3 gi\u00e1 tr\u1ecb kh\u00e1c nh\u01b0: Polyacetylene, acid b\u00e9o, tinh d\u1ea7u, acid amin v\u00e0 c\u00e1c nguy\u00ean t\u1ed1 vi l\u01b0\u1ee3ng c\u00f3 gi\u00e1 tr\u1ecb sinh h\u1ecdc nh\u01b0: K, Na,Ca, Mg, Fe, Mn, Cu, Co&#8230;.<\/p>\n","protected":false},"excerpt":{"rendered":"<p><strong><em>C\u00f4ng d\u1ee5ng: <\/em><\/strong><\/p>\n<p>T\u0103ng s\u1ee9c \u0111\u1ec1 kh\u00e1ng, ch\u1ed1ng suy nh\u01b0\u1ee3c c\u01a1 th\u1ec3, gi\u1ea3m m\u1ec7t m\u1ecfi trong lao \u0111\u1ed9ng, gi\u1ea3m Stress\u2026<\/p>\n<p>N\u00e2ng cao huy\u1ebft \u00e1p cho ng\u01b0\u1eddi huy\u1ebft \u00e1p th\u1ea5p.<\/p>\n<p>H\u1ed7 tr\u1ee3 \u0111i\u1ec1u tr\u1ecb vi\u00eam h\u1ecdng, t\u0103ng t\u00e1c d\u1ee5ng c\u1ee7a thu\u1ed1c \u0111i\u1ec1u tr\u1ecb b\u1ec7nh ti\u1ec3u \u0111\u01b0\u1eddng v\u00e0 h\u1ed7 tr\u1ee3 \u0111i\u1ec1u tr\u1ecb b\u1ec7nh ung th\u01b0.<\/p>\n<p style=\"text-align: center;\"><img loading=\"lazy\" decoding=\"async\" class=\"aligncenter wp-image-221\" src=\"http:\/\/vphcheck.com\/wp-content\/uploads\/2018\/04\/sam-3-300x225.jpg\" alt=\"\" width=\"368\" height=\"276\" srcset=\"https:\/\/vphcheck.com\/wp-content\/uploads\/2018\/04\/sam-3-300x225.jpg 300w, https:\/\/vphcheck.com\/wp-content\/uploads\/2018\/04\/sam-3-768x576.jpg 768w, https:\/\/vphcheck.com\/wp-content\/uploads\/2018\/04\/sam-3-1024x768.jpg 1024w, https:\/\/vphcheck.com\/wp-content\/uploads\/2018\/04\/sam-3.jpg 1305w\" sizes=\"(max-width: 368px) 100vw, 368px\" \/><\/p>\n<p><strong><em>Ca\u0301c sa\u0309n ph\u00e2\u0309m t\u01b0\u0300 S\u00e2m Ngo\u0323c Linh:<\/em><\/strong><\/p>\n<p>S\u00e2m cu\u0309 t\u01b0\u01a1i, s\u00e2m c\u1ee7 kh\u00f4;\u00a0s\u00e2m l\u00e1t;\u00a0s\u00e2m\u00a0t\u1ea9m m\u1eadt ong; cao s\u00e2m; d\u1ecbch s\u00e2m; tinh ch\u1ea5t s\u00e2m\u00a0;\u00a0n\u01b0\u1edbc c\u1ed1t s\u00e2m;\u00a0s\u00e2m chi\u1ebft xu\u1ea5t d\u1ea1ng n\u01b0\u1edbc; s\u00e2m chi\u1ebft xu\u1ea5t d\u1ea1ng b\u1ed9t, d\u1ea1ng vi\u00ean;\u00a0vi\u00ean nang s\u00e2m;\u00a0vi\u00ean cao s\u00e2m; vi\u00eam s\u00e2m nhung linh chi (tinh ch\u1ea5t nh\u00e2n s\u00e2m, nhung h\u01b0\u01a1u, n\u1ea5m linh chi ); k\u1eb9o\u00a0s\u00e2m; tr\u00e0 (ch\u00e8) s\u00e2m; n\u01b0\u1edbc u\u1ed1ng; n\u01b0\u1edbc u\u1ed1ng t\u0103ng l\u1ef1c; canh (g\u00e0, th\u1ecbt,\u2026) h\u1ea7m s\u00e2m; s\u1eefa s\u00e2m; r\u01b0\u1ee3u s\u00e2m (c\u1ee7, l\u00e1, th\u00e2n); N\u01b0\u1edbc hoa s\u00e2m; kem d\u01b0\u1ee1ng da; s\u1eefa r\u1eeda m\u1eb7t s\u00e2m; m\u1eb7t n\u1ea1; s\u1eefa t\u1eafm; gel s\u00e2m;\u00a0d\u1ea7u g\u1ed9i; d\u1ea7u x\u1ea3; d\u1ea7u d\u01b0\u1ee1ng t\u00f3c;\u2026<\/p>\n<p><img loading=\"lazy\" decoding=\"async\" class=\" wp-image-220 aligncenter\" src=\"http:\/\/vphcheck.com\/wp-content\/uploads\/2018\/04\/sam-2-214x300.jpg\" alt=\"\" width=\"232\" height=\"325\" srcset=\"https:\/\/vphcheck.com\/wp-content\/uploads\/2018\/04\/sam-2-214x300.jpg 214w, https:\/\/vphcheck.com\/wp-content\/uploads\/2018\/04\/sam-2.jpg 671w\" sizes=\"(max-width: 232px) 100vw, 232px\" \/><\/p>\n","protected":false},"featured_media":179,"comment_status":"open","ping_status":"closed","template":"","meta":[],"_links":{"self":[{"href":"https:\/\/vphcheck.com\/index.php\/wp-json\/wp\/v2\/product\/299"}],"collection":[{"href":"https:\/\/vphcheck.com\/index.php\/wp-json\/wp\/v2\/product"}],"about":[{"href":"https:\/\/vphcheck.com\/index.php\/wp-json\/wp\/v2\/types\/product"}],"replies":[{"embeddable":true,"href":"https:\/\/vphcheck.com\/index.php\/wp-json\/wp\/v2\/comments?post=299"}],"wp:featuredmedia":[{"embeddable":true,"href":"https:\/\/vphcheck.com\/index.php\/wp-json\/wp\/v2\/media\/179"}],"wp:attachment":[{"href":"https:\/\/vphcheck.com\/index.php\/wp-json\/wp\/v2\/media?parent=299"}],"curies":[{"name":"wp","href":"https:\/\/api.w.org\/{rel}","templated":true}]}}