{"id":273,"date":"2018-06-09T13:43:54","date_gmt":"2018-06-09T13:43:54","guid":{"rendered":"http:\/\/vphcheck.com\/?post_type=product&#038;p=273"},"modified":"2020-09-13T17:51:37","modified_gmt":"2020-09-13T17:51:37","slug":"cong-ty-tnhh-sx-ckb-kd-xnk-huong-que","status":"publish","type":"product","link":"https:\/\/vphcheck.com\/index.php\/san-pham\/cong-ty-tnhh-sx-ckb-kd-xnk-huong-que\/","title":{"rendered":"C\u00f4ng ty TNHH SX CKB KD XNK H\u01b0\u01a1ng Qu\u1ebf"},"content":{"rendered":"<ul>\n<li><strong>Ng\u01b0\u1eddi \u0111\u1ea1i di\u1ec7n :<\/strong>\u00a0\u00d4ng Nguy\u1ec5n Xu\u00e2n S\u01a1n<\/li>\n<li><strong>\u0110\u1ecba ch\u1ec9 :<\/strong>\u00a0T\u1ed5 11 Kh\u1ed1i \u0110\u00e0 S\u01a1n ,Ph\u01b0\u1eddng H\u00f2a Kh\u00e1nh Nam ,Qu\u1eadn Li\u00ean Chi\u1ec3u, T.p \u0110\u00e0 N\u1eb5ng<\/li>\n<li><strong>\u0110i\u1ec7n Tho\u1ea1i :<\/strong> 02363 737 078 * 0903521 898 * 0905761878<\/li>\n<li><strong>Email :<\/strong>\u00a0info@huongque.com.vn<\/li>\n<li><strong>wedsite :<\/strong> www.huongque.com.vn<\/li>\n<\/ul>\n","protected":false},"excerpt":{"rendered":"<p><strong>Qu\u1ebf<\/strong>\u00a0l\u00e0 m\u1ed9t lo\u1ea1i d\u01b0\u1ee3c li\u1ec7u qu\u00fd trong y h\u1ecdc c\u1ed5 truy\u1ec1n, \u0111\u01b0\u1ee3c d\u00f9ng nhi\u1ec1u trong \u0110\u00f4ng y v\u00e0 T\u00e2y y: c\u00f3 t\u00e1c d\u1ee5ng k\u00edch th\u00edch l\u00e0m t\u0103ng tu\u1ea7n ho\u00e0n m\u00e1u, g\u00e2y co m\u1ea1ch, t\u0103ng b\u00e0i ti\u1ebft, s\u00e1t tr\u00f9ng, ch\u1eefa \u0111au b\u1ee5ng&#8230; v\u00e0 l\u00e0m \u0111\u1ed3 gia v\u1ecb. \u0110\u1eb7c bi\u1ec7t h\u01a1n, C\u00f4ng ty H\u01b0\u01a1ng Qu\u1ebf s\u1ea3n xu\u1ea5t ra c\u00e1c s\u1ea3n ph\u1ea9m c\u00f3 nguy\u00ean li\u1ec7u \u0111\u1eb7c tr\u01b0ng t\u1eeb\u00a0<strong>qu\u1ebf Tr\u00e0 My<\/strong>\u00a0&#8211; Qu\u1ea3ng Nam mang l\u1ea1i nhi\u1ec1u c\u00f4ng d\u1ee5ng t\u1ed1t cho s\u1ee9c kh\u1ecfe, \u0111\u01b0\u1ee3c nhi\u1ec1u ng\u01b0\u1eddi ti\u00eau d\u00f9ng \u01b0a chu\u1ed9ng.<\/p>\n<p><a href=\"https:\/\/www.youtube.com\/watch?v=WLmsGvN_-c8\">https:\/\/www.youtube.com\/watch?v=WLmsGvN_-c8<\/a><\/p>\n<ul>\n<li><strong><strong>M\u1ed8T S\u1ed0 S\u1ea2N PH\u1ea2M TI\u00caU BI\u1ec2U C\u1ee6A H\u01af\u01a0NG QU\u1ebe<\/strong><\/strong>\n<p style=\"text-align: center\"><img loading=\"lazy\" decoding=\"async\" class=\"alignnone wp-image-287\" src=\"http:\/\/vphcheck.com\/wp-content\/uploads\/2018\/06\/l\u00f3t-gi\u00e0y-v\u1ea3i-cotton-230x300.png\" alt=\"\" width=\"200\" height=\"261\" \/><\/p>\n<p style=\"text-align: center\"><em><strong>L\u00f3t gi\u00e0y d\u00f2ng ph\u1ed5 th\u00f4ng H\u01b0\u01a1ng Qu\u1ebf<\/strong><\/em><\/p>\n<\/li>\n<\/ul>\n<p style=\"text-align: center\"><img loading=\"lazy\" decoding=\"async\" class=\"aligncenter wp-image-276\" src=\"http:\/\/vphcheck.com\/wp-content\/uploads\/2018\/06\/lotn-300x200.jpg\" alt=\"\" width=\"300\" height=\"200\" srcset=\"https:\/\/vphcheck.com\/wp-content\/uploads\/2018\/06\/lotn-300x200.jpg 300w, https:\/\/vphcheck.com\/wp-content\/uploads\/2018\/06\/lotn.jpg 369w\" sizes=\"(max-width: 300px) 100vw, 300px\" \/><\/p>\n<p>&nbsp;<\/p>\n<p style=\"text-align: center\"><img loading=\"lazy\" decoding=\"async\" class=\"alignnone wp-image-303 size-medium\" src=\"http:\/\/vphcheck.com\/wp-content\/uploads\/2018\/06\/l\u00f3t-gi\u00e0y-cao-c\u1ea5p-v\u1ea3i-l\u01b0\u1edbi-1-l\u1edbp-228x300.png\" alt=\"\" width=\"228\" height=\"300\" \/>\u00a0<img loading=\"lazy\" decoding=\"async\" class=\"alignnone wp-image-370 size-medium\" src=\"http:\/\/vphcheck.com\/wp-content\/uploads\/2018\/06\/lotgiay501-236x300.png\" alt=\"\" width=\"236\" height=\"300\" \/><img loading=\"lazy\" decoding=\"async\" class=\"alignnone wp-image-371 size-medium\" src=\"http:\/\/vphcheck.com\/wp-content\/uploads\/2018\/06\/thuncotton-222x300.png\" alt=\"\" width=\"222\" height=\"300\" \/><\/p>\n<p><img loading=\"lazy\" decoding=\"async\" class=\"alignnone wp-image-372 size-medium\" src=\"http:\/\/vphcheck.com\/wp-content\/uploads\/2018\/06\/lotgiayxodua801-223x300.png\" alt=\"\" width=\"223\" height=\"300\" \/><img loading=\"lazy\" decoding=\"async\" class=\"alignnone wp-image-373 size-medium\" src=\"http:\/\/vphcheck.com\/wp-content\/uploads\/2018\/06\/lotgiay501-1-236x300.png\" alt=\"\" width=\"236\" height=\"300\" \/><\/p>\n<p><img loading=\"lazy\" decoding=\"async\" class=\"aligncenter wp-image-480 size-medium\" src=\"http:\/\/vphcheck.com\/wp-content\/uploads\/2018\/06\/HOP-LG-LUOI-2-LOP-HQ402-1111-psd-300x152.jpg\" alt=\"\" width=\"300\" height=\"152\" \/><\/p>\n<p style=\"text-align: center\"><em><strong>L\u00f3t gi\u00e0y d\u00f2ng cao c\u1ea5p H\u01b0\u01a1ng Qu\u1ebf<\/strong><\/em><\/p>\n<p style=\"text-align: center\"><img loading=\"lazy\" decoding=\"async\" class=\"aligncenter wp-image-275\" src=\"http:\/\/vphcheck.com\/wp-content\/uploads\/2018\/06\/hq1-300x200.jpg\" alt=\"\" width=\"300\" height=\"200\" \/><\/p>\n<p><img loading=\"lazy\" decoding=\"async\" class=\"alignnone size-medium wp-image-374\" src=\"http:\/\/vphcheck.com\/wp-content\/uploads\/2018\/06\/HS6250-300x300.png\" alt=\"\" width=\"300\" height=\"300\" \/> <img loading=\"lazy\" decoding=\"async\" class=\"alignnone size-medium wp-image-375\" src=\"http:\/\/vphcheck.com\/wp-content\/uploads\/2018\/06\/HS6251-300x300.png\" alt=\"\" width=\"300\" height=\"300\" \/><\/p>\n<p><img loading=\"lazy\" decoding=\"async\" class=\"alignnone size-medium wp-image-384\" src=\"http:\/\/vphcheck.com\/wp-content\/uploads\/2018\/06\/dep-da-tt-88-280x300.jpg\" alt=\"\" width=\"280\" height=\"300\" \/><\/p>\n<p style=\"text-align: center\"><em><strong>D\u00e9p H\u01b0\u01a1ng Qu\u1ebf<\/strong><\/em><\/p>\n<p style=\"text-align: center\"><img loading=\"lazy\" decoding=\"async\" class=\"alignnone wp-image-288 size-medium\" src=\"http:\/\/vphcheck.com\/wp-content\/uploads\/2018\/06\/qu\u1ebf-ng\u00e2m-ch\u00e2n-tr\u1ecb-li\u1ec7u-226x300.png\" alt=\"\" width=\"226\" height=\"300\" \/><\/p>\n<p style=\"text-align: center\"><em><strong>Qu\u1ebf ng\u00e2m ch\u00e2n<\/strong><\/em><\/p>\n[caption id=\"attachment_305\" align=\"aligncenter\" width=\"300\"]<img loading=\"lazy\" decoding=\"async\" class=\"size-medium wp-image-305\" src=\"http:\/\/vphcheck.com\/wp-content\/uploads\/2018\/06\/Best-qu\u1ebf-1-300x189.png\" alt=\"\" width=\"300\" height=\"189\" \/> <em><strong>B\u1ed9t qu\u1ebf d\u00f9ng l\u00e0m th\u1ef1c ph\u1ea9m<\/strong><\/em>[\/caption]\n<p><img loading=\"lazy\" decoding=\"async\" class=\"size-medium wp-image-306 aligncenter\" src=\"http:\/\/vphcheck.com\/wp-content\/uploads\/2018\/06\/botque-1-300x300.jpg\" alt=\"\" width=\"300\" height=\"300\" srcset=\"https:\/\/vphcheck.com\/wp-content\/uploads\/2018\/06\/botque-1-300x300.jpg 300w, https:\/\/vphcheck.com\/wp-content\/uploads\/2018\/06\/botque-1-150x150.jpg 150w, https:\/\/vphcheck.com\/wp-content\/uploads\/2018\/06\/botque-1-180x180.jpg 180w, https:\/\/vphcheck.com\/wp-content\/uploads\/2018\/06\/botque-1.jpg 500w\" sizes=\"(max-width: 300px) 100vw, 300px\" \/><\/p>\n<p style=\"text-align: center\"><img loading=\"lazy\" decoding=\"async\" class=\"wp-image-289 alignleft\" src=\"http:\/\/vphcheck.com\/wp-content\/uploads\/2018\/06\/t\u1ea5m-th\u1ea3o-d\u01b0\u1ee3c-tr\u1ea3i-n\u1ec7m-gi\u01b0\u1eddng-300x216.jpg\" alt=\"\" width=\"300\" height=\"216\" \/><\/p>\n<p>&nbsp;<\/p>\n<p>&nbsp;<\/p>\n<p><img loading=\"lazy\" decoding=\"async\" class=\"alignnone size-medium wp-image-307\" src=\"http:\/\/vphcheck.com\/wp-content\/uploads\/2018\/06\/hinh-chon-3-300x206.jpg\" alt=\"\" width=\"300\" height=\"206\" \/><\/p>\n<p>&nbsp;<\/p>\n<p style=\"text-align: center\"><em><strong>Th\u1ea3m th\u1ea3o d\u01b0\u1ee3c tr\u1ea3i n\u1ec7m gi\u01b0\u1eddng<\/strong><\/em><\/p>\n<p style=\"text-align: center\"><img loading=\"lazy\" decoding=\"async\" class=\"alignnone wp-image-286\" src=\"http:\/\/vphcheck.com\/wp-content\/uploads\/2018\/06\/Gel-Sline-gi\u1ea3m-m\u1ee1-242x300.jpg\" alt=\"\" width=\"300\" height=\"372\" \/><\/p>\n<p><a href=\"https:\/\/www.youtube.com\/watch?v=VrCJjRgCTzU\">https:\/\/www.youtube.com\/watch?v=VrCJjRgCTzU<\/a><\/p>\n<p style=\"text-align: center\"><em><strong>Gel Sline gi\u1ea3m m\u1ee1<\/strong><\/em><\/p>\n<p style=\"text-align: center\"><img loading=\"lazy\" decoding=\"async\" class=\"alignnone wp-image-285\" src=\"http:\/\/vphcheck.com\/wp-content\/uploads\/2018\/06\/\u0111ai-J-sure-gi\u1ea3m-\u0111au-l\u01b0ng-242x300.jpg\" alt=\"\" width=\"300\" height=\"372\" \/><\/p>\n<p><a href=\"https:\/\/www.youtube.com\/watch?v=nRFa5gyufPw\">https:\/\/www.youtube.com\/watch?v=nRFa5gyufPw<\/a><\/p>\n<p style=\"text-align: center\"><em><strong>\u0110ai J-sure gi\u1ea3m \u0111au l\u01b0ng<\/strong><\/em><\/p>\n<p><img loading=\"lazy\" decoding=\"async\" class=\"alignnone size-medium wp-image-380\" src=\"http:\/\/vphcheck.com\/wp-content\/uploads\/2018\/06\/nit-bung-huong-que-1-261x300.jpg\" alt=\"\" width=\"261\" height=\"300\" \/> <img loading=\"lazy\" decoding=\"async\" class=\"alignnone size-medium wp-image-381\" src=\"http:\/\/vphcheck.com\/wp-content\/uploads\/2018\/06\/nitnew4-1-300x252.jpg\" alt=\"\" width=\"300\" height=\"252\" \/><\/p>\n<p><em><strong>N\u1ecbt b\u1ee5ng cao c\u1ea5p h\u01b0\u01a1ng qu\u1ebf<\/strong><\/em><\/p>\n<p><em><strong><img loading=\"lazy\" decoding=\"async\" class=\"alignnone size-medium wp-image-383\" src=\"http:\/\/vphcheck.com\/wp-content\/uploads\/2018\/06\/nitgoi-300x300.png\" alt=\"\" width=\"300\" height=\"300\" \/> <img loading=\"lazy\" decoding=\"async\" class=\"alignnone size-medium wp-image-382\" src=\"http:\/\/vphcheck.com\/wp-content\/uploads\/2018\/06\/3-300x188.png\" alt=\"\" width=\"300\" height=\"188\" \/><\/strong><\/em><\/p>\n<p><em><strong>N\u1ecbt g\u1ed1i cao c\u1ea5p H\u01b0\u01a1ng qu\u1ebf<\/strong><\/em><\/p>\n<p><img loading=\"lazy\" decoding=\"async\" class=\"alignnone size-medium wp-image-385\" src=\"http:\/\/vphcheck.com\/wp-content\/uploads\/2018\/06\/3-1-300x158.jpg\" alt=\"\" width=\"300\" height=\"158\" \/> <img loading=\"lazy\" decoding=\"async\" class=\"alignnone size-medium wp-image-386\" src=\"http:\/\/vphcheck.com\/wp-content\/uploads\/2018\/06\/hop-moi-300x257.jpg\" alt=\"\" width=\"300\" height=\"257\" \/><\/p>\n<p><em><strong>T\u1ea5m th\u1ea3o d\u01b0\u1ee3c g\u1ed1i k\u00ea \u0111\u1ea7u<\/strong><\/em><\/p>\n<p>&nbsp;<\/p>\n<ul>\n<li><strong>M\u1ed9t s\u1ed1 h\u00ecnh \u1ea3nh v\u1ec1 k\u1ef9 thu\u1eadt khai th\u00e1c v\u00e0 b\u1ea3o qu\u1ea3n qu\u1ebf c\u1ee7a ng\u01b0\u1eddi d\u00e2n Tr\u00e0 My<\/strong><\/li>\n<\/ul>\n<p style=\"text-align: center\"><img loading=\"lazy\" decoding=\"async\" class=\"size-medium wp-image-292 aligncenter\" src=\"http:\/\/vphcheck.com\/wp-content\/uploads\/2018\/06\/da-vid-len-rung-que-300x169.jpg\" alt=\"\" width=\"300\" height=\"169\" \/><\/p>\n<p style=\"text-align: center\"><img loading=\"lazy\" decoding=\"async\" class=\"wp-image-293 aligncenter\" src=\"http:\/\/vphcheck.com\/wp-content\/uploads\/2018\/06\/DSC_0398-199x300.jpg\" alt=\"\" width=\"300\" height=\"452\" \/><\/p>\n<p style=\"text-align: center\"><img loading=\"lazy\" decoding=\"async\" class=\"size-medium wp-image-294\" style=\"font-size: 16px\" src=\"http:\/\/vphcheck.com\/wp-content\/uploads\/2018\/06\/DSC_0403-300x199.jpg\" alt=\"\" width=\"300\" height=\"199\" \/><\/p>\n<p style=\"text-align: center\"><img loading=\"lazy\" decoding=\"async\" class=\"alignnone wp-image-295\" src=\"http:\/\/vphcheck.com\/wp-content\/uploads\/2018\/06\/z935994720231_05fcae81bdf9947a51946f6e310d620a-225x300.jpg\" alt=\"\" width=\"300\" height=\"400\" \/><\/p>\n<p style=\"text-align: center\"><img loading=\"lazy\" decoding=\"async\" class=\"aligncenter wp-image-280\" src=\"http:\/\/vphcheck.com\/wp-content\/uploads\/2018\/06\/3-288x300.jpg\" alt=\"\" width=\"300\" height=\"313\" \/><\/p>\n<p style=\"text-align: center\"><em>\u00a0<\/em>K\u1ef9 thu\u1eadt ph\u01a1i v\u1ecf qu\u1ebf _<\/p>\n","protected":false},"featured_media":0,"comment_status":"open","ping_status":"closed","template":"","meta":[],"_links":{"self":[{"href":"https:\/\/vphcheck.com\/index.php\/wp-json\/wp\/v2\/product\/273"}],"collection":[{"href":"https:\/\/vphcheck.com\/index.php\/wp-json\/wp\/v2\/product"}],"about":[{"href":"https:\/\/vphcheck.com\/index.php\/wp-json\/wp\/v2\/types\/product"}],"replies":[{"embeddable":true,"href":"https:\/\/vphcheck.com\/index.php\/wp-json\/wp\/v2\/comments?post=273"}],"wp:attachment":[{"href":"https:\/\/vphcheck.com\/index.php\/wp-json\/wp\/v2\/media?parent=273"}],"curies":[{"name":"wp","href":"https:\/\/api.w.org\/{rel}","templated":true}]}}