{"id":243,"date":"2018-05-22T07:21:09","date_gmt":"2018-05-22T07:21:09","guid":{"rendered":"http:\/\/vphcheck.com\/?post_type=product&#038;p=243"},"modified":"2020-09-13T17:51:37","modified_gmt":"2020-09-13T17:51:37","slug":"my-nghe-tram-huong-tien-phuoc","status":"publish","type":"product","link":"https:\/\/vphcheck.com\/index.php\/san-pham\/my-nghe-tram-huong-tien-phuoc\/","title":{"rendered":"H\u1ee3p t\u00e1c x\u00e3 th\u1ef1c ph\u1ea9m s\u1ea1ch Ph\u00fa Ninh"},"content":{"rendered":"<ul>\n<li>Di\u1ec7n t\u00edch SX : <strong>52.000 m2<\/strong><\/li>\n<li>\u0110\u1ecba \u0111i\u1ec3m : \u0110\u1ed3i C\u00e2y S\u1ee3p, th\u00f4n T\u00e2y Y\u00ean, x\u00e3 Tam \u0110\u00e0n, huy\u1ec7n Ph\u00fa Ninh, t\u1ec9nh Qu\u1ea3ng Nam<\/li>\n<li>Gi\u00e1m \u0111\u1ed1c HTX : <strong>Hu\u1ef3nh \u0110\u1ee9c T\u01b0\u1eddng<\/strong><\/li>\n<li>\u0110i\u1ec7n tho\u1ea1i : <strong>02353 609096 &#8211; 0914 344 025 \u00a0<\/strong><\/li>\n<\/ul>\n","protected":false},"excerpt":{"rendered":"<ul>\n<li>\n<ul>\n<li>T\u1ea5t c\u1ea3 c\u00e1c s\u1ea3n ph\u1ea9m rau qu\u1ea3, th\u1ef1c ph\u1ea9m do ch\u00fang t\u00f4i s\u1ea3n xu\u1ea5t ra cam k\u1ebft kh\u00f4ng s\u1eed d\u1ee5ng ph\u00e2n b\u00f3n h\u00f3a h\u1ecdc, kh\u00f4ng phun thu\u1ed1c BVTV h\u00f3a h\u1ecdc, kh\u00f4ng phun thu\u1ed1c k\u00edch th\u00edch t\u0103ng tr\u01b0\u1edfng, kh\u00f4ng d\u00f9ng ch\u1ea5t b\u1ea3o qu\u1ea3n.<\/li>\n<li>\u0110\u1ed1i v\u1edbi tr\u1ed3ng tr\u1ecdt rau qu\u1ea3 : Ch\u1ee7 y\u1ebfu s\u1eed d\u1ee5ng ngu\u1ed3n ph\u00e2n h\u1eefu c\u01a1, ph\u00e2n vi sinh, ph\u00e2n chu\u1ed3ng \u1ee7 ho\u1ea1i m\u1ee5c k\u1ebft h\u1ee3p v\u1edbi qu\u00e1 tr\u00ecnh canh t\u00e1c khoa h\u1ecdc, \u00e1p d\u1ee5ng gi\u1eefa c\u00f4ng ngh\u1ec7 v\u00e0 kinh nghi\u1ec7m nh\u00e0 n\u00f4ng.<\/li>\n<li>\u0110\u1ed1i v\u1edbi ch\u0103n nu\u00f4i heo, g\u00e0, v\u1ecbt : Ch\u1ee7 y\u1ebfu s\u1eed d\u1ee5ng c\u00e1m, b\u1eafp, chu\u1ed1i v\u00e0 ch\u1ee7 y\u1ebfu t\u1eadn d\u1ee5ng ngu\u1ed3n rau qu\u1ea3 d\u01b0 th\u1eeba h\u00e0ng ng\u00e0y ngay t\u1ea1i trang tr\u1ea1i<br \/>\n<hr \/>\n<\/li>\n<\/ul>\n<p><strong>* C\u00e1c lo\u1ea1i th\u1ef1c ph\u1ea9m ch\u00fang t\u00f4i \u0111ang cung c\u1ea5p :<\/strong><\/p>\n<ul>\n<li>Rau qu\u1ea3 : Rau m\u1ea7m, b\u1ea7u, b\u00ed \u0111ao, b\u00ed \u0111\u1ecf, rau c\u1ea7n, rau mu\u1ed1ng, c\u1ea3i cay, c\u1ea3i ng\u1ecdt, c\u1ea3i th\u00eca, x\u00e0 l\u00e1ch, rau d\u1ec1n, m\u1ed3ng t\u01a1i, rau c\u1ea7n, ng\u1ecdn b\u00ed, rau m\u00e1, t\u1ea7n \u00f4, \u0111\u1eadu cove, \u0111\u1eadu \u0111\u0169a, c\u00e0 t\u00edm, \u0111\u1eadu b\u1eafp, kh\u1ed5 qua, b\u1ed3 ng\u00f3t.<\/li>\n<li>Th\u1ecbt tr\u1ee9ng c\u00e1c lo\u1ea1i : G\u00e0 ta, th\u1ecbt heo qu\u00ea, heo m\u1ecdi, v\u1ecbt tr\u1eddi, tr\u1ee9ng g\u00e0 ta.<\/li>\n<\/ul>\n<\/li>\n<\/ul>\n","protected":false},"featured_media":0,"comment_status":"open","ping_status":"closed","template":"","meta":[],"_links":{"self":[{"href":"https:\/\/vphcheck.com\/index.php\/wp-json\/wp\/v2\/product\/243"}],"collection":[{"href":"https:\/\/vphcheck.com\/index.php\/wp-json\/wp\/v2\/product"}],"about":[{"href":"https:\/\/vphcheck.com\/index.php\/wp-json\/wp\/v2\/types\/product"}],"replies":[{"embeddable":true,"href":"https:\/\/vphcheck.com\/index.php\/wp-json\/wp\/v2\/comments?post=243"}],"wp:attachment":[{"href":"https:\/\/vphcheck.com\/index.php\/wp-json\/wp\/v2\/media?parent=243"}],"curies":[{"name":"wp","href":"https:\/\/api.w.org\/{rel}","templated":true}]}}