{"id":242,"date":"2018-05-22T07:19:24","date_gmt":"2018-05-22T07:19:24","guid":{"rendered":"http:\/\/vphcheck.com\/?post_type=product&#038;p=242"},"modified":"2020-09-13T17:51:37","modified_gmt":"2020-09-13T17:51:37","slug":"banh-trang-dai-loc","status":"publish","type":"product","link":"https:\/\/vphcheck.com\/index.php\/san-pham\/banh-trang-dai-loc\/","title":{"rendered":"D\u01b0a h\u1ea5u Ph\u00fa Ninh"},"content":{"rendered":"<ul>\n<li>\n<h5 class=\"txt-head\">V\u00f9ng tr\u1ed3ng d\u01b0a h\u1ea5u c\u1ee7a huy\u1ec7n Ph\u00fa Ninh, Qu\u1ea3ng Nam t\u1eadp trung \u1edf c\u00e1c x\u00e3 Tam Ph\u01b0\u1edbc, Tam Th\u00e0nh, Tam L\u1ed9c ng\u00e0y nay \u0111\u00e3 tr\u1edf th\u00e0nh v\u00f9ng s\u1ea3n xu\u1ea5t d\u01b0a h\u1ea5u tr\u1ecdng \u0111i\u1ec3m v\u00e0 l\u00e0 h\u01b0\u1edbng \u0111i mang l\u1ea1i hi\u1ec7u qu\u1ea3, thu nh\u1eadp cao cho n\u00f4ng d\u00e2n \u0111\u1ecba ph\u01b0\u01a1ng.<\/h5>\n<\/li>\n<\/ul>\n","protected":false},"excerpt":{"rendered":"<ul>\n<li>S\u1ea3n ph\u1ea9m \u0111\u01b0\u1ee3c s\u1ea3n xu\u1ea5t v\u1edbi quy tr\u00ecnh kh\u00e9p k\u00edn<\/li>\n<li>\u0110\u1ea3m b\u1ea3o an to\u00e0n v\u1ec7 sinh th\u1ef1c ph\u1ea9m<\/li>\n<li>&#8230;&#8230;&#8230;&#8230;<\/li>\n<\/ul>\n","protected":false},"featured_media":0,"comment_status":"open","ping_status":"closed","template":"","meta":[],"_links":{"self":[{"href":"https:\/\/vphcheck.com\/index.php\/wp-json\/wp\/v2\/product\/242"}],"collection":[{"href":"https:\/\/vphcheck.com\/index.php\/wp-json\/wp\/v2\/product"}],"about":[{"href":"https:\/\/vphcheck.com\/index.php\/wp-json\/wp\/v2\/types\/product"}],"replies":[{"embeddable":true,"href":"https:\/\/vphcheck.com\/index.php\/wp-json\/wp\/v2\/comments?post=242"}],"wp:attachment":[{"href":"https:\/\/vphcheck.com\/index.php\/wp-json\/wp\/v2\/media?parent=242"}],"curies":[{"name":"wp","href":"https:\/\/api.w.org\/{rel}","templated":true}]}}