{"id":225,"date":"2018-05-09T05:15:41","date_gmt":"2018-05-09T05:15:41","guid":{"rendered":"http:\/\/vphcheck.com\/?post_type=product&#038;p=225"},"modified":"2020-09-13T17:51:37","modified_gmt":"2020-09-13T17:51:37","slug":"hop-tac-xa-nuoi-trong-tan-phat","status":"publish","type":"product","link":"https:\/\/vphcheck.com\/index.php\/san-pham\/hop-tac-xa-nuoi-trong-tan-phat\/","title":{"rendered":"H\u1ee3p t\u00e1c x\u00e3 Nu\u00f4i tr\u1ed3ng T\u1ea5n Ph\u00e1t"},"content":{"rendered":"<ul>\n<li>GI\u00c1M \u0110\u1ed0C: <strong>V\u00d5 NG\u1eccC HI\u1ec0N<\/strong><\/li>\n<li>Hotline:\u00a0<strong>0981.955.927<\/strong><\/li>\n<li>Chuy\u00ean tr\u1ed3ng v\u00e0 cung c\u1ea5p c\u00e1c lo\u1ea1i s\u1ea3n ph\u1ea9m s\u1ea1ch: D\u01b0a h\u1ea5u, c\u00e0 t\u00edm, c\u00e0 tr\u1eafng, d\u01b0a leo, m\u01b0\u1edbp \u0111\u1eafng, c\u00e1c lo\u1ea1i rau v\u00e0 c\u1ee7 qu\u1ea3&#8230;..<\/li>\n<\/ul>\n","protected":false},"excerpt":{"rendered":"<p><span style=\"color: #0000ff;\"><strong>Ng\u00e0nh ngh\u1ec1 kinh doanh: <\/strong><\/span><\/p>\n<ul>\n<li>X\u00e2y d\u1ef1ng c\u00f4ng tr\u00ecnh k\u1ef9 thu\u1eadt d\u00e2n d\u1ee5ng<\/li>\n<li>Mua b\u00e1n v\u1eadt li\u1ec7u x\u00e2y d\u1ef1ng<\/li>\n<li>Ch\u0103n nu\u00f4i gia s\u00fac, gia c\u1ea7m v\u00e0 nu\u00f4i tr\u1ed3ng th\u1ee7y s\u1ea3n n\u01b0\u1edbc ng\u1ecdt<\/li>\n<li>Tr\u1ed3ng rau \u0111\u1eadu, c\u1ee7 qu\u1ea3 c\u00e1c lo\u1ea1i<\/li>\n<li>Mua b\u00e1n, s\u1ea3n xu\u1ea5t th\u1ee9c \u0103n gia s\u00fac, gia c\u1ea7m, th\u1ee7y s\u1ea3n<\/li>\n<li>Mua b\u00e1n v\u1eadt t\u01b0 n\u00f4ng nghi\u1ec7p<\/li>\n<\/ul>\n<p><img loading=\"lazy\" decoding=\"async\" class=\"size-full wp-image-228 aligncenter\" src=\"http:\/\/vphcheck.com\/wp-content\/uploads\/2018\/05\/t\u1ea3i-xu\u1ed1ng.jpg\" alt=\"\" width=\"240\" height=\"210\" \/><\/p>\n<p style=\"text-align: center;\"><img loading=\"lazy\" decoding=\"async\" class=\"size-full wp-image-226 aligncenter\" src=\"http:\/\/vphcheck.com\/wp-content\/uploads\/2018\/05\/t\u1ea3i-xu\u1ed1ng-2.jpg\" alt=\"\" width=\"259\" height=\"194\" \/><\/p>\n","protected":false},"featured_media":0,"comment_status":"open","ping_status":"closed","template":"","meta":[],"_links":{"self":[{"href":"https:\/\/vphcheck.com\/index.php\/wp-json\/wp\/v2\/product\/225"}],"collection":[{"href":"https:\/\/vphcheck.com\/index.php\/wp-json\/wp\/v2\/product"}],"about":[{"href":"https:\/\/vphcheck.com\/index.php\/wp-json\/wp\/v2\/types\/product"}],"replies":[{"embeddable":true,"href":"https:\/\/vphcheck.com\/index.php\/wp-json\/wp\/v2\/comments?post=225"}],"wp:attachment":[{"href":"https:\/\/vphcheck.com\/index.php\/wp-json\/wp\/v2\/media?parent=225"}],"curies":[{"name":"wp","href":"https:\/\/api.w.org\/{rel}","templated":true}]}}