{"id":1913,"date":"2026-04-16T14:35:40","date_gmt":"2026-04-16T14:35:40","guid":{"rendered":"https:\/\/vphcheck.com\/?post_type=product&#038;p=1913"},"modified":"2026-04-17T02:39:32","modified_gmt":"2026-04-17T02:39:32","slug":"thanh-gao-lut-hat-va-rong-bien","status":"publish","type":"product","link":"https:\/\/vphcheck.com\/index.php\/san-pham\/thanh-gao-lut-hat-va-rong-bien\/","title":{"rendered":"THANH G\u1ea0O L\u1ee8T H\u1ea0T V\u00c0 RONG BI\u1ec2N"},"content":{"rendered":"<table class=\"w3-table-all\">\n<thead>\n<tr class=\"w3-blue\">\n<th colspan=\"2\">Th\u00f4ng tin s\u1ea3n ph\u1ea9m<\/th>\n<\/tr>\n<\/thead>\n<tbody>\n<tr>\n<td width=\"122\">T\u00ean s\u1ea3n ph\u1ea9m<\/td>\n<td width=\"228\">THANH G\u1ea0O L\u1ee8T H\u1ea0T V\u00c0 RONG BI\u1ec2N<\/td>\n<\/tr>\n<tr>\n<td>Th\u00e0nh ph\u1ea7n<\/td>\n<td>G\u1ea1o l\u1ee9t \u0111\u1ecf (60%), rong bi\u1ec3n (15%), m\u1ea1ch nha (10%), m\u00e8 tr\u1eafng (5%), h\u1ea1nh nh\u00e2n l\u00e1t, h\u1ea1t \u0111i\u1ec1u, b\u00ed xanh, m\u1eadt ong.<\/td>\n<\/tr>\n<tr>\n<td>S\u1ed1 CBCL<\/td>\n<td>01\/HTXDUYOANH\/2026<\/td>\n<\/tr>\n<tr>\n<td>Ng\u00e0y s\u1ea3n xu\u1ea5t<\/td>\n<td>Xem tr\u00ean bao b\u00ec<\/td>\n<\/tr>\n<tr>\n<td>Th\u1eddi h\u1ea1n s\u1eed d\u1ee5ng<\/td>\n<td>12 th\u00e1ng k\u1ec3 t\u1eeb ng\u00e0y s\u1ea3n xu\u1ea5t<\/td>\n<\/tr>\n<tr>\n<td>Tr\u1ecdng l\u01b0\u1ee3ng<\/td>\n<td>500gam<\/td>\n<\/tr>\n<tr>\n<td>H\u01b0\u1edbng d\u1eabn s\u1eed d\u1ee5ng<\/td>\n<td>M\u1edf bao \u0103n tr\u1ef1c ti\u1ebfp.<\/td>\n<\/tr>\n<tr>\n<td>B\u1ea3o qu\u1ea3n<\/td>\n<td>N\u01a1i kh\u00f4 r\u00e1o, tho\u00e1ng m\u00e1t, tr\u00e1nh \u00e1nh n\u1eafng tr\u1ef1c ti\u1ebfp.<\/td>\n<\/tr>\n<tr>\n<th class=\"w3-blue\" colspan=\"2\">Th\u00f4ng tin \u0111\u01a1n v\u1ecb \/ nh\u00e0 s\u1ea3n xu\u1ea5t<\/th>\n<\/tr>\n<tr>\n<td>T\u00ean \u0111\u01a1n v\u1ecb:<\/td>\n<td width=\"228\"><strong>H\u1ee2P T\u00c1C X\u00c3 N\u00d4NG NGHI\u1ec6P XANH DUY OANH<\/strong><\/td>\n<\/tr>\n<tr>\n<td>Qu\u1ed1c gia:<\/td>\n<td>Vi\u1ec7t Nam<\/td>\n<\/tr>\n<tr>\n<td>T\u1ec9nh \/th\u00e0nh :<\/td>\n<td>Qu\u1ea3ng Nam<\/td>\n<\/tr>\n<tr>\n<td>\u0110\u1ecba ch\u1ec9 li\u00ean l\u1ea1c:<\/td>\n<td>Th\u00f4n Ki\u1ec7u Ch\u00e2u, x\u00e3 Duy Xuy\u00ean, th\u00e0nh ph\u1ed1 \u0110\u00e0 N\u1eb5ng<\/td>\n<\/tr>\n<tr>\n<td>\u0110i\u1ec7n tho\u1ea1i:<\/td>\n<td>0931979239<\/td>\n<\/tr>\n<tr>\n<td>Email:<\/td>\n<td>ngucocduyoanh68@gmail.com<\/td>\n<\/tr>\n<tr>\n<td>Website:<\/td>\n<td>https:\/\/ngucocduyoanh.com<\/td>\n<\/tr>\n<tr>\n<td>Gi\u00e1m \u0111\u1ed1c<\/td>\n<td>Ph\u1ea1m Th\u1ecb Duy M\u1ef9<\/td>\n<\/tr>\n<\/tbody>\n<\/table>\n<p>&nbsp;<\/p>\n","protected":false},"excerpt":{"rendered":"<p>Th\u00f4ng tin s\u1ea3n ph\u1ea9m T\u00ean s\u1ea3n ph\u1ea9m THANH G\u1ea0O L\u1ee8T H\u1ea0T V\u00c0 RONG BI\u1ec2N Th\u00e0nh ph\u1ea7n G\u1ea1o l\u1ee9t \u0111\u1ecf (60%), rong bi\u1ec3n (15%), m\u1ea1ch nha (10%), m\u00e8 tr\u1eafng (5%), h\u1ea1nh nh\u00e2n l\u00e1t, h\u1ea1t \u0111i\u1ec1u, b\u00ed xanh, m\u1eadt ong. S\u1ed1 CBCL 01\/HTXDUYOANH\/2026 Ng\u00e0y s\u1ea3n xu\u1ea5t Xem tr\u00ean bao b\u00ec Th\u1eddi h\u1ea1n s\u1eed d\u1ee5ng 12 th\u00e1ng k\u1ec3 [&hellip;]<\/p>\n","protected":false},"featured_media":663,"comment_status":"open","ping_status":"closed","template":"","meta":[],"_links":{"self":[{"href":"https:\/\/vphcheck.com\/index.php\/wp-json\/wp\/v2\/product\/1913"}],"collection":[{"href":"https:\/\/vphcheck.com\/index.php\/wp-json\/wp\/v2\/product"}],"about":[{"href":"https:\/\/vphcheck.com\/index.php\/wp-json\/wp\/v2\/types\/product"}],"replies":[{"embeddable":true,"href":"https:\/\/vphcheck.com\/index.php\/wp-json\/wp\/v2\/comments?post=1913"}],"wp:featuredmedia":[{"embeddable":true,"href":"https:\/\/vphcheck.com\/index.php\/wp-json\/wp\/v2\/media\/663"}],"wp:attachment":[{"href":"https:\/\/vphcheck.com\/index.php\/wp-json\/wp\/v2\/media?parent=1913"}],"curies":[{"name":"wp","href":"https:\/\/api.w.org\/{rel}","templated":true}]}}