{"id":1906,"date":"2026-04-10T14:52:46","date_gmt":"2026-04-10T14:52:46","guid":{"rendered":"https:\/\/vphcheck.com\/?post_type=product&#038;p=1906"},"modified":"2026-04-10T14:55:38","modified_gmt":"2026-04-10T14:55:38","slug":"bot-me-den-dau-den-linh-trang","status":"publish","type":"product","link":"https:\/\/vphcheck.com\/index.php\/san-pham\/bot-me-den-dau-den-linh-trang\/","title":{"rendered":"B\u1ed9t M\u00e8 \u0110en \u0110\u1eadu \u0110en &#8211; Linh Trang"},"content":{"rendered":"","protected":false},"excerpt":{"rendered":"","protected":false},"featured_media":1908,"comment_status":"open","ping_status":"closed","template":"","meta":[],"_links":{"self":[{"href":"https:\/\/vphcheck.com\/index.php\/wp-json\/wp\/v2\/product\/1906"}],"collection":[{"href":"https:\/\/vphcheck.com\/index.php\/wp-json\/wp\/v2\/product"}],"about":[{"href":"https:\/\/vphcheck.com\/index.php\/wp-json\/wp\/v2\/types\/product"}],"replies":[{"embeddable":true,"href":"https:\/\/vphcheck.com\/index.php\/wp-json\/wp\/v2\/comments?post=1906"}],"wp:featuredmedia":[{"embeddable":true,"href":"https:\/\/vphcheck.com\/index.php\/wp-json\/wp\/v2\/media\/1908"}],"wp:attachment":[{"href":"https:\/\/vphcheck.com\/index.php\/wp-json\/wp\/v2\/media?parent=1906"}],"curies":[{"name":"wp","href":"https:\/\/api.w.org\/{rel}","templated":true}]}}