{"id":1570,"date":"2025-05-06T03:36:40","date_gmt":"2025-05-06T03:36:40","guid":{"rendered":"http:\/\/vphcheck.com\/?post_type=product&#038;p=1570"},"modified":"2025-05-08T09:21:08","modified_gmt":"2025-05-08T09:21:08","slug":"banh-an-dam-cho-be-samson","status":"publish","type":"product","link":"https:\/\/vphcheck.com\/index.php\/san-pham\/banh-an-dam-cho-be-samson\/","title":{"rendered":"B\u00e1nh h\u1ea1t dinh d\u01b0\u1ee1ng cho b\u00e9 \u0103n d\u1eb7m SamSon"},"content":{"rendered":"<div class=\"faq-container\">\n<details>\n<summary><span class=\"icon\"><br \/>\n<img decoding=\"async\" src=\"https:\/\/img.upanh.tv\/2025\/04\/24\/1b6268f2028896e67.png\" alt=\"icon\" \/><br \/>\n<\/span><br \/>\nTH\u00d4NG TIN S\u1ea2N PH\u1ea8M<\/summary>\n<table class=\"w3-table-all\">\n<tbody>\n<tr>\n<td width=\"100\">T\u00ean s\u1ea3n ph\u1ea9m<\/td>\n<td width=\"220\">B\u00c1NH H\u1ea0T DINH D\u01af\u1ee0NG CHO B\u00c9<\/td>\n<\/tr>\n<tr>\n<td>Th\u00e0nh ph\u1ea7n<\/td>\n<td>H\u1ea1t sen, y\u1ebfn m\u1ea1ch, b\u1ed9t rau c\u1ee7, c\u00e1c lo\u1ea1i h\u1ea1t dinh d\u01b0\u1ee1ng<\/td>\n<\/tr>\n<tr>\n<td>M\u00e3 s\u1ed1 Doanh nghi\u1ec7p<\/td>\n<td>33H8007443<\/td>\n<\/tr>\n<tr>\n<td>Gi\u1ea5y ch\u1ee9ng nh\u1eadn HACCP<\/td>\n<td>01\/HKDHTH\/2025<\/td>\n<\/tr>\n<tr>\n<td>Ng\u00e0y s\u1ea3n xu\u1ea5t<\/td>\n<td>Xem tr\u00ean bao b\u00ec<\/td>\n<\/tr>\n<tr>\n<td>Th\u1eddi h\u1ea1n s\u1eed d\u1ee5ng<\/td>\n<td>06 th\u00e1ng k\u1ec3 t\u1eeb ng\u00e0y s\u1ea3n xu\u1ea5t<\/td>\n<\/tr>\n<tr>\n<td>Tr\u1ecdng l\u01b0\u1ee3ng<\/td>\n<td>100 gam<\/td>\n<\/tr>\n<tr>\n<td>H\u01b0\u1edbng d\u1eabn s\u1eed d\u1ee5ng<\/td>\n<td>\u0102n tr\u1ef1c ti\u1ebfp<\/td>\n<\/tr>\n<tr>\n<td>H\u01b0\u1edbng d\u1eabn b\u1ea3o qu\u1ea3n<\/td>\n<td>B\u1ea3o qu\u1ea3n \u1edf n\u01a1i kh\u00f4 r\u00e1o, tho\u00e1ng m\u00e1t, tr\u00e1nh \u00e1nh n\u1eafng tr\u1ef1c ti\u1ebfp, \u0111\u1eady n\u1eafp k\u00edn sau khi s\u1eed d\u1ee5ng.<\/td>\n<\/tr>\n<tr>\n<td>Th\u00f4ng tin c\u1ea3nh b\u00e1o<\/td>\n<td>Kh\u00f4ng s\u1eed d\u1ee5ng s\u1ea3n ph\u1ea9m h\u1ebft h\u1ea1n s\u1eed d\u1ee5ng.<\/td>\n<\/tr>\n<\/tbody>\n<\/table>\n<div class=\"content\"><\/div>\n<\/details>\n<details>\n<summary><span class=\"icon\"><br \/>\n<img decoding=\"async\" src=\"https:\/\/img.upanh.tv\/2025\/04\/24\/24a1a11f4ba7627b1.png\" alt=\"Icon\" \/><br \/>\n<\/span>C\u00d4NG B\u1ed0 CH\u1ea4T L\u01af\u1ee2NG<\/summary>\n<div class=\"content\"><\/div>\n<\/details>\n<details>\n<summary><span class=\"icon\"><br \/>\n<img decoding=\"async\" src=\"https:\/\/img.upanh.tv\/2025\/04\/24\/4772c0e034950eb4b.png\" alt=\"Icon\" \/><br \/>\n<\/span>NGUY\u00caN LI\u1ec6U &#8211; V\u00d9NG TR\u1ed2NG<\/summary>\n<div class=\"content\">Huy\u1ec7n Th\u0103ng B\u00ecnh, t\u1ec9nh Qu\u1ea3ng Nam<\/div>\n<\/details>\n<details>\n<summary><span class=\"icon\"><br \/>\n<img decoding=\"async\" src=\"https:\/\/img.upanh.tv\/2025\/04\/24\/307ca359566541297.png\" alt=\"Icon\" \/><br \/>\n<\/span>TH\u00c0NH T\u00cdCH &#8211; GI\u1ea2I TH\u01af\u1edeNG<\/summary>\n<div class=\"content\">\n<p>\u00a0 <img loading=\"lazy\" decoding=\"async\" class=\"alignnone size-large wp-image-1575\" src=\"http:\/\/vphcheck.com\/wp-content\/uploads\/2025\/05\/z6573229689790_0991babb476a4d986352422ff4515754-691x1024.jpg\" alt=\"\" width=\"691\" height=\"1024\" srcset=\"https:\/\/vphcheck.com\/wp-content\/uploads\/2025\/05\/z6573229689790_0991babb476a4d986352422ff4515754-691x1024.jpg 691w, https:\/\/vphcheck.com\/wp-content\/uploads\/2025\/05\/z6573229689790_0991babb476a4d986352422ff4515754-202x300.jpg 202w, https:\/\/vphcheck.com\/wp-content\/uploads\/2025\/05\/z6573229689790_0991babb476a4d986352422ff4515754.jpg 720w\" sizes=\"(max-width: 691px) 100vw, 691px\" \/><\/p>\n<p><img loading=\"lazy\" decoding=\"async\" class=\"alignnone size-large wp-image-1576\" src=\"http:\/\/vphcheck.com\/wp-content\/uploads\/2025\/05\/z6573229767921_528e98c07532b2e32ddaa1142c5824dd.jpg\" alt=\"\" width=\"615\" height=\"872\" srcset=\"https:\/\/vphcheck.com\/wp-content\/uploads\/2025\/05\/z6573229767921_528e98c07532b2e32ddaa1142c5824dd.jpg 615w, https:\/\/vphcheck.com\/wp-content\/uploads\/2025\/05\/z6573229767921_528e98c07532b2e32ddaa1142c5824dd-212x300.jpg 212w\" sizes=\"(max-width: 615px) 100vw, 615px\" \/><\/p>\n<p><img loading=\"lazy\" decoding=\"async\" class=\"alignnone size-large wp-image-1577\" src=\"http:\/\/vphcheck.com\/wp-content\/uploads\/2025\/05\/z6573229786281_92c32640e82be61d643537fee8dec4c9-640x1024.jpg\" alt=\"\" width=\"640\" height=\"1024\" srcset=\"https:\/\/vphcheck.com\/wp-content\/uploads\/2025\/05\/z6573229786281_92c32640e82be61d643537fee8dec4c9-640x1024.jpg 640w, https:\/\/vphcheck.com\/wp-content\/uploads\/2025\/05\/z6573229786281_92c32640e82be61d643537fee8dec4c9-188x300.jpg 188w, https:\/\/vphcheck.com\/wp-content\/uploads\/2025\/05\/z6573229786281_92c32640e82be61d643537fee8dec4c9.jpg 720w\" sizes=\"(max-width: 640px) 100vw, 640px\" \/><\/p>\n<\/div>\n<\/details>\n<details>\n<summary><span class=\"icon\"><br \/>\n<img decoding=\"async\" src=\"https:\/\/img.upanh.tv\/2025\/04\/25\/5.png\" alt=\"Icon\" \/><br \/>\n<\/span>NH\u00c0 X\u01af\u1edeNG -S\u1ea2N XU\u1ea4T<\/summary>\n<div class=\"content\">\n<p><img loading=\"lazy\" decoding=\"async\" class=\"alignnone size-full wp-image-1578\" src=\"http:\/\/vphcheck.com\/wp-content\/uploads\/2025\/05\/1.jpg\" alt=\"\" width=\"496\" height=\"784\" srcset=\"https:\/\/vphcheck.com\/wp-content\/uploads\/2025\/05\/1.jpg 496w, https:\/\/vphcheck.com\/wp-content\/uploads\/2025\/05\/1-190x300.jpg 190w\" sizes=\"(max-width: 496px) 100vw, 496px\" \/> <img loading=\"lazy\" decoding=\"async\" class=\"alignnone size-large wp-image-1579\" src=\"http:\/\/vphcheck.com\/wp-content\/uploads\/2025\/05\/2.jpg\" alt=\"\" width=\"496\" height=\"784\" srcset=\"https:\/\/vphcheck.com\/wp-content\/uploads\/2025\/05\/2.jpg 496w, https:\/\/vphcheck.com\/wp-content\/uploads\/2025\/05\/2-190x300.jpg 190w\" sizes=\"(max-width: 496px) 100vw, 496px\" \/> <img loading=\"lazy\" decoding=\"async\" class=\"alignnone size-large wp-image-1580\" src=\"http:\/\/vphcheck.com\/wp-content\/uploads\/2025\/05\/z6573212056323_4fd5bcd2674e0d9a293c19d00a9901aa-1024x768.jpg\" alt=\"\" width=\"980\" height=\"735\" srcset=\"https:\/\/vphcheck.com\/wp-content\/uploads\/2025\/05\/z6573212056323_4fd5bcd2674e0d9a293c19d00a9901aa-1024x768.jpg 1024w, https:\/\/vphcheck.com\/wp-content\/uploads\/2025\/05\/z6573212056323_4fd5bcd2674e0d9a293c19d00a9901aa-300x225.jpg 300w, https:\/\/vphcheck.com\/wp-content\/uploads\/2025\/05\/z6573212056323_4fd5bcd2674e0d9a293c19d00a9901aa-768x576.jpg 768w, https:\/\/vphcheck.com\/wp-content\/uploads\/2025\/05\/z6573212056323_4fd5bcd2674e0d9a293c19d00a9901aa.jpg 1280w\" sizes=\"(max-width: 980px) 100vw, 980px\" \/><\/p>\n<\/div>\n<\/details>\n<\/div>\n","protected":false},"excerpt":{"rendered":"<p>TH\u00d4NG TIN S\u1ea2N PH\u1ea8M T\u00ean s\u1ea3n ph\u1ea9m B\u00c1NH H\u1ea0T DINH D\u01af\u1ee0NG CHO B\u00c9 Th\u00e0nh ph\u1ea7n H\u1ea1t sen, y\u1ebfn m\u1ea1ch, b\u1ed9t rau c\u1ee7, c\u00e1c lo\u1ea1i h\u1ea1t dinh d\u01b0\u1ee1ng M\u00e3 s\u1ed1 Doanh nghi\u1ec7p 33H8007443 Gi\u1ea5y ch\u1ee9ng nh\u1eadn HACCP 01\/HKDHTH\/2025 Ng\u00e0y s\u1ea3n xu\u1ea5t Xem tr\u00ean bao b\u00ec Th\u1eddi h\u1ea1n s\u1eed d\u1ee5ng 06 th\u00e1ng k\u1ec3 t\u1eeb ng\u00e0y s\u1ea3n xu\u1ea5t [&hellip;]<\/p>\n","protected":false},"featured_media":1571,"comment_status":"open","ping_status":"closed","template":"","meta":[],"_links":{"self":[{"href":"https:\/\/vphcheck.com\/index.php\/wp-json\/wp\/v2\/product\/1570"}],"collection":[{"href":"https:\/\/vphcheck.com\/index.php\/wp-json\/wp\/v2\/product"}],"about":[{"href":"https:\/\/vphcheck.com\/index.php\/wp-json\/wp\/v2\/types\/product"}],"replies":[{"embeddable":true,"href":"https:\/\/vphcheck.com\/index.php\/wp-json\/wp\/v2\/comments?post=1570"}],"wp:featuredmedia":[{"embeddable":true,"href":"https:\/\/vphcheck.com\/index.php\/wp-json\/wp\/v2\/media\/1571"}],"wp:attachment":[{"href":"https:\/\/vphcheck.com\/index.php\/wp-json\/wp\/v2\/media?parent=1570"}],"curies":[{"name":"wp","href":"https:\/\/api.w.org\/{rel}","templated":true}]}}