{"id":1380,"date":"2024-12-16T02:45:00","date_gmt":"2024-12-16T02:45:00","guid":{"rendered":"http:\/\/vphcheck.com\/?post_type=product&#038;p=1380"},"modified":"2025-01-10T07:47:27","modified_gmt":"2025-01-10T07:47:27","slug":"ruou-cu-sam-ngoc-linh-thien-duyen-quang-nam","status":"publish","type":"product","link":"https:\/\/vphcheck.com\/index.php\/san-pham\/ruou-cu-sam-ngoc-linh-thien-duyen-quang-nam\/","title":{"rendered":"R\u01b0\u1ee3u c\u1ee7 s\u00e2m Ng\u1ecdc Linh &#8211; THI\u00caN DUY\u00caN QU\u1ea2NG NAM"},"content":{"rendered":"","protected":false},"excerpt":{"rendered":"<table class=\"w3-table-all\">\n<thead>\n<tr class=\"w3-blue\">\n<th colspan=\"2\">Th\u00f4ng tin s\u1ea3n ph\u1ea9m<\/th>\n<\/tr>\n<\/thead>\n<tbody>\n<tr>\n<td width=\"122\">T\u00ean s\u1ea3n ph\u1ea9m<\/td>\n<td width=\"228\">R\u01af\u1ee2U C\u1ee6 S\u00c2M NG\u1eccC LINH &#8211; THI\u00caN DUY\u00caN QU\u1ea2NG NAM<\/td>\n<\/tr>\n<tr>\n<td>Th\u00e0nh ph\u1ea7n<\/td>\n<td>C\u1ee7 S\u00e2m Ng\u1ecdc Linh Qu\u1ea3ng Nam. Ng\u00e2m k\u1ebft h\u1ee3p v\u1edbi r\u01b0\u1ee3u g\u1ea1o l\u00ean men truy\u1ec1n th\u1ed1ng, \u0111\u01b0\u1ee3c ch\u01b0ng c\u1ea5t tr\u00ean h\u1ec7 th\u1ed1ng thi\u1ebft b\u1ecb hi\u1ec7n \u0111\u1ea1i, l\u1ecdc kh\u1eed \u0111\u1ed9c t\u1ed1 Methanol, Aldehyde v\u00e0 l\u00e0m t\u0103ng tu\u1ed5i r\u01b0\u1ee3u. Cho ra d\u1ea1ng r\u01b0\u1ee3u ch\u1ea5t l\u01b0\u1ee3ng, c\u00f3 \u0111\u1ed9 tinh khi\u1ebft cao c\u00f9ng h\u01b0\u01a1ng v\u1ecb r\u01b0\u1ee3u \u0111\u1eadm \u0111\u00e0, cay n\u1ed3ng d\u1ec5 ch\u1ecbu.\n<\/td>\n<\/tr>\n<tr>\n<td>M\u00e3 s\u1ed1 thu\u1ebf<\/td>\n<td><\/td>\n<\/tr>\n<tr>\n<td>Ng\u00e0y \u0111\u00f3ng g\u00f3i<\/td>\n<td>Xem tr\u00ean bao b\u00ec<\/td>\n<\/tr>\n<tr>\n<td>Th\u1eddi h\u1ea1n s\u1eed d\u1ee5ng<\/td>\n<td>Kh\u00f4ng th\u1eddi h\u1ea1n<\/td>\n<\/tr>\n<tr>\n<td>Th\u1ec3 t\u00edch th\u1ef1c<\/td>\n<td>1000ml<\/td>\n<\/tr>\n<tr>\n<td>H\u01b0\u1edbng d\u1eabn s\u1eed d\u1ee5ng<\/td>\n<td>\n\tKh\u00f4ng s\u1eed d\u1ee5ng cho ng\u01b0\u1eddi d\u01b0\u1edbi 18 tu\u1ed5i, ng\u01b0\u1eddi cao huy\u1ebft \u00e1p, ph\u1ee5 n\u1eef mang thai v\u00e0 cho con b\u00fa. D\u00f9ng trong b\u1eefa \u0103n v\u1edbi li\u1ec1u l\u01b0\u1ee3ng 50ml\/ b\u1eefa \u0103n\n<\/td>\n<\/tr>\n<tr>\n<td>B\u1ea3o qu\u1ea3n<\/td>\n<td>\u0110\u1eady n\u1eafp k\u00edn sau m\u1ed7i l\u1ea7n s\u1eed d\u1ee5ng, tr\u00e1nh \u00e1nh n\u1eafng tr\u1ef1c ti\u1ebfp.B\u1ea3o qu\u1ea3n n\u01a1i kh\u00f4 r\u00e1o, tho\u00e1ng m\u00e1t.<\/td>\n<\/tr>\n<tr>\n<th class=\"w3-blue\" colspan=\"2\">Th\u00f4ng tin \u0111\u01a1n v\u1ecb \/ nh\u00e0 s\u1ea3n xu\u1ea5t<\/th>\n<\/tr>\n<tr>\n<td>T\u00ean \u0111\u01a1n v\u1ecb:<\/td>\n<td width=\"228\">H\u1ed8 KINH DOANH THI\u00caN DUY\u00caN<\/td>\n<\/tr>\n<tr>\n<td>Qu\u1ed1c gia:<\/td>\n<td>Vi\u1ec7t Nam<\/td>\n<\/tr>\n<tr>\n<td>T\u1ec9nh \/th\u00e0nh :<\/td>\n<td>Qu\u1ea3ng Nam<\/td>\n<\/tr>\n<tr>\n<td>\u0110\u1ecba ch\u1ec9 li\u00ean l\u1ea1c:<\/td>\n<td>T\u1ed5 1, Kh\u1ed1i ph\u1ed1 Tr\u00e0 Cai, ph\u01b0\u1eddng H\u00f2a Thu\u1eadn, th\u00e0nh ph\u1ed1 Tam K\u1ef3, t\u1ec9nh Qu\u1ea3ng Nam<\/td>\n<\/tr>\n<tr>\n<td>Email<\/td>\n<td>samthienduyen2023@gmail.com<\/td>\n<\/tr>\n<tr>\n<td>Di \u0111\u1ed9ng:<\/td>\n<td>0977740468<\/td>\n<\/tr>\n<tr>\n<td>Website:<\/td>\n<td><\/td>\n<\/tr>\n<\/tbody>\n<\/table>\n<p><center><br \/>\n<center><br \/>\n<img decoding=\"async\" src=\"https:\/\/img.upanh.tv\/2025\/01\/10\/z6204463150764_56e7107a564990a273977006e5de615c.jpg\" width=\"360 height=\"auto\" alt=\" \" \/><br \/>\n<img decoding=\"async\" src=\"https:\/\/img.upanh.tv\/2025\/01\/10\/z6204463150767_ac270d7f965a36bee1d9914cf1df5d58.jpg\" width=\"360 height=\"auto\" alt=\" \" \/><br \/>\n<img decoding=\"async\" src=\"https:\/\/img.upanh.tv\/2025\/01\/10\/z6204463150773_780f4259ab9072df4a85c178175b139b.jpg\" width=\"360 height=\"auto\" alt=\" \" \/><br \/>\n<img decoding=\"async\" src=\"https:\/\/img.upanh.tv\/2025\/01\/10\/z6204463150778_67947dbe833c0550787055a75a159504.jpg\" width=\"360 height=\"auto\" alt=\" \" \/><br \/>\n<img decoding=\"async\" src=\"https:\/\/img.upanh.tv\/2025\/01\/10\/z6204463150782_0f99ac255437b72aaee960894c3b9f55.jpg\" width=\"360 height=\"auto\" alt=\" \" \/><br \/>\n<img decoding=\"async\" src=\"https:\/\/img.upanh.tv\/2025\/01\/10\/z6204463169110_bb203ab51d33c98c901790e60b282b15.jpg\" width=\"360 height=\"auto\" alt=\" \" \/><\/p>\n<p><img decoding=\"async\" src=\"https:\/\/img.upanh.tv\/2024\/12\/16\/z6134308099776_c17caa862c86014cae403c854a8e14be.jpg\" width=\"360 height=\"auto\" alt=\" \" \/><br \/>\n<img decoding=\"async\" src=\"https:\/\/img.upanh.tv\/2024\/12\/16\/z6134308099780_6b4d2297ce956f6ab6a0ec8250d6fced.jpg\" width=\"360 height=\"auto\" alt=\" \" \/><br \/>\n<img decoding=\"async\" src=\"https:\/\/img.upanh.tv\/2024\/12\/16\/z6134308120722_a3088bbb77e020fed57321f7593bb31c.jpg\" width=\"360 height=\"auto\" alt=\" \" \/><br \/>\n<img decoding=\"async\" src=\"https:\/\/img.upanh.tv\/2024\/12\/16\/z6134308120724_981c75a6518bc9b43c1120cf54137fed.jpg\" width=\"360 height=\"auto\" alt=\" \" \/><br \/>\n<img decoding=\"async\" src=\"https:\/\/img.upanh.tv\/2024\/12\/16\/z6134308120728_3923e5738fccdccba23474d21b5e7a06.jpg\" width=\"360 height=\"auto\" alt=\" \" \/><br \/>\n<img decoding=\"async\" src=\"https:\/\/img.upanh.tv\/2024\/12\/16\/z6134308120731_cff717da12bf9fe8933b72dd5e39b179.jpg\" width=\"360 height=\"auto\" alt=\" \" \/><br \/>\n<img decoding=\"async\" src=\"https:\/\/img.upanh.tv\/2024\/12\/16\/z6134308120736_d27084bbee12bf55cb3e696a73eaf3fe.jpg\" width=\"360 height=\"auto\" alt=\" \" \/><br \/>\n<img decoding=\"async\" src=\"https:\/\/img.upanh.tv\/2024\/12\/16\/z6134308120741_32a61475ceb17686f54fbdc860b31ac7.jpg\" width=\"360 height=\"auto\" alt=\" \" \/><\/p>\n","protected":false},"featured_media":297,"comment_status":"open","ping_status":"closed","template":"","meta":[],"_links":{"self":[{"href":"https:\/\/vphcheck.com\/index.php\/wp-json\/wp\/v2\/product\/1380"}],"collection":[{"href":"https:\/\/vphcheck.com\/index.php\/wp-json\/wp\/v2\/product"}],"about":[{"href":"https:\/\/vphcheck.com\/index.php\/wp-json\/wp\/v2\/types\/product"}],"replies":[{"embeddable":true,"href":"https:\/\/vphcheck.com\/index.php\/wp-json\/wp\/v2\/comments?post=1380"}],"wp:featuredmedia":[{"embeddable":true,"href":"https:\/\/vphcheck.com\/index.php\/wp-json\/wp\/v2\/media\/297"}],"wp:attachment":[{"href":"https:\/\/vphcheck.com\/index.php\/wp-json\/wp\/v2\/media?parent=1380"}],"curies":[{"name":"wp","href":"https:\/\/api.w.org\/{rel}","templated":true}]}}