{"id":1296,"date":"2024-01-19T07:35:53","date_gmt":"2024-01-19T07:35:53","guid":{"rendered":"http:\/\/vphcheck.com\/?post_type=product&#038;p=1296"},"modified":"2024-01-19T07:44:55","modified_gmt":"2024-01-19T07:44:55","slug":"che-bancha-an-bang","status":"publish","type":"product","link":"https:\/\/vphcheck.com\/index.php\/san-pham\/che-bancha-an-bang\/","title":{"rendered":"CH\u00c8 BANCHA AN B\u1eb0NG"},"content":{"rendered":"<p><center><img decoding=\"async\" class=\"aligncenter\" src=\"https:\/\/img.upanh.tv\/2024\/01\/19\/1c7d7c40555aac148.jpg\" alt=\" \" width=\"370\" height=\"auto\" \/><\/p>\n<blockquote><p>H\u1ee3p t\u00e1c x\u00e3 N\u00f4ng nghi\u1ec7p &#8211; D\u1ecbch v\u1ee5 \u0110\u1ea1i Th\u1ea1nh Ph\u00e1t<br \/>\n\u0110\u1ecba ch\u1ec9: An B\u1eb1ng, \u0110\u1ea1i Th\u1ea1nh, \u0110\u1ea1i L\u1ed9c, Qu\u1ea3ng Nam<br \/>\n\u0110i\u1ec7n tho\u1ea1i: 0815545789\/0346336686<br \/>\nEmail: htxnndvdaithanhphat@gmail.com<\/p><\/blockquote>\n","protected":false},"excerpt":{"rendered":"<p><center><img decoding=\"async\" class=\"aligncenter\" src=\"https:\/\/img.upanh.tv\/2024\/01\/19\/2dd2fd16df3ee5f72.jpg\" alt=\" \" width=\"370\" height=\"auto\" \/><br \/>\n<img decoding=\"async\" class=\"aligncenter\" src=\"https:\/\/img.upanh.tv\/2024\/01\/19\/310f6bd93acb6b0c9.jpg\" alt=\" \" width=\"370\" height=\"auto\" \/><br \/>\n<img decoding=\"async\" class=\"aligncenter\" src=\"https:\/\/img.upanh.tv\/2024\/01\/19\/4498a0db39884ac8f.jpg\" alt=\" \" width=\"370\" height=\"auto\" \/><br \/>\n<img decoding=\"async\" class=\"aligncenter\" src=\"https:\/\/img.upanh.tv\/2024\/01\/19\/57421ed50a3ab594e.jpg\" alt=\" \" width=\"370\" height=\"auto\" \/><br \/>\nTh\u00f4ng tin v\u1ec1 truy xu\u1ea5t \u0111\u01b0\u1ee3c cung c\u1ea5p b\u1edfi H\u1ee3p t\u00e1c x\u00e3 N\u00f4ng nghi\u1ec7p &#8211; D\u1ecbch v\u1ee5 \u0110\u1ea1i Th\u1ea1nh Ph\u00e1t<\/p>\n","protected":false},"featured_media":651,"comment_status":"open","ping_status":"closed","template":"","meta":[],"_links":{"self":[{"href":"https:\/\/vphcheck.com\/index.php\/wp-json\/wp\/v2\/product\/1296"}],"collection":[{"href":"https:\/\/vphcheck.com\/index.php\/wp-json\/wp\/v2\/product"}],"about":[{"href":"https:\/\/vphcheck.com\/index.php\/wp-json\/wp\/v2\/types\/product"}],"replies":[{"embeddable":true,"href":"https:\/\/vphcheck.com\/index.php\/wp-json\/wp\/v2\/comments?post=1296"}],"wp:featuredmedia":[{"embeddable":true,"href":"https:\/\/vphcheck.com\/index.php\/wp-json\/wp\/v2\/media\/651"}],"wp:attachment":[{"href":"https:\/\/vphcheck.com\/index.php\/wp-json\/wp\/v2\/media?parent=1296"}],"curies":[{"name":"wp","href":"https:\/\/api.w.org\/{rel}","templated":true}]}}