{"id":1294,"date":"2024-01-19T04:17:56","date_gmt":"2024-01-19T04:17:56","guid":{"rendered":"http:\/\/vphcheck.com\/?post_type=product&#038;p=1294"},"modified":"2026-04-02T08:52:29","modified_gmt":"2026-04-02T08:52:29","slug":"nuoc-goi-thao-moc-mingho","status":"publish","type":"product","link":"https:\/\/vphcheck.com\/index.php\/san-pham\/nuoc-goi-thao-moc-mingho\/","title":{"rendered":"N\u01b0\u1edbc g\u1ed9i th\u1ea3o m\u1ed9c Mingho"},"content":{"rendered":"<p><center><\/p>\n<table class=\"w3-table-all\">\n<thead>\n<tr class=\"w3-blue\">\n<th colspan=\"2\">Th\u00f4ng tin s\u1ea3n ph\u1ea9m<\/th>\n<\/tr>\n<\/thead>\n<tbody>\n<tr>\n<td width=\"122\">T\u00ean s\u1ea3n ph\u1ea9m<\/td>\n<td width=\"228\">N\u01b0\u1edbc g\u1ed9i th\u1ea3o m\u1ed9c Mingho<\/td>\n<\/tr>\n<tr>\n<td>Th\u00e0nh ph\u1ea7n<\/td>\n<td>C\u1ecf m\u00e0n tr\u1ea7u, v\u1ecf b\u01b0\u1edfi, b\u1ed3 k\u1ebft, c\u1ecf h\u00f4i, qu\u1ebf, l\u00e1 kh\u1ebf, h\u01b0\u01a1ng nhu, ho\u1eafc h\u01b0\u01a1ng, ng\u00e3i c\u1ee9u,&#8230;\n<\/td>\n<\/tr>\n<tr>\n<td>M\u00e3 s\u1ed1 Doanh nghi\u1ec7p<\/td>\n<td><\/td>\n<\/tr>\n<tr>\n<td>Ng\u00e0y s\u1ea3n xu\u1ea5t<\/td>\n<td>Xem tr\u00ean bao b\u00ec<\/td>\n<\/tr>\n<tr>\n<td>Th\u1eddi h\u1ea1n s\u1eed d\u1ee5ng<\/td>\n<td>06 th\u00e1ng k\u1ec3 t\u1eeb NSX<\/td>\n<\/tr>\n<tr>\n<td>Tr\u1ecdng l\u01b0\u1ee3ng<\/td>\n<td>500ml<\/td>\n<\/tr>\n<tr>\n<td>H\u01b0\u1edbng d\u1eabn s\u1eed d\u1ee5ng<\/td>\n<td>\n\tD\u00f9ng cho t\u00f3c b\u1ecb g\u00e0u, n\u1ea5m,&#8230;\n<\/td>\n<\/tr>\n<tr>\n<td>B\u1ea3o qu\u1ea3n<\/td>\n<td>B\u1ea3o qu\u1ea3n \u1edf n\u01a1i kh\u00f4 r\u00e1o tho\u00e1ng m\u00e1t tr\u00e1nh \u00e1nh n\u1eafng tr\u1ef1c ti\u1ebfp<\/td>\n<\/tr>\n<tr>\n<th class=\"w3-blue\" colspan=\"2\">Th\u00f4ng tin \u0111\u01a1n v\u1ecb \/ nh\u00e0 s\u1ea3n xu\u1ea5t<\/th>\n<\/tr>\n<tr>\n<td>T\u00ean \u0111\u01a1n v\u1ecb:<\/td>\n<td width=\"228\">H\u1ed8 KINH DOANH H\u1ed2 V\u0168 TH\u00c0NH MINH<\/td>\n<\/tr>\n<tr>\n<td>Qu\u1ed1c gia:<\/td>\n<td>Vi\u1ec7t Nam<\/td>\n<\/tr>\n<tr>\n<td>T\u1ec9nh \/th\u00e0nh :<\/td>\n<td>Qu\u1ea3ng Nam<\/td>\n<\/tr>\n<tr>\n<td>\u0110\u1ecba ch\u1ec9 li\u00ean l\u1ea1c:<\/td>\n<td>Th\u00f4n 2, x\u00e3 Ti\u00ean L\u1ed9c, huy\u1ec7n Ti\u00ean Ph\u01b0\u1edbc, t\u1ec9nh Qu\u1ea3ng Nam<\/td>\n<\/tr>\n<tr>\n<td>Email<\/td>\n<td><\/td>\n<\/tr>\n<tr>\n<td>Di \u0111\u1ed9ng:<\/td>\n<td>0972759769<\/td>\n<\/tr>\n<tr>\n<td>Website:<\/td>\n<td><\/td>\n<\/tr>\n<\/tbody>\n<\/table>\n<p><center><\/p>\n","protected":false},"excerpt":{"rendered":"<p>Th\u00f4ng tin s\u1ea3n ph\u1ea9m T\u00ean s\u1ea3n ph\u1ea9m N\u01b0\u1edbc g\u1ed9i th\u1ea3o m\u1ed9c Mingho Th\u00e0nh ph\u1ea7n C\u1ecf m\u00e0n tr\u1ea7u, v\u1ecf b\u01b0\u1edfi, b\u1ed3 k\u1ebft, c\u1ecf h\u00f4i, qu\u1ebf, l\u00e1 kh\u1ebf, h\u01b0\u01a1ng nhu, ho\u1eafc h\u01b0\u01a1ng, ng\u00e3i c\u1ee9u,&#8230; M\u00e3 s\u1ed1 Doanh nghi\u1ec7p Ng\u00e0y s\u1ea3n xu\u1ea5t Xem tr\u00ean bao b\u00ec Th\u1eddi h\u1ea1n s\u1eed d\u1ee5ng 06 th\u00e1ng k\u1ec3 t\u1eeb NSX Tr\u1ecdng l\u01b0\u1ee3ng 500ml [&hellip;]<\/p>\n","protected":false},"featured_media":514,"comment_status":"open","ping_status":"closed","template":"","meta":[],"_links":{"self":[{"href":"https:\/\/vphcheck.com\/index.php\/wp-json\/wp\/v2\/product\/1294"}],"collection":[{"href":"https:\/\/vphcheck.com\/index.php\/wp-json\/wp\/v2\/product"}],"about":[{"href":"https:\/\/vphcheck.com\/index.php\/wp-json\/wp\/v2\/types\/product"}],"replies":[{"embeddable":true,"href":"https:\/\/vphcheck.com\/index.php\/wp-json\/wp\/v2\/comments?post=1294"}],"wp:featuredmedia":[{"embeddable":true,"href":"https:\/\/vphcheck.com\/index.php\/wp-json\/wp\/v2\/media\/514"}],"wp:attachment":[{"href":"https:\/\/vphcheck.com\/index.php\/wp-json\/wp\/v2\/media?parent=1294"}],"curies":[{"name":"wp","href":"https:\/\/api.w.org\/{rel}","templated":true}]}}