{"id":1285,"date":"2024-01-15T01:25:11","date_gmt":"2024-01-15T01:25:11","guid":{"rendered":"http:\/\/vphcheck.com\/?post_type=product&#038;p=1285"},"modified":"2024-03-06T08:18:01","modified_gmt":"2024-03-06T08:18:01","slug":"banh-trang-thang-thi","status":"publish","type":"product","link":"https:\/\/vphcheck.com\/index.php\/san-pham\/banh-trang-thang-thi\/","title":{"rendered":"B\u00e1nh tr\u00e1ng g\u1ea1o l\u1ee9t Th\u0103ng Thi"},"content":{"rendered":"<p><center><img decoding=\"async\" src=\"https:\/\/img.upanh.tv\/2024\/01\/19\/z5086585672330_db33448a2ebace3845c1a6585e27e091-1.jpg\" width=\"370 height=\"auto\" alt=\" \" \/><\/p>\n","protected":false},"excerpt":{"rendered":"<table class=\"w3-table-all\">\n<thead>\n<tr class=\"w3-blue\">\n<th colspan=\"2\">Th\u00f4ng tin s\u1ea3n ph\u1ea9m<\/th>\n<\/tr>\n<\/thead>\n<tbody>\n<tr>\n<td width=\"122\">T\u00ean s\u1ea3n ph\u1ea9m<\/td>\n<td width=\"228\">B\u00c1NH TR\u00c1NG TH\u0102NG THI &#8211; \u0110\u1eb6C S\u1ea2N PH\u00da Y\u00caN<\/td>\n<\/tr>\n<tr>\n<td>Th\u00e0nh ph\u1ea7n<\/td>\n<td>B\u1ed9t g\u1ea1o, n\u01b0\u1edbc\n<\/td>\n<\/tr>\n<tr>\n<td>M\u00e3 s\u1ed1 Doanh nghi\u1ec7p<\/td>\n<td>36A.8.014973<\/td>\n<\/tr>\n<tr>\n<td>Ng\u00e0y s\u1ea3n xu\u1ea5t<\/td>\n<td>Xem tr\u00ean bao b\u00ec<\/td>\n<\/tr>\n<tr>\n<td>Th\u1eddi h\u1ea1n s\u1eed d\u1ee5ng<\/td>\n<td>06 th\u00e1ng k\u1ec3 t\u1eeb NSX<\/td>\n<\/tr>\n<tr>\n<td>Tr\u1ecdng l\u01b0\u1ee3ng<\/td>\n<td>01 Kg<\/td>\n<\/tr>\n<tr>\n<td>H\u01b0\u1edbng d\u1eabn s\u1eed d\u1ee5ng<\/td>\n<td>\n\t\u0102n tr\u1ef1c ti\u1ebfp, chi\u00ean, n\u01b0\u1edbng\n<\/td>\n<\/tr>\n<tr>\n<td>B\u1ea3o qu\u1ea3n<\/td>\n<td>B\u1ea3o qu\u1ea3n \u1edf n\u01a1i kh\u00f4 r\u00e1o tho\u00e1ng m\u00e1t tr\u00e1nh \u00e1nh n\u1eafng tr\u1ef1c ti\u1ebfp<\/td>\n<\/tr>\n<tr>\n<th class=\"w3-blue\" colspan=\"2\">Th\u00f4ng tin \u0111\u01a1n v\u1ecb \/ nh\u00e0 s\u1ea3n xu\u1ea5t<\/th>\n<\/tr>\n<tr>\n<td>T\u00ean \u0111\u01a1n v\u1ecb:<\/td>\n<td width=\"228\">H\u1ed8 KINH DOANH TR\u1ea6N V\u0102N TH\u0102NG<\/td>\n<\/tr>\n<tr>\n<td>Qu\u1ed1c gia:<\/td>\n<td>Vi\u1ec7t Nam<\/td>\n<\/tr>\n<tr>\n<td>T\u1ec9nh \/th\u00e0nh :<\/td>\n<td>Ph\u00fa Y\u00ean<\/td>\n<\/tr>\n<tr>\n<td>\u0110\u1ecba ch\u1ec9 li\u00ean l\u1ea1c:<\/td>\n<td>Th\u00f4n Ph\u00fa Vang, x\u00e3 B\u00ecnh Ki\u1ebfn, th\u00e0nh ph\u1ed1 Tuy Ho\u00e0, t\u1ec9nh Ph\u00fa Y\u00ean<\/td>\n<\/tr>\n<tr>\n<td>Email<\/td>\n<td><\/td>\n<\/tr>\n<tr>\n<td>Di \u0111\u1ed9ng:<\/td>\n<td>0385044050<\/td>\n<\/tr>\n<tr>\n<td>Website:<\/td>\n<td><\/td>\n<\/tr>\n<\/tbody>\n<\/table>\n<p><center><br \/>\n<center><img decoding=\"async\" src=\"https:\/\/img.upanh.tv\/2024\/01\/19\/001.jpg\" width=\"370 height=\"auto\" alt=\" \" \/><br \/>\n<img decoding=\"async\" src=\"https:\/\/img.upanh.tv\/2024\/01\/19\/z5086589480532_7ae3ff2a08675d987e62803a6908e9ce.jpg\" width=\"370 height=\"auto\" alt=\" \" \/><br \/>\n<img decoding=\"async\" src=\"https:\/\/img.upanh.tv\/2024\/01\/19\/z5086589491912_1e7100a2205be40f47e6d23e736f4ae4.jpg\" width=\"370 height=\"auto\" alt=\" \" \/><br \/>\n<img decoding=\"async\" src=\"https:\/\/img.upanh.tv\/2024\/01\/19\/z5086589502757_33d0ce3b90ad8a35070f24d411b77d5c.jpg\" width=\"370 height=\"auto\" alt=\" \" \/><br \/>\n<img decoding=\"async\" src=\"https:\/\/img.upanh.tv\/2024\/01\/19\/z5086586627860_b4a3c1d95b6f283df9bd4a5dc22d5771.jpg\" width=\"370 height=\"auto\" alt=\" \" \/><\/p>\n","protected":false},"featured_media":709,"comment_status":"open","ping_status":"closed","template":"","meta":[],"_links":{"self":[{"href":"https:\/\/vphcheck.com\/index.php\/wp-json\/wp\/v2\/product\/1285"}],"collection":[{"href":"https:\/\/vphcheck.com\/index.php\/wp-json\/wp\/v2\/product"}],"about":[{"href":"https:\/\/vphcheck.com\/index.php\/wp-json\/wp\/v2\/types\/product"}],"replies":[{"embeddable":true,"href":"https:\/\/vphcheck.com\/index.php\/wp-json\/wp\/v2\/comments?post=1285"}],"wp:featuredmedia":[{"embeddable":true,"href":"https:\/\/vphcheck.com\/index.php\/wp-json\/wp\/v2\/media\/709"}],"wp:attachment":[{"href":"https:\/\/vphcheck.com\/index.php\/wp-json\/wp\/v2\/media?parent=1285"}],"curies":[{"name":"wp","href":"https:\/\/api.w.org\/{rel}","templated":true}]}}