{"id":1268,"date":"2023-12-19T02:58:55","date_gmt":"2023-12-19T02:58:55","guid":{"rendered":"http:\/\/vphcheck.com\/?post_type=product&#038;p=1268"},"modified":"2025-10-14T07:09:38","modified_gmt":"2025-10-14T07:09:38","slug":"sam-ngoc-linh-cong-ty-co-phan-sam-viet-linh","status":"publish","type":"product","link":"https:\/\/vphcheck.com\/index.php\/san-pham\/sam-ngoc-linh-cong-ty-co-phan-sam-viet-linh\/","title":{"rendered":"S\u00e2m Ng\u1ecdc Linh &#8211; C\u00d4NG TY C\u1ed4 PH\u1ea6N S\u00c2M VI\u1ec6T LINH"},"content":{"rendered":"<p><center><img loading=\"lazy\" decoding=\"async\" class=\"\" src=\"https:\/\/img.upanh.tv\/2025\/01\/04\/z6189613346388_db8c38ae240be6c65677baaf9950cf63.jpg\" alt=\"\" width=\"295\" height=\"468\" \/><br \/>\n<center><img loading=\"lazy\" decoding=\"async\" class=\"\" src=\"https:\/\/img.upanh.tv\/2024\/12\/30\/18ee9f49fd8867f66.jpg\" alt=\"\" width=\"296\" height=\"245\" \/><br \/>\n<center><img loading=\"lazy\" decoding=\"async\" class=\"\" src=\"https:\/\/img.upanh.tv\/2024\/12\/30\/298a009b59b98c7f7.jpg\" alt=\"\" width=\"294\" height=\"231\" \/><br \/>\n<center><img loading=\"lazy\" decoding=\"async\" class=\"\" src=\"https:\/\/vphcheck.com\/upanh\/vietlinh\/003.jpg\" alt=\"\" width=\"290\" height=\"225\" \/><\/center><\/center><\/center><\/center><\/p>\n","protected":false},"excerpt":{"rendered":"<p><center><\/center><b>C\u00d4NG TY C\u1ed4 PH\u1ea6N S\u00c2M VI\u1ec6T LINH<\/b><\/p>\n<ul>\n<li>Tr\u1ee5 s\u1edf ch\u00ednh: Th\u00f4n 2, x\u00e3 Tr\u00e0 Linh, huy\u1ec7n Nam Tr\u00e0 My, t\u1ec9nh Qu\u1ea3ng Nam<\/li>\n<li>VP \u0111\u1ea1i di\u1ec7n: 28 Nguy\u1ec5n An Ninh, ph\u01b0\u1eddng An M\u1ef9, th\u00e0nh ph\u1ed1 Tam K\u1ef3, t\u1ec9nh Qu\u1ea3ng Nam<\/li>\n<li>CSSX: Kh\u1ed1i ph\u1ed1 M\u1ef9 Th\u1ea1ch Trung, ph\u01b0\u1eddng T\u00e2n Th\u1ea1nh, th\u00e0nh ph\u1ed1 Tam K\u1ef3, t\u1ec9nh Qu\u1ea3ng Nam<\/li>\n<li>Hotline 0934758777<\/li>\n<\/ul>\n<p><strong> TH\u01af VI\u1ec6N \u1ea2NH<\/strong><\/p>\n<p><center><img decoding=\"async\" src=\"https:\/\/img.upanh.tv\/2024\/12\/30\/sam.jpg\" alt=\"\" width=\"360\" height=\"auto\" \/><br \/>\n<center><img decoding=\"async\" src=\"https:\/\/vphcheck.com\/upanh\/vietlinh\/005.jpg\" alt=\"\" width=\"360\" height=\"auto\" \/><br \/>\n<center><img decoding=\"async\" src=\"https:\/\/vphcheck.com\/upanh\/vietlinh\/006.jpg\" alt=\"\" width=\"360\" height=\"auto\" \/><br \/>\n<center><img decoding=\"async\" src=\"https:\/\/vphcheck.com\/upanh\/vietlinh\/007.jpg\" alt=\"\" width=\"360\" height=\"auto\" \/><br \/>\n<center><img decoding=\"async\" src=\"https:\/\/vphcheck.com\/upanh\/vietlinh\/008.jpg\" alt=\"\" width=\"360\" height=\"auto\" \/><br \/>\n<center><img decoding=\"async\" src=\"https:\/\/vphcheck.com\/upanh\/vietlinh\/009.jpg\" alt=\"\" width=\"360\" height=\"auto\" \/><br \/>\n<center><img decoding=\"async\" src=\"https:\/\/vphcheck.com\/upanh\/vietlinh\/10.jpg\" alt=\"\" width=\"360\" height=\"auto\" \/><br \/>\n<center><img decoding=\"async\" src=\"https:\/\/vphcheck.com\/upanh\/vietlinh\/11.jpg\" alt=\"\" width=\"360\" height=\"auto\" \/><br \/>\n<center><img decoding=\"async\" src=\"https:\/\/vphcheck.com\/upanh\/vietlinh\/12.jpg\" alt=\"\" width=\"360\" height=\"auto\" \/><br \/>\n<center><img decoding=\"async\" src=\"https:\/\/vphcheck.com\/upanh\/vietlinh\/16.jpg\" alt=\"\" width=\"360\" height=\"auto\" \/><br \/>\n<center><img decoding=\"async\" src=\"https:\/\/vphcheck.com\/upanh\/vietlinh\/13.jpg\" alt=\"\" width=\"360\" height=\"auto\" \/><br \/>\n<center><img decoding=\"async\" src=\"https:\/\/vphcheck.com\/upanh\/vietlinh\/14.jpg\" alt=\"\" width=\"360\" height=\"auto\" \/><br \/>\n<center><img decoding=\"async\" src=\"https:\/\/vphcheck.com\/upanh\/vietlinh\/15.jpg\" alt=\"\" width=\"360\" height=\"auto\" \/><\/center><\/center><\/center><\/center><\/center><\/center><\/center><\/center><\/center><\/center><\/center><\/center><\/center><\/center><\/p>\n","protected":false},"featured_media":179,"comment_status":"open","ping_status":"closed","template":"","meta":[],"_links":{"self":[{"href":"https:\/\/vphcheck.com\/index.php\/wp-json\/wp\/v2\/product\/1268"}],"collection":[{"href":"https:\/\/vphcheck.com\/index.php\/wp-json\/wp\/v2\/product"}],"about":[{"href":"https:\/\/vphcheck.com\/index.php\/wp-json\/wp\/v2\/types\/product"}],"replies":[{"embeddable":true,"href":"https:\/\/vphcheck.com\/index.php\/wp-json\/wp\/v2\/comments?post=1268"}],"wp:featuredmedia":[{"embeddable":true,"href":"https:\/\/vphcheck.com\/index.php\/wp-json\/wp\/v2\/media\/179"}],"wp:attachment":[{"href":"https:\/\/vphcheck.com\/index.php\/wp-json\/wp\/v2\/media?parent=1268"}],"curies":[{"name":"wp","href":"https:\/\/api.w.org\/{rel}","templated":true}]}}