{"id":1238,"date":"2023-12-03T13:38:38","date_gmt":"2023-12-03T13:38:38","guid":{"rendered":"http:\/\/vphcheck.com\/?post_type=product&#038;p=1238"},"modified":"2025-04-26T01:15:56","modified_gmt":"2025-04-26T01:15:56","slug":"ho-kinh-doanh-nguyen-thi-lieu","status":"publish","type":"product","link":"https:\/\/vphcheck.com\/index.php\/san-pham\/ho-kinh-doanh-nguyen-thi-lieu\/","title":{"rendered":"H\u1ed8 KINH DOANH NGUY\u1ec4N TH\u1eca LI\u1ec4U"},"content":{"rendered":"<p>H\u1ed8 KINH DOANH NGUY\u1ec4N TH\u1eca LI\u1ec4U<br \/>\n\u0110\u1ecba ch\u1ec9: Th\u00f4n Trung To\u00e0n, x\u00e3 Tam Quang, huy\u1ec7n N\u00fai Th\u00e0nh, t\u1ec9nh Qu\u1ea3ng Nam<br \/>\n\u0110i\u1ec7n tho\u1ea1i: 0982739884<br \/><center><br \/>\n<img decoding=\"async\" src=\"https:\/\/img.upanh.tv\/2023\/12\/03\/khoi-nghieo.jpg\" width=\"370\" height=\"auto\" class=\"aligncenter size-medium\" \/><\/p>\n","protected":false},"excerpt":{"rendered":"<p><center><br \/>\n<img decoding=\"async\" class=\"aligncenter\" src=\"https:\/\/img.upanh.tv\/2023\/12\/11\/z4840547220351_0dd9a30713d2a477a10e92cf3a57cde9.jpg\" alt=\" \" width=\"370\" height=\"auto\" \/><br \/>\n<img decoding=\"async\" class=\"aligncenter\" src=\"https:\/\/img.upanh.tv\/2023\/12\/11\/z4840547232673_c1080503ec5587bed47ebfe268bbb0c7.jpg\" alt=\" \" width=\"370\" height=\"auto\" \/><br \/>\n<img decoding=\"async\" class=\"aligncenter\" src=\"https:\/\/img.upanh.tv\/2023\/12\/11\/z4840547240259_ffe935ea7cd2c1d62790e3a129a544ed.jpg\" alt=\" \" width=\"370\" height=\"auto\" \/><br \/>\n<img decoding=\"async\" class=\"aligncenter\" src=\"https:\/\/img.upanh.tv\/2023\/12\/11\/z4840547240382_4f1416ecad0ba49a2b45d93e3cd76bfa.jpg\" alt=\" \" width=\"370\" height=\"auto\" \/><br \/>\n<img decoding=\"async\" class=\"aligncenter\" src=\"https:\/\/img.upanh.tv\/2023\/12\/11\/z4840547240490_3991e9e4ea127fc002b17c540b965160.jpg\" alt=\" \" width=\"370\" height=\"auto\" \/><br \/>\n<img decoding=\"async\" class=\"aligncenter\" src=\"https:\/\/img.upanh.tv\/2023\/12\/11\/z4840547241211_3250503006d85630103480dcd1860c4b.jpg\" alt=\" \" width=\"370\" height=\"auto\" \/><br \/>\n<img decoding=\"async\" class=\"aligncenter\" src=\"https:\/\/img.upanh.tv\/2023\/12\/11\/z4840547247472_a2bd8a92c7aed4d356577e2c88b414b2-1.jpg\" alt=\" \" width=\"370\" height=\"auto\" \/><br \/>\n<img decoding=\"async\" class=\"aligncenter\" src=\"https:\/\/img.upanh.tv\/2023\/12\/11\/z4840547248452_dee0da720b05c906dfac78d94ff0c55b-1.jpg\" alt=\" \" width=\"370\" height=\"auto\" \/><br \/>\n<img decoding=\"async\" class=\"aligncenter\" src=\"https:\/\/img.upanh.tv\/2023\/12\/11\/z4840547250507_bd345db0d53a216e7d9147aff7681204-1.jpg\" alt=\" \" width=\"370\" height=\"auto\" \/><br \/>\n<img decoding=\"async\" class=\"aligncenter\" src=\"https:\/\/img.upanh.tv\/2023\/12\/11\/z4840547252605_62dee8ecb4e30298f21698a69285f106-1.jpg\" alt=\" \" width=\"370\" height=\"auto\" \/><br \/>\n<img decoding=\"async\" class=\"aligncenter\" src=\"https:\/\/img.upanh.tv\/2023\/12\/11\/z4840547258316_7bb3227de347d96b86e938ce60299e21-1.jpg\" alt=\" \" width=\"370\" height=\"auto\" \/><br \/>\n<img decoding=\"async\" class=\"aligncenter\" src=\"https:\/\/img.upanh.tv\/2023\/12\/11\/z4840547261113_b19cb7679e8c1be51484bb5e2454118d-1.jpg\" alt=\" \" width=\"370\" height=\"auto\" \/><br \/>\n<img decoding=\"async\" class=\"aligncenter\" src=\"https:\/\/img.upanh.tv\/2023\/12\/11\/z4840547261213_d03cfb696417f0d3ea7ac51555e8b732-1.jpg\" alt=\" \" width=\"370\" height=\"auto\" \/><br \/>\n<img decoding=\"async\" class=\"aligncenter\" src=\"https:\/\/img.upanh.tv\/2023\/12\/11\/z4840547263555_918903e2c75d97adaabd89214f73ef00-1.jpg\" alt=\" \" width=\"370\" height=\"auto\" \/><br \/>\n<img decoding=\"async\" class=\"aligncenter\" src=\"https:\/\/img.upanh.tv\/2023\/12\/11\/z4840547272325_f7e60e8135478472fbdcefd36997143b-1.jpg\" alt=\" \" width=\"370\" height=\"auto\" \/><br \/>\n<img decoding=\"async\" class=\"aligncenter\" src=\"https:\/\/img.upanh.tv\/2023\/12\/11\/z4840547273670_457d09271878a06cd6a4cc1b84a8e320-1.jpg\" alt=\" \" width=\"370\" height=\"auto\" \/><br \/>\n<img decoding=\"async\" class=\"aligncenter\" src=\"https:\/\/img.upanh.tv\/2023\/12\/11\/z4840547274482_db26ab6c4d09c11f4809a5c225bbad49-1.jpg\" alt=\" \" width=\"370\" height=\"auto\" \/><br \/>\n<img decoding=\"async\" class=\"aligncenter\" src=\"https:\/\/img.upanh.tv\/2023\/12\/11\/z4840547321450_1303f60b1530c3d12480caf55b3fb418-1.jpg\" alt=\" \" width=\"370\" height=\"auto\" \/><\/p>\n","protected":false},"featured_media":0,"comment_status":"open","ping_status":"closed","template":"","meta":[],"_links":{"self":[{"href":"https:\/\/vphcheck.com\/index.php\/wp-json\/wp\/v2\/product\/1238"}],"collection":[{"href":"https:\/\/vphcheck.com\/index.php\/wp-json\/wp\/v2\/product"}],"about":[{"href":"https:\/\/vphcheck.com\/index.php\/wp-json\/wp\/v2\/types\/product"}],"replies":[{"embeddable":true,"href":"https:\/\/vphcheck.com\/index.php\/wp-json\/wp\/v2\/comments?post=1238"}],"wp:attachment":[{"href":"https:\/\/vphcheck.com\/index.php\/wp-json\/wp\/v2\/media?parent=1238"}],"curies":[{"name":"wp","href":"https:\/\/api.w.org\/{rel}","templated":true}]}}