{"id":1237,"date":"2023-12-03T13:23:42","date_gmt":"2023-12-03T13:23:42","guid":{"rendered":"http:\/\/vphcheck.com\/?post_type=product&#038;p=1237"},"modified":"2023-12-21T12:41:09","modified_gmt":"2023-12-21T12:41:09","slug":"yen-tran-lam","status":"publish","type":"product","link":"https:\/\/vphcheck.com\/index.php\/san-pham\/yen-tran-lam\/","title":{"rendered":"Y\u1ebfn s\u00e0o Tr\u1ea7n L\u00e2m \u0110\u1ea5t Qu\u1ea3ng"},"content":{"rendered":"<p><center><br \/>\n<img decoding=\"async\" class=\" wp-image-503 aligncenter\" src=\"https:\/\/img.upanh.tv\/2023\/12\/09\/4-rau-anh-hao.png\" alt=\"\" width=\"370\" height=\"auto\" \/><\/center><br \/>\n<strong>Y\u1ebeN S\u00c0O TR\u00c2N L\u00c2M \u0110\u1ea4T QU\u1ea2NG<\/strong> <br \/>\n\u0110\u1ecba ch\u1ec9 : 232\/236\/238 Tr\u01b0ng N\u1eef V\u01b0\u01a1ng, P T\u00e2n Th\u1ea1nh, TP Tam K\u1ef3, t\u1ec9nh Qu\u1ea3ng Nam. <br \/>\n\u0110i\u1ec7n tho\u1ea1i 0906522667 &#8211; Zalo 0904522667.<br \/>\nChuy\u00ean : Khai th\u00e1c t\u1ed5 y\u1ebfn s\u00e0o t\u1eeb h\u1ec7 th\u1ed1ng nh\u00e0 y\u1ebfn h\u01a1n 12 n\u0103m c\u1ee7a y\u1ebfn s\u00e0o Tr\u1ea7n L\u00e2m \u0110\u1ea5t Qu\u1ea3ng. S\u1ea3n xu\u1ea5t, ch\u1ebf bi\u1ebfn v\u00e0 kinh doanh c\u00e1c lo\u1ea1i t\u1ed5 y\u1ebfn s\u00e0o, s\u01a1 ch\u1ebf l\u00e0m s\u1ea1ch t\u1ed5 y\u1ebfn, cung c\u1ea5p c\u00e1c s\u1ea3n ph\u1ea9m ch\u1ebf bi\u1ebfn t\u1eeb t\u1ed5 y\u1ebfn nh\u01b0 y\u1ebfn s\u01a1 ch\u1ebf, y\u1ebfn ch\u01b0ng h\u0169 &#8230;. Kinh doanh c\u00e1c s\u1ea3n ph\u1ea9m d\u01b0\u1ee3c li\u1ec7u b\u1ed5 d\u01b0\u1ee1ng nh\u01b0 s\u00e2m Ng\u1ecdc Linh&#8230;<br \/>\nS\u1ea3n ph\u1ea9m c\u1ee7a y\u1ebfn s\u00e0o Tr\u1ea7n L\u00e2m \u0110\u1ea5t Qu\u1ea3ng \u0111\u1ea3m b\u1ea3o nguy\u00ean ch\u1ea5t 100% \u0111\u01b0\u1ee3c s\u1ea3n xu\u1ea5t theo ti\u00eau chu\u1ea9n v\u1ec7 sinh an to\u00e0n th\u1ef1c ph\u1ea9m. V\u00e0 \u0111\u00e3 \u0111\u01b0\u1ee3c ki\u1ec3m nghi\u1ec7m ch\u1eb7t ch\u1ebd \u0111\u1ecbnh k\u1ef3 theo \u0111\u00fang quy \u0111\u1ecbnh.<br \/>\nD\u01b0\u1edbi \u0111\u00e2y l\u00e0 nh\u1eefng h\u00ecnh \u1ea3nh c\u1ee7a Y\u1ebfn s\u00e0o Tr\u1ea7n L\u00e2m \u0110\u1ea5t Qu\u1ea3ng. C\u1ea3m \u01a1n kh\u00e1ch h\u00e0ng \u0111\u00e3 tin t\u01b0\u1edfng \u1ee7ng h\u1ed9 s\u1ea3n ph\u1ea9m y\u1ebfn s\u00e0o c\u1ee7a ch\u00fang t\u00f4i.<br \/>\nK\u00ednh ch\u00fac Qu\u00fd kh\u00e1ch nhi\u1ec1u s\u1ee9c kh\u1ecfe v\u00e0 may m\u1eafn. <\/p>\n","protected":false},"excerpt":{"rendered":"<p><center><br \/>\n<img decoding=\"async\" class=\"aligncenter\" src=\"https:\/\/img.upanh.tv\/2023\/12\/17\/01ddaf44bca4ea6566.jpg\" alt=\" \" width=\"370\" height=\"auto\" \/><\/p>\n<p><img decoding=\"async\" class=\"aligncenter\" src=\"https:\/\/img.upanh.tv\/2023\/12\/17\/022077efd1aa21e730.jpg\" alt=\" \" width=\"370\" height=\"auto\" \/><\/p>\n<p><img decoding=\"async\" class=\"aligncenter\" src=\"https:\/\/img.upanh.tv\/2023\/12\/17\/031c67aa562c3b7699.jpg\" alt=\" \" width=\"370\" height=\"auto\" \/><\/p>\n<p><img decoding=\"async\" class=\"aligncenter\" src=\"https:\/\/img.upanh.tv\/2023\/12\/17\/042984fab858742ea9.jpg\" alt=\" \" width=\"370\" height=\"auto\" \/><\/p>\n<p><img decoding=\"async\" class=\"aligncenter\" src=\"https:\/\/img.upanh.tv\/2023\/12\/17\/056be5b1c80bbd7f20.jpg\" alt=\" \" width=\"370\" height=\"auto\" \/><\/p>\n<p><img decoding=\"async\" class=\"aligncenter\" src=\"https:\/\/img.upanh.tv\/2023\/12\/17\/06af5d71fd87f1b995.jpg\" alt=\" \" width=\"370\" height=\"auto\" \/><\/p>\n<p><img decoding=\"async\" class=\"aligncenter\" src=\"https:\/\/img.upanh.tv\/2023\/12\/17\/0769ba0e777ecaa1fd.jpg\" alt=\" \" width=\"370\" height=\"auto\" \/><\/p>\n<p><img decoding=\"async\" class=\"aligncenter\" src=\"https:\/\/img.upanh.tv\/2023\/12\/17\/08e184acd24a0b8e37.jpg\" alt=\" \" width=\"370\" height=\"auto\" \/><\/p>\n<p><img decoding=\"async\" class=\"aligncenter\" src=\"https:\/\/img.upanh.tv\/2023\/12\/17\/09e5fccb944e6047a4.jpg\" alt=\" \" width=\"370\" height=\"auto\" \/><\/p>\n<p><img decoding=\"async\" class=\"aligncenter\" src=\"https:\/\/img.upanh.tv\/2023\/12\/17\/010.jpg\" alt=\" \" width=\"370\" height=\"auto\" \/><\/p>\n<p><img decoding=\"async\" class=\"aligncenter\" src=\"https:\/\/img.upanh.tv\/2023\/12\/17\/011.jpg\" alt=\" \" width=\"370\" height=\"auto\" \/><\/p>\n<p><img decoding=\"async\" class=\"aligncenter\" src=\"https:\/\/img.upanh.tv\/2023\/12\/17\/012.jpg\" alt=\" \" width=\"370\" height=\"auto\" \/><\/p>\n<p><img decoding=\"async\" class=\"aligncenter\" src=\"https:\/\/img.upanh.tv\/2023\/12\/17\/013.jpg\" alt=\" \" width=\"370\" height=\"auto\" \/><\/p>\n<p><img decoding=\"async\" class=\"aligncenter\" src=\"https:\/\/img.upanh.tv\/2023\/12\/17\/014-2.jpg\" alt=\" \" width=\"370\" height=\"auto\" \/><\/p>\n<p><img decoding=\"async\" class=\"aligncenter\" src=\"https:\/\/img.upanh.tv\/2023\/12\/17\/014.jpg\" alt=\" \" width=\"370\" height=\"auto\" \/><\/p>\n<p><img decoding=\"async\" class=\"aligncenter\" src=\"https:\/\/img.upanh.tv\/2023\/12\/17\/015.jpg\" alt=\" \" width=\"370\" height=\"auto\" \/><\/p>\n<p><img decoding=\"async\" class=\"aligncenter\" src=\"https:\/\/img.upanh.tv\/2023\/12\/17\/016.jpg\" alt=\" \" width=\"370\" height=\"auto\" \/><\/p>\n<p><img decoding=\"async\" class=\"aligncenter\" src=\"https:\/\/img.upanh.tv\/2023\/12\/17\/017.jpg\" alt=\" \" width=\"370\" height=\"auto\" \/><\/p>\n<p><img decoding=\"async\" class=\"aligncenter\" src=\"https:\/\/img.upanh.tv\/2023\/12\/17\/018.jpg\" alt=\" \" width=\"370\" height=\"auto\" \/><\/p>\n","protected":false},"featured_media":512,"comment_status":"open","ping_status":"closed","template":"","meta":[],"_links":{"self":[{"href":"https:\/\/vphcheck.com\/index.php\/wp-json\/wp\/v2\/product\/1237"}],"collection":[{"href":"https:\/\/vphcheck.com\/index.php\/wp-json\/wp\/v2\/product"}],"about":[{"href":"https:\/\/vphcheck.com\/index.php\/wp-json\/wp\/v2\/types\/product"}],"replies":[{"embeddable":true,"href":"https:\/\/vphcheck.com\/index.php\/wp-json\/wp\/v2\/comments?post=1237"}],"wp:featuredmedia":[{"embeddable":true,"href":"https:\/\/vphcheck.com\/index.php\/wp-json\/wp\/v2\/media\/512"}],"wp:attachment":[{"href":"https:\/\/vphcheck.com\/index.php\/wp-json\/wp\/v2\/media?parent=1237"}],"curies":[{"name":"wp","href":"https:\/\/api.w.org\/{rel}","templated":true}]}}