{"id":1209,"date":"2023-11-25T12:30:49","date_gmt":"2023-11-25T12:30:49","guid":{"rendered":"http:\/\/vphcheck.com\/?post_type=product&#038;p=1209"},"modified":"2025-04-26T01:16:25","modified_gmt":"2025-04-26T01:16:25","slug":"trung-ga-ac-ngoc-diep","status":"publish","type":"product","link":"https:\/\/vphcheck.com\/index.php\/san-pham\/trung-ga-ac-ngoc-diep\/","title":{"rendered":"Tr\u1ee9ng g\u00e0 \u00e1c Ng\u1ecdc Di\u1ec7p"},"content":{"rendered":"<p style=\"text-align: center;\">\n<img decoding=\"async\" class=\"alignnone wp-image-745\" src=\"https:\/\/img.upanh.tv\/2023\/11\/25\/TRE-DUA-CAM-THANH-copy.jpg\" alt=\"\" width=\"370\" height=\"auto\" \/><\/p>\n","protected":false},"excerpt":{"rendered":"<table class=\"w3-table-all\">\n<thead>\n<tr class=\"w3-blue\">\n<th colspan=\"2\">Th\u00f4ng tin s\u1ea3n ph\u1ea9m<\/th>\n<\/tr>\n<\/thead>\n<tbody>\n<tr>\n<td width=\"122\">T\u00ean s\u1ea3n ph\u1ea9m<\/td>\n<td width=\"228\">TR\u1ee8NG G\u00c0 \u00c1C NG\u1eccC DI\u1ec6P<\/td>\n<\/tr>\n<tr>\n<td>Th\u00e0nh ph\u1ea7n<\/td>\n<td>100% Tr\u1ee9ng g\u00e0 \u00e1c\n<\/td>\n<\/tr>\n<tr>\n<td>Gi\u1ea5y \u0111\u0103ng k\u00ed kinh doanh<\/td>\n<td>33Q8002695<\/td>\n<\/tr>\n<tr>\n<td>Ng\u00e0y s\u1ea3n xu\u1ea5t<\/td>\n<td>Xem tr\u00ean bao b\u00ec<\/td>\n<\/tr>\n<tr>\n<td>Th\u1eddi h\u1ea1n s\u1eed d\u1ee5ng<\/td>\n<td>Xem tr\u00ean bao b\u00ec <\/td>\n<\/tr>\n<tr>\n<td>Tr\u1ecdng l\u01b0\u1ee3ng<\/td>\n<td>400gram &#8211; H\u1ed9p 10 qu\u1ea3<\/td>\n<\/tr>\n<tr>\n<td>H\u01b0\u1edbng d\u1eabn s\u1eed d\u1ee5ng<\/td>\n<td>\n<ul>\n \tD\u00f9ng l\u00e0m nguy\u00ean li\u1ec7u ch\u1ebf bi\u1ebfn th\u1ef1c ph\u1ea9m qua nhi\u1ec7t<\/p>\n<\/ul>\n<\/td>\n<\/tr>\n<tr>\n<td>B\u1ea3o qu\u1ea3n<\/td>\n<td>B\u1ea3o qu\u1ea3n \u1edf n\u01a1i kh\u00f4 r\u00e1o tho\u00e1ng m\u00e1t ho\u1eb7c ng\u0103n m\u00e1t t\u1ee7 l\u1ea1nh<\/td>\n<\/tr>\n<tr>\n<th class=\"w3-blue\" colspan=\"2\">Th\u00f4ng tin \u0111\u01a1n v\u1ecb \/ nh\u00e0 s\u1ea3n xu\u1ea5t<\/th>\n<\/tr>\n<tr>\n<td>T\u00ean \u0111\u01a1n v\u1ecb:<\/td>\n<td width=\"228\">H\u1ed8 KINH DOANH C\u01a0 S\u1ede S\u1ea2N XU\u1ea4T TR\u1ee8NG G\u00c0 \u00c1C NG\u1eccC DI\u1ec6P <\/td>\n<\/tr>\n<tr>\n<td>Qu\u1ed1c gia:<\/td>\n<td>Vi\u1ec7t Nam<\/td>\n<\/tr>\n<tr>\n<td>T\u1ec9nh \/th\u00e0nh :<\/td>\n<td>Qu\u1ea3ng Nam<\/td>\n<\/tr>\n<tr>\n<td>\u0110\u1ecba ch\u1ec9 li\u00ean l\u1ea1c:<\/td>\n<td>Th\u00f4n \u0110\u1ea1i Qu\u00fd, x\u00e3 Tam L\u1ed9c, huy\u1ec7n Ph\u00fa Ninh ,t\u1ec9nh Qu\u1ea3ng Nam<\/td>\n<\/tr>\n<tr>\n<td>Email<\/td>\n<td><\/td>\n<\/tr>\n<tr>\n<td>Di \u0111\u1ed9ng:<\/td>\n<td>0963684535 &#8211; 0349840257<\/td>\n<\/tr>\n<tr>\n<td>Website:<\/td>\n<td>http:\/\/trunggaacngocdiep.com<\/td>\n<\/tr>\n<\/tbody>\n<\/table>\n<p><center><br \/>\n<img decoding=\"async\" class=\"aligncenter\" src=\"https:\/\/img.upanh.tv\/2023\/11\/30\/z3699589398185_0f34eb1bb73e125819b63f07946e0783.jpg\" alt=\" \" width=\"370\" height=\"auto\" \/><br \/>\n<img decoding=\"async\" class=\"aligncenter\" src=\"https:\/\/img.upanh.tv\/2023\/11\/30\/z3699589399833_cbb3487b6c0e3a1eb0d6d6b9786e46df.jpg\" alt=\" \" width=\"370\" height=\"auto\" \/><br \/>\n<img decoding=\"async\" class=\"aligncenter\" src=\"https:\/\/img.upanh.tv\/2023\/11\/30\/z3699589399976_f1929277e96aa09d8c3eeb4df6810407.jpg\" alt=\" \" width=\"370\" height=\"auto\" \/><br \/>\n<img decoding=\"async\" class=\"aligncenter\" src=\"https:\/\/img.upanh.tv\/2023\/11\/30\/z3699589400220_32fc039ebfe3bcd8b1a0a778a9bd319b.jpg\" alt=\" \" width=\"370\" height=\"auto\" \/><br \/>\n<img decoding=\"async\" class=\"aligncenter\" src=\"https:\/\/img.upanh.tv\/2023\/11\/30\/z3699589418453_0301da6f44776ad9c15516b9a94ab7ae.jpg\" alt=\" \" width=\"370\" height=\"auto\" \/><br \/>\n<img decoding=\"async\" class=\"aligncenter\" src=\"https:\/\/img.upanh.tv\/2023\/11\/30\/z3699589418461_602081241c55a6717e0dbe49293da07a.jpg\" alt=\" \" width=\"370\" height=\"auto\" \/><br \/>\n<img decoding=\"async\" class=\"aligncenter\" src=\"https:\/\/img.upanh.tv\/2023\/11\/30\/z3699589418470_01abe5110f2e44f23f6c008a5561a22a.jpg\" alt=\" \" width=\"370\" height=\"auto\" \/><br \/>\n<img decoding=\"async\" class=\"aligncenter\" src=\"https:\/\/img.upanh.tv\/2023\/11\/30\/z3699610313870_e1170be5d9a26304b61d5a23e0ebc940.jpg\" alt=\" \" width=\"370\" height=\"auto\" \/><br \/>\n<img decoding=\"async\" class=\"aligncenter\" src=\"https:\/\/img.upanh.tv\/2023\/11\/30\/z3699589400176_f4c0fd1f09f7d99929bb3ed03136996b.jpg\" alt=\" \" width=\"370\" height=\"auto\" \/><\/p>\n","protected":false},"featured_media":244,"comment_status":"open","ping_status":"closed","template":"","meta":[],"_links":{"self":[{"href":"https:\/\/vphcheck.com\/index.php\/wp-json\/wp\/v2\/product\/1209"}],"collection":[{"href":"https:\/\/vphcheck.com\/index.php\/wp-json\/wp\/v2\/product"}],"about":[{"href":"https:\/\/vphcheck.com\/index.php\/wp-json\/wp\/v2\/types\/product"}],"replies":[{"embeddable":true,"href":"https:\/\/vphcheck.com\/index.php\/wp-json\/wp\/v2\/comments?post=1209"}],"wp:featuredmedia":[{"embeddable":true,"href":"https:\/\/vphcheck.com\/index.php\/wp-json\/wp\/v2\/media\/244"}],"wp:attachment":[{"href":"https:\/\/vphcheck.com\/index.php\/wp-json\/wp\/v2\/media?parent=1209"}],"curies":[{"name":"wp","href":"https:\/\/api.w.org\/{rel}","templated":true}]}}