{"id":1192,"date":"2023-11-12T07:38:20","date_gmt":"2023-11-12T07:38:20","guid":{"rendered":"http:\/\/vphcheck.com\/?post_type=product&#038;p=1192"},"modified":"2025-04-26T01:16:59","modified_gmt":"2025-04-26T01:16:59","slug":"nuoc-uong-ion-dr-diamond-rain-2","status":"publish","type":"product","link":"https:\/\/vphcheck.com\/index.php\/san-pham\/nuoc-uong-ion-dr-diamond-rain-2\/","title":{"rendered":"N\u01b0\u1edbc u\u1ed1ng ION DR Diamond Rain"},"content":{"rendered":"","protected":false},"excerpt":{"rendered":"<table class=\"w3-table-all\">\n<thead>\n<tr class=\"w3-blue\">\n<th colspan=\"2\">Th\u00f4ng tin s\u1ea3n ph\u1ea9m \/<br \/>\nProduct Information<\/th>\n<\/tr>\n<\/thead>\n<tbody>\n<tr>\n<td width=\"122\">T\u00ean s\u1ea3n ph\u1ea9m \/<br \/>\nProduct&#8217;s Name<\/td>\n<td width=\"228\">N\u01b0\u1edbc u\u1ed1ng ION DR Diamond Rain<\/td>\n<\/tr>\n<tr>\n<td>Th\u00e0nh ph\u1ea7n \/ Ingredient<\/td>\n<td>Ngu\u1ed3n n\u01b0\u1edbc th\u1ee7y c\u1ee5c<\/td>\n<\/tr>\n<tr>\n<td>Gi\u1ea5y \u0110KKD \/ License<\/td>\n<td>4001180384<\/td>\n<\/tr>\n<tr>\n<td>Ng\u00e0y s\u1ea3n xu\u1ea5t \/ MFG<\/td>\n<td>In tr\u00ean n\u1eafp chai<\/td>\n<\/tr>\n<tr>\n<td>H\u1ea1n s\u1eed d\u1ee5ng \/ EXP<\/td>\n<td>12 th\u00e1ng k\u1ec3 t\u1eeb ng\u00e0y \u0111\u00f3ng chai<\/td>\n<\/tr>\n<tr>\n<td>Dung t\u00edch\/Capacity<\/td>\n<td>Xem tr\u00ean th\u00e2n chai<\/td>\n<\/tr>\n<tr>\n<td>H\u01b0\u1edbng d\u1eabn s\u1eed d\u1ee5ng \/ User Manual<\/td>\n<td>\n<ul>\n<li>D\u00f9ng tr\u1ef1c ti\u1ebfp<\/li>\n<\/ul>\n<\/td>\n<\/tr>\n<tr>\n<td>B\u1ea3o qu\u1ea3n \/ Preserve<\/td>\n<td>B\u1ea3o qu\u1ea3n \u1edf n\u01a1i kh\u00f4 r\u00e1o tho\u00e1ng m\u00e1t, tr\u00e1nh \u00e1nh n\u1eafng tr\u1ef1c ti\u1ebfp. \u0110\u1eady k\u00edn n\u1eafp sau khi s\u1eed d\u1ee5ng<\/td>\n<\/tr>\n<tr>\n<th class=\"w3-blue\" colspan=\"2\">Th\u00f4ng tin nh\u00e0 s\u1ea3n xu\u1ea5t \/<br \/>\nManufacturer Information<\/th>\n<\/tr>\n<tr>\n<td>T\u00ean \u0111\u01a1n v\u1ecb\/ Manufacture<\/td>\n<td width=\"228\">C\u00d4NG TY C\u1ed4 PH\u1ea8N N\u01af\u1edaC GI\u1ea2I KH\u00c1T DR H\u1ed8I AN<\/td>\n<\/tr>\n<tr>\n<td>Qu\u1ed1c gia\/Nation<\/td>\n<td>Vi\u1ec7t Nam<\/td>\n<\/tr>\n<tr>\n<td>T\u1ec9nh \/th\u00e0nh \/ Province<\/td>\n<td>Qu\u1ea3ng Nam<\/td>\n<\/tr>\n<tr>\n<td>\u0110\u1ecba ch\u1ec9 li\u00ean l\u1ea1c \/ Address<\/td>\n<td>T\u1ed5 9, kh\u1ed1i B\u00e0u S\u00fang, Ph\u01b0\u1eddng Thanh H\u00e0, H\u1ed9i An, Qu\u1ea3ng Nam<\/td>\n<\/tr>\n<tr>\n<td>Email<\/td>\n<td>diamondrain.ha@gmail.com<\/td>\n<\/tr>\n<tr>\n<td>Di \u0111\u1ed9ng\/Phone<\/td>\n<td>0917357249- 0935583720<\/td>\n<\/tr>\n<tr>\n<td>Website:<\/td>\n<td>http:\/\/diamondrainwater.com<\/td>\n<\/tr>\n<\/tbody>\n<\/table>\n<p style=\"text-align: center;\"><img decoding=\"async\" class=\"alignnone wp-image-745\" src=\"https:\/\/img.upanh.tv\/2023\/08\/27\/z4620771517317_c0cf301a081240f0a3f54d8de08f93a5.jpg\" alt=\"\" width=\"370\" height=\"auto\" \/><br \/>\n<img decoding=\"async\" class=\"alignnone wp-image-745\" src=\"https:\/\/img.upanh.tv\/2023\/08\/27\/z4620782649337_2dd54f052777847cfe9dd561c55460da.jpg\" alt=\"\" width=\"370\" height=\"auto\" \/><br \/>\n<img decoding=\"async\" class=\"alignnone wp-image-745\" src=\"https:\/\/img.upanh.tv\/2023\/08\/27\/z4620782592954_694cbc21a90918b084baff85689ba408.jpg\" alt=\"\" width=\"370\" height=\"auto\" \/><br \/>\n<img decoding=\"async\" class=\"alignnone wp-image-745\" src=\"https:\/\/img.upanh.tv\/2023\/08\/27\/z4620782603772_1390ccd1857fcf8a94049d8e15185ea2.jpg\" alt=\"\" width=\"370\" height=\"auto\" \/><br \/>\n<img decoding=\"async\" class=\"alignnone wp-image-745\" src=\"https:\/\/img.upanh.tv\/2023\/08\/27\/z4620782606633_0dc9a2d7030454084e270d5c32de66e5.jpg\" alt=\"\" width=\"370\" height=\"auto\" \/><br \/>\n<img decoding=\"async\" class=\"alignnone wp-image-745\" src=\"https:\/\/img.upanh.tv\/2023\/08\/27\/z4620782610429_98d4e2b07b8891b9eb6d4057d279f378.jpg\" alt=\"\" width=\"370\" height=\"auto\" \/><br \/>\n<img decoding=\"async\" class=\"alignnone wp-image-745\" src=\"https:\/\/img.upanh.tv\/2023\/08\/27\/z4620782620791_bfa6225dfe636ded5dd58aac43c11466.jpg\" alt=\"\" width=\"370\" height=\"auto\" \/><\/p>\n","protected":false},"featured_media":538,"comment_status":"open","ping_status":"closed","template":"","meta":[],"_links":{"self":[{"href":"https:\/\/vphcheck.com\/index.php\/wp-json\/wp\/v2\/product\/1192"}],"collection":[{"href":"https:\/\/vphcheck.com\/index.php\/wp-json\/wp\/v2\/product"}],"about":[{"href":"https:\/\/vphcheck.com\/index.php\/wp-json\/wp\/v2\/types\/product"}],"replies":[{"embeddable":true,"href":"https:\/\/vphcheck.com\/index.php\/wp-json\/wp\/v2\/comments?post=1192"}],"wp:featuredmedia":[{"embeddable":true,"href":"https:\/\/vphcheck.com\/index.php\/wp-json\/wp\/v2\/media\/538"}],"wp:attachment":[{"href":"https:\/\/vphcheck.com\/index.php\/wp-json\/wp\/v2\/media?parent=1192"}],"curies":[{"name":"wp","href":"https:\/\/api.w.org\/{rel}","templated":true}]}}