{"id":1189,"date":"2023-10-09T16:00:12","date_gmt":"2023-10-09T16:00:12","guid":{"rendered":"http:\/\/vphcheck.com\/?post_type=product&#038;p=1189"},"modified":"2025-10-14T07:15:57","modified_gmt":"2025-10-14T07:15:57","slug":"ruou-la-sam-ngoc-linh-pham-tan-phi-sao-chep","status":"publish","type":"product","link":"https:\/\/vphcheck.com\/index.php\/san-pham\/ruou-la-sam-ngoc-linh-pham-tan-phi-sao-chep\/","title":{"rendered":"S\u00e2m C\u1ee7 Ng\u1ecdc Linh &#8211; Ph\u1ea1m T\u1ea5n Phi"},"content":{"rendered":"<table class=\"w3-table-all\">\n<thead>\n<tr class=\"w3-blue\">\n<th colspan=\"2\">Th\u00f4ng tin s\u1ea3n ph\u1ea9m<\/th>\n<\/tr>\n<\/thead>\n<tbody>\n<tr>\n<td width=\"122\">T\u00ean s\u1ea3n ph\u1ea9m<\/td>\n<td width=\"228\">S\u00c2M C\u1ee6 NG\u1eccC LINH<\/td>\n<\/tr>\n<tr>\n<td>Xu\u1ea5t x\u1ee9<\/td>\n<td>\n<li>X\u00e3 Ph\u01b0\u1edbc L\u1ed9c, huy\u1ec7n Ph\u01b0\u1edbc S\u01a1n, t\u1ec9nh Qu\u1ea3ng Nam<\/li>\n<li>Nh\u00e0 v\u01b0\u1eddn t\u1ea1i x\u00e3 \u0110\u0103k Choon, Huy\u1ec7n \u0110\u0103k lay, t\u1ec9nh Kon Tum.<\/li>\n<li>V\u00f9ng l\u00e2n c\u1eadn n\u00fai Ng\u1ecdc linh Kon Tum<\/li>\n<\/td>\n<\/tr>\n<tr>\n<td>Gi\u1ea5y \u0110KKD<\/td>\n<td>33L8000389<\/td>\n<\/tr>\n<tr>\n<td>Ng\u00e0y \u0111\u00f3ng g\u00f3i<\/td>\n<td>Xem tr\u00ean bao b\u00ec<\/td>\n<\/tr>\n<tr>\n<td>Th\u1eddi h\u1ea1n s\u1eed d\u1ee5ng<\/td>\n<td>Xem h\u01b0\u1edbng d\u1eabn<\/td>\n<\/tr>\n<tr>\n<td>Tr\u1ecdng l\u01b0\u1ee3ng<\/td>\n<td>Xem tr\u00ean bao b\u00ec<\/td>\n<\/tr>\n<tr>\n<td>C\u00f4ng d\u1ee5ng \/ H\u01b0\u1edbng d\u1eabn s\u1eed d\u1ee5ng<\/td>\n<td>\n<ul>\n<li>\u0110i\u1ec1u h\u00f2a ho\u1ea1t \u0111\u1ed9ng tim m\u1ea1ch. &#8230;<\/li>\n<li>T\u0103ng c\u01b0\u1eddng ch\u1ee9c n\u0103ng sinh l\u00fd &#8230;<\/li>\n<li>N\u00e2ng cao th\u1ec3 tr\u1ea1ng, t\u0103ng c\u01b0\u1eddng s\u1ee9c \u0111\u1ec1 kh\u00e1ng c\u01a1 th\u1ec3 &#8230;<\/li>\n<li>S\u00e2m ng\u1ecdc linh gi\u00fap ch\u1ed1ng tr\u1ea7m c\u1ea3m, gi\u1ea3m lo \u00e2u. &#8230;<\/li>\n<li>Ph\u00f2ng ng\u1eeba v\u00e0 h\u1ed7 tr\u1ee3 \u0111i\u1ec1u tr\u1ecb b\u1ec7nh ung th\u01b0<\/li>\n<\/ul>\n<\/td>\n<\/tr>\n<tr>\n<td>B\u1ea3o qu\u1ea3n<\/td>\n<td>B\u1ea3o qu\u1ea3n \u1edf n\u01a1i kh\u00f4 r\u00e1o tho\u00e1ng m\u00e1t, tr\u00e1nh \u00e1nh n\u1eafng tr\u1ef1c ti\u1ebfp. \u0110\u00f3ng g\u00f3i c\u1ea9n th\u1eadn sau khi s\u1eed d\u1ee5ng<\/td>\n<\/tr>\n<tr>\n<th class=\"w3-blue\" colspan=\"2\">Th\u00f4ng tin \u0111\u01a1n v\u1ecb \/ nh\u00e0 s\u1ea3n xu\u1ea5t<\/th>\n<\/tr>\n<tr>\n<td>T\u00ean \u0111\u01a1n v\u1ecb:<\/td>\n<td width=\"228\">H\u1ed8 KINH DOANH PH\u1ea0M T\u1ea4N PHI &#8211; NH\u00c0 H\u00c0NG H\u1eeeU \u0110\u1ea0T<\/td>\n<\/tr>\n<tr>\n<td>Qu\u1ed1c gia:<\/td>\n<td>Vi\u1ec7t Nam<\/td>\n<\/tr>\n<tr>\n<td>T\u1ec9nh \/th\u00e0nh :<\/td>\n<td>Qu\u1ea3ng Nam<\/td>\n<\/tr>\n<tr>\n<td>\u0110\u1ecba ch\u1ec9 li\u00ean l\u1ea1c:<\/td>\n<td>85 Nguy\u1ec5n V\u0103n Linh, th\u1ecb tr\u1ea5n Kh\u00e2m \u0110\u1ee9c, huy\u1ec7n Ph\u01b0\u1edbc S\u01a1n, t\u1ec9nh Qu\u1ea3ng Nam<\/td>\n<\/tr>\n<tr>\n<td>Email<\/td>\n<td>phamtanphi@gmail.com<\/td>\n<\/tr>\n<tr>\n<td>Di \u0111\u1ed9ng:<\/td>\n<td>0978526452<\/td>\n<\/tr>\n<tr>\n<td>Website:<\/td>\n<td><\/td>\n<\/tr>\n<\/tbody>\n<\/table>\n<p style=\"text-align: center;\">\n","protected":false},"excerpt":{"rendered":"<p>Th\u00f4ng tin s\u1ea3n ph\u1ea9m T\u00ean s\u1ea3n ph\u1ea9m S\u00c2M C\u1ee6 NG\u1eccC LINH Xu\u1ea5t x\u1ee9 X\u00e3 Ph\u01b0\u1edbc L\u1ed9c, huy\u1ec7n Ph\u01b0\u1edbc S\u01a1n, t\u1ec9nh Qu\u1ea3ng Nam Nh\u00e0 v\u01b0\u1eddn t\u1ea1i x\u00e3 \u0110\u0103k Choon, Huy\u1ec7n \u0110\u0103k lay, t\u1ec9nh Kon Tum. V\u00f9ng l\u00e2n c\u1eadn n\u00fai Ng\u1ecdc linh Kon Tum Gi\u1ea5y \u0110KKD 33L8000389 Ng\u00e0y \u0111\u00f3ng g\u00f3i Xem tr\u00ean bao b\u00ec Th\u1eddi h\u1ea1n s\u1eed [&hellip;]<\/p>\n","protected":false},"featured_media":509,"comment_status":"open","ping_status":"closed","template":"","meta":[],"_links":{"self":[{"href":"https:\/\/vphcheck.com\/index.php\/wp-json\/wp\/v2\/product\/1189"}],"collection":[{"href":"https:\/\/vphcheck.com\/index.php\/wp-json\/wp\/v2\/product"}],"about":[{"href":"https:\/\/vphcheck.com\/index.php\/wp-json\/wp\/v2\/types\/product"}],"replies":[{"embeddable":true,"href":"https:\/\/vphcheck.com\/index.php\/wp-json\/wp\/v2\/comments?post=1189"}],"wp:featuredmedia":[{"embeddable":true,"href":"https:\/\/vphcheck.com\/index.php\/wp-json\/wp\/v2\/media\/509"}],"wp:attachment":[{"href":"https:\/\/vphcheck.com\/index.php\/wp-json\/wp\/v2\/media?parent=1189"}],"curies":[{"name":"wp","href":"https:\/\/api.w.org\/{rel}","templated":true}]}}