{"id":1159,"date":"2023-08-27T14:27:18","date_gmt":"2023-08-27T14:27:18","guid":{"rendered":"http:\/\/vphcheck.com\/?post_type=product&#038;p=1159"},"modified":"2025-07-15T07:41:44","modified_gmt":"2025-07-15T07:41:44","slug":"nuoc-uong-ion-dr-diamond-rain-chai-350ml","status":"publish","type":"product","link":"https:\/\/vphcheck.com\/index.php\/san-pham\/nuoc-uong-ion-dr-diamond-rain-chai-350ml\/","title":{"rendered":"N\u01b0\u1edbc u\u1ed1ng \u0111\u00f3ng chai DR Diamond Rain &#8211; Chai 330ml, 350ml"},"content":{"rendered":"<table class=\"w3-table-all\">\n<thead>\n<tr class=\"w3-blue\">\n<th colspan=\"2\">Th\u00f4ng tin s\u1ea3n ph\u1ea9m \/<br \/>\nProduct Information <\/th>\n<\/tr>\n<\/thead>\n<tbody>\n<tr>\n<td width=\"122\">T\u00ean s\u1ea3n ph\u1ea9m \/<br \/>\nProduct&#039;s Name<\/td>\n<td width=\"228\">N\u01b0\u1edbc u\u1ed1ng \u0111\u00f3ng chai DR Diamond Rain &#8211; Chai 330ml, 350ml<\/td>\n<\/tr>\n<tr>\n<td>Th\u00e0nh ph\u1ea7n \/ Ingredient<\/td>\n<td>Ngu\u1ed3n n\u01b0\u1edbc th\u1ee7y c\u1ee5c<\/td>\n<\/tr>\n<tr>\n<td>Gi\u1ea5y \u0110KKD \/ License<\/td>\n<td>4001180384<\/td>\n<\/tr>\n<tr>\n<td>Ng\u00e0y s\u1ea3n xu\u1ea5t \/ MFG<\/td>\n<td>In tr\u00ean n\u1eafp chai<\/td>\n<\/tr>\n<tr>\n<td>H\u1ea1n s\u1eed d\u1ee5ng \/ EXP<\/td>\n<td>12 th\u00e1ng k\u1ec3 t\u1eeb ng\u00e0y \u0111\u00f3ng chai<\/td>\n<\/tr>\n<tr>\n<td>Dung t\u00edch\/Capacity<\/td>\n<td>330ml<\/td>\n<\/tr>\n<tr>\n<td>H\u01b0\u1edbng d\u1eabn s\u1eed d\u1ee5ng \/ User Manual<\/td>\n<td>\n<ul>\n<li>D\u00f9ng tr\u1ef1c ti\u1ebfp<\/li>\n<\/ul>\n<\/td>\n<\/tr>\n<tr>\n<td>B\u1ea3o qu\u1ea3n \/ Preserve<\/td>\n<td>B\u1ea3o qu\u1ea3n \u1edf n\u01a1i kh\u00f4 r\u00e1o tho\u00e1ng m\u00e1t, tr\u00e1nh \u00e1nh n\u1eafng tr\u1ef1c ti\u1ebfp. \u0110\u1eady k\u00edn n\u1eafp sau khi s\u1eed d\u1ee5ng<\/td>\n<\/tr>\n<tr>\n<th class=\"w3-blue\" colspan=\"2\">Th\u00f4ng tin nh\u00e0 s\u1ea3n xu\u1ea5t \/<br \/>\nManufacturer Information<\/th>\n<\/tr>\n<tr>\n<td>T\u00ean \u0111\u01a1n v\u1ecb\/ Manufacture<\/td>\n<td width=\"228\">C\u00d4NG TY C\u1ed4 PH\u1ea8N N\u01af\u1edaC GI\u1ea2I KH\u00c1T DR H\u1ed8I AN<\/td>\n<\/tr>\n<tr>\n<td>Qu\u1ed1c gia\/Nation<\/td>\n<td>Vi\u1ec7t Nam<\/td>\n<\/tr>\n<tr>\n<td>T\u1ec9nh \/th\u00e0nh \/ Province<\/td>\n<td>Qu\u1ea3ng Nam<\/td>\n<\/tr>\n<tr>\n<td>\u0110\u1ecba ch\u1ec9 li\u00ean l\u1ea1c \/ Address<\/td>\n<td>T\u1ed5 9, kh\u1ed1i B\u00e0u S\u00fang, Ph\u01b0\u1eddng Thanh H\u00e0, H\u1ed9i An, Qu\u1ea3ng Nam<\/td>\n<\/tr>\n<tr>\n<td>Email<\/td>\n<td>diamondrain.ha@gmail.com<\/td>\n<\/tr>\n<tr>\n<td>Di \u0111\u1ed9ng\/Phone<\/td>\n<td>0917357249- 0935583720<\/td>\n<\/tr>\n<tr>\n<td>Website:<\/td>\n<td>http:\/\/diamondrainwater.com<\/td>\n<\/tr>\n<\/table>\n","protected":false},"excerpt":{"rendered":"<p>Th\u00f4ng tin s\u1ea3n ph\u1ea9m \/ Product Information T\u00ean s\u1ea3n ph\u1ea9m \/ Product&#039;s Name N\u01b0\u1edbc u\u1ed1ng \u0111\u00f3ng chai DR Diamond Rain &#8211; Chai 330ml, 350ml Th\u00e0nh ph\u1ea7n \/ Ingredient Ngu\u1ed3n n\u01b0\u1edbc th\u1ee7y c\u1ee5c Gi\u1ea5y \u0110KKD \/ License 4001180384 Ng\u00e0y s\u1ea3n xu\u1ea5t \/ MFG In tr\u00ean n\u1eafp chai H\u1ea1n s\u1eed d\u1ee5ng \/ EXP 12 th\u00e1ng k\u1ec3 t\u1eeb [&hellip;]<\/p>\n","protected":false},"featured_media":1814,"comment_status":"open","ping_status":"closed","template":"","meta":[],"_links":{"self":[{"href":"https:\/\/vphcheck.com\/index.php\/wp-json\/wp\/v2\/product\/1159"}],"collection":[{"href":"https:\/\/vphcheck.com\/index.php\/wp-json\/wp\/v2\/product"}],"about":[{"href":"https:\/\/vphcheck.com\/index.php\/wp-json\/wp\/v2\/types\/product"}],"replies":[{"embeddable":true,"href":"https:\/\/vphcheck.com\/index.php\/wp-json\/wp\/v2\/comments?post=1159"}],"wp:featuredmedia":[{"embeddable":true,"href":"https:\/\/vphcheck.com\/index.php\/wp-json\/wp\/v2\/media\/1814"}],"wp:attachment":[{"href":"https:\/\/vphcheck.com\/index.php\/wp-json\/wp\/v2\/media?parent=1159"}],"curies":[{"name":"wp","href":"https:\/\/api.w.org\/{rel}","templated":true}]}}