{"id":1158,"date":"2023-08-27T09:09:50","date_gmt":"2023-08-27T09:09:50","guid":{"rendered":"http:\/\/vphcheck.com\/?post_type=product&#038;p=1158"},"modified":"2025-04-26T01:20:21","modified_gmt":"2025-04-26T01:20:21","slug":"hat-dinh-duong-cao-cap-me-tep","status":"publish","type":"product","link":"https:\/\/vphcheck.com\/index.php\/san-pham\/hat-dinh-duong-cao-cap-me-tep\/","title":{"rendered":"H\u1ea0T DINH D\u01af\u1ee0NG CAO C\u1ea4P M\u1eb8 T\u00c9P"},"content":{"rendered":"","protected":false},"excerpt":{"rendered":"<table class=\"w3-table-all\">\n<thead>\n<tr class=\"w3-blue\">\n<th colspan=\"2\">Th\u00f4ng tin s\u1ea3n ph\u1ea9m \/<br \/>\nProduct Information <\/th>\n<\/tr>\n<\/thead>\n<tbody>\n<tr>\n<td width=\"122\">T\u00ean s\u1ea3n ph\u1ea9m \/<br \/>\nProduct&#8217;s Name<\/td>\n<td width=\"228\">H\u1ea0T DINH D\u01af\u1ee0NG CAO C\u1ea4P<\/td>\n<\/tr>\n<tr>\n<td>Th\u00e0nh ph\u1ea7n \/ Ingredient<\/td>\n<td>H\u1ed3 \u0111\u00e0o, h\u1ea1nh nh\u00e2n, \u00f3c c\u00f3, h\u1ea1t \u0111i\u1ec1u, h\u1ea1t d\u1ebd<\/td>\n<\/tr>\n<tr>\n<td>Gi\u1ea5y \u0110KKD \/ License<\/td>\n<td>4001180384<\/td>\n<\/tr>\n<tr>\n<td>Ng\u00e0y s\u1ea3n xu\u1ea5t \/ MFG<\/td>\n<td>Xem tr\u00ean bao b\u00ec<\/td>\n<\/tr>\n<tr>\n<td>H\u1ea1n s\u1eed d\u1ee5ng \/ EXP<\/td>\n<td>05 n\u0103m k\u1ec3 t\u1eeb ng\u00e0y \u0111\u00f3ng g\u00f3i<\/td>\n<\/tr>\n<tr>\n<td>Dung t\u00edch\/Capacity<\/td>\n<td>500ml<\/td>\n<\/tr>\n<tr>\n<td>H\u01b0\u1edbng d\u1eabn s\u1eed d\u1ee5ng \/ User Manual<\/td>\n<td>\n<ul>\n<li>D\u00f9ng h\u00e0ng ng\u00e0y v\u00e0o b\u1eefa \u0103n s\u00e1ng ho\u1eb7c \u0103n ph\u1ee5<\/li>\n<li>D\u00f9ng tr\u1ef1c ti\u1ebfp ho\u1eb7c k\u1ebft h\u1ee3p v\u1edbi b\u01a1, tr\u00e1i c\u00e2y<\/li>\n<\/ul>\n<\/td>\n<\/tr>\n<tr>\n<td>B\u1ea3o qu\u1ea3n \/ Preserve<\/td>\n<td>B\u1ea3o qu\u1ea3n trong ng\u0103n m\u00e1t t\u1ee7 l\u1ea1nh, tr\u00e1nh \u00e1nh n\u1eafng tr\u1ef1c ti\u1ebfp. \u0110\u1eady k\u00edn n\u1eafp sau khi s\u1eed d\u1ee5ng<\/td>\n<\/tr>\n<tr>\n<th class=\"w3-blue\" colspan=\"2\">Th\u00f4ng tin nh\u00e0 s\u1ea3n xu\u1ea5t \/<br \/>\nManufacturer Information<\/th>\n<\/tr>\n<tr>\n<td>T\u00ean \u0111\u01a1n v\u1ecb\/ Manufacture<\/td>\n<td width=\"228\">C\u00d4NG TY TNHH TH\u1ef0C PH\u1ea8M DINH D\u01af\u1ee0NG MT NUTS<\/td>\n<\/tr>\n<tr>\n<td>Qu\u1ed1c gia\/Nation<\/td>\n<td>Vi\u1ec7t Nam<\/td>\n<\/tr>\n<tr>\n<td>T\u1ec9nh \/th\u00e0nh \/ Province<\/td>\n<td>Qu\u1ea3ng Nam<\/td>\n<\/tr>\n<tr>\n<td>\u0110\u1ecba ch\u1ec9 li\u00ean l\u1ea1c \/ Address<\/td>\n<td>110 Tr\u1ea7n Nh\u00e2n T\u00f4ng, Ph\u01b0\u1eddng C\u1ea9m Ch\u00e2u, H\u1ed9i An, Qu\u1ea3ng Nam<\/td>\n<\/tr>\n<tr>\n<td>Email<\/td>\n<td>ngucocmetep@gmail.com<\/td>\n<\/tr>\n<tr>\n<td>Di \u0111\u1ed9ng\/Phone<\/td>\n<td>0905409406<\/td>\n<\/tr>\n<tr>\n<td>Website:<\/td>\n<td>http:\/\/ngucocmetep.com.vn<\/td>\n<\/tr>\n<\/tbody>\n<\/table>\n<p style=\"text-align: center;\">\n<img decoding=\"async\" class=\"alignnone wp-image-745\" src=\"https:\/\/img.upanh.tv\/2023\/08\/27\/HT-DINH-DNG-CAO-CP---400G-280000VND.jpg\" alt=\"\" width=\"370\" height=\"auto\" \/><\/p>\n","protected":false},"featured_media":554,"comment_status":"open","ping_status":"closed","template":"","meta":[],"_links":{"self":[{"href":"https:\/\/vphcheck.com\/index.php\/wp-json\/wp\/v2\/product\/1158"}],"collection":[{"href":"https:\/\/vphcheck.com\/index.php\/wp-json\/wp\/v2\/product"}],"about":[{"href":"https:\/\/vphcheck.com\/index.php\/wp-json\/wp\/v2\/types\/product"}],"replies":[{"embeddable":true,"href":"https:\/\/vphcheck.com\/index.php\/wp-json\/wp\/v2\/comments?post=1158"}],"wp:featuredmedia":[{"embeddable":true,"href":"https:\/\/vphcheck.com\/index.php\/wp-json\/wp\/v2\/media\/554"}],"wp:attachment":[{"href":"https:\/\/vphcheck.com\/index.php\/wp-json\/wp\/v2\/media?parent=1158"}],"curies":[{"name":"wp","href":"https:\/\/api.w.org\/{rel}","templated":true}]}}