{"id":1127,"date":"2023-06-26T02:55:55","date_gmt":"2023-06-26T02:55:55","guid":{"rendered":"http:\/\/vphcheck.com\/?post_type=product&#038;p=1127"},"modified":"2025-04-26T01:21:09","modified_gmt":"2025-04-26T01:21:09","slug":"guu-cafe","status":"publish","type":"product","link":"https:\/\/vphcheck.com\/index.php\/san-pham\/guu-cafe\/","title":{"rendered":"GUU CAFE"},"content":{"rendered":"<h4 style=\"text-align: center;\"><span style=\"color: #0085fa;\"><strong>V\u1ec0 CH\u00daNG T\u00d4I<\/strong><\/span><\/h4>\n<p><img decoding=\"async\" src=\"https:\/\/img.upanh.tv\/2023\/08\/15\/z4595021632208_db7a22b92d19e0e5bdc826667193a57b.jpg\" width=\"370\" height=\"auto\" border=\"0\"><\/p>\n<h4 style=\"text-align: center;\"><span style=\"color: #0085fa;\"><strong>TH\u00d4NG TIN S\u1ea2N PH\u1ea8M<\/strong><\/span><\/h4>\n<p><center><br \/><img decoding=\"async\" src=\"https:\/\/img.upanh.tv\/2023\/06\/26\/tram-huong.png\" alt=\"tram-huong.png\" width=\"370\" height=\"auto\" border=\"0\" \/><br \/>\nC\u00d4NG TY C\u1ed4 PH\u1ea6N INVEST WORLD \u0110\u00c0 N\u1eb4NG<br \/><\/center><br \/>\n<center><br \/><img decoding=\"async\" src=\"https:\/\/img.upanh.tv\/2023\/08\/17\/z4595026645365_aa71b0adbbe5f479afe9bcaf7c90b90f.jpg\" width=\"370\" height=\"auto\" border=\"0\" \/><br \/>\n<center><br \/><img decoding=\"async\" src=\"https:\/\/img.upanh.tv\/2023\/08\/17\/z4595026648132_d8f2dc91e8866ad1a0798717fb95b834.jpg\" width=\"370\" height=\"auto\" border=\"0\" \/><br \/>\n<center><br \/><img decoding=\"async\" src=\"https:\/\/img.upanh.tv\/2023\/08\/17\/z4595026654120_a6ad83f61753225d8d83f8e1d590d930.jpg\" width=\"370\" height=\"auto\" border=\"0\" \/><br \/>\n<center><br \/><img decoding=\"async\" src=\"https:\/\/img.upanh.tv\/2023\/08\/17\/z4595026654757_97fe18ce6de49b11062d8d38f47596e1.jpg\" width=\"370\" height=\"auto\" border=\"0\" \/><br \/>\n<center><br \/><img decoding=\"async\" src=\"https:\/\/img.upanh.tv\/2023\/08\/17\/z4595026657934_f4c9c252ac8061d4782eacfd79378395.jpg\" width=\"370\" height=\"auto\" border=\"0\" \/><br \/>\n<center><br \/><img decoding=\"async\" src=\"https:\/\/img.upanh.tv\/2023\/08\/17\/z4595026666371_f1ad55727df102e437a67cf01856037e.jpg\" width=\"370\" height=\"auto\" border=\"0\" \/><\/p>\n<h4 style=\"text-align: center;\"><span style=\"color: #0085fa;\"><strong>TH\u01af VI\u1ec6N \u1ea2NH<\/strong><\/span><\/h4>\n<p><center><br \/><img decoding=\"async\" src=\"https:\/\/img.upanh.tv\/2023\/08\/07\/z4582611572055_4c1cc953f7183197424d4338c64f266c.jpg\" width=\"370\" height=\"auto\" border=\"0\" \/><br \/>\n<img decoding=\"async\" src=\"https:\/\/img.upanh.tv\/2023\/08\/07\/z4582611574640_b400de1eac928e274ea50ba1cedca5ef.jpg\" alt=\"tram-huong.png\" width=\"370\" height=\"auto\" border=\"0\" \/><br \/>\n<img decoding=\"async\" src=\"https:\/\/img.upanh.tv\/2023\/08\/07\/z4582611574949_239c266b5228c4a168d51f7df8ae6953.jpg\" alt=\"tram-huong.png\" width=\"370\" height=\"auto\" border=\"0\" \/><br \/>\n<img decoding=\"async\" src=\"https:\/\/img.upanh.tv\/2023\/08\/07\/z4582611580012_fc2d76c818b742bed7ed18687333641f.jpg\" alt=\"tram-huong.png\" width=\"370\" height=\"auto\" border=\"0\" \/><br \/>\n<img decoding=\"async\" src=\"https:\/\/img.upanh.tv\/2023\/08\/07\/z4582611584824_1fbe38283441424f974c66e2820765fb.jpg\" alt=\"tram-huong.png\" width=\"370\" height=\"auto\" border=\"0\" \/><br \/>\n<img decoding=\"async\" src=\"https:\/\/img.upanh.tv\/2023\/08\/07\/z4582611588341_718c4cb3e6db0b9c5de283e181682e8f.jpg\" alt=\"tram-huong.png\" width=\"370\" height=\"auto\" border=\"0\" \/><br \/>\n<img decoding=\"async\" src=\"https:\/\/img.upanh.tv\/2023\/08\/07\/z4582611589378_64e87e0ce6a6f269f3e34d6f2debcda9.jpg\" alt=\"tram-huong.png\" width=\"370\" height=\"auto\" border=\"0\" \/><br \/>\n<img decoding=\"async\" src=\"https:\/\/img.upanh.tv\/2023\/08\/07\/z4582611593220_8034ec44c2bfaa9508d5afa7e91133de.jpg\" alt=\"tram-huong.png\" width=\"370\" height=\"auto\" border=\"0\" \/><br \/>\n<img decoding=\"async\" src=\"https:\/\/img.upanh.tv\/2023\/08\/07\/z4582611593475_ff978596f6f2fb7a98893edad32f4099.jpg\" alt=\"tram-huong.png\" width=\"370\" height=\"auto\" border=\"0\" \/><br \/>\n<img decoding=\"async\" src=\"https:\/\/img.upanh.tv\/2023\/08\/07\/z4582611600699_88ba59dd381ba7e2896519ad7bc5d2e2.jpg\" alt=\"tram-huong.png\" width=\"370\" height=\"auto\" border=\"0\" \/><\/p>\n<h4 style=\"text-align: center;\"><span style=\"color: #0085fa;\"><strong>LI\u00caN H\u1ec6<\/strong><\/span><\/h4>\n<p>C\u00d4NG TY C\u1ed4 PH\u1ea6N INVEST WORLD \u0110\u00c0 N\u1eb4NG.<br \/>\nTr\u1ee5 s\u1edf ch\u1ec9nh: T\u1ea7ng 2, T\u00f2a nh\u00e0 Kim S\u01a1n, 18 Phan Th\u00e0nh T\u00e0i, Ph\u01b0\u1eddng B\u00ecnh Thu\u1eadn, Qu\u1eadn H\u1ea3i Ch\u00e2u, \u0110\u00e0 N\u1eb5ng. <br \/>\nHotline CSKH: 0888755468<br \/>\n\u0110i\u1ec7n tho\u1ea1i: 0915998246<\/p>\n","protected":false},"excerpt":{"rendered":"<p>V\u1ec0 CH\u00daNG T\u00d4I TH\u00d4NG TIN S\u1ea2N PH\u1ea8M C\u00d4NG TY C\u1ed4 PH\u1ea6N INVEST WORLD \u0110\u00c0 N\u1eb4NG TH\u01af VI\u1ec6N \u1ea2NH LI\u00caN H\u1ec6 C\u00d4NG TY C\u1ed4 PH\u1ea6N INVEST WORLD \u0110\u00c0 N\u1eb4NG. Tr\u1ee5 s\u1edf ch\u1ec9nh: T\u1ea7ng 2, T\u00f2a nh\u00e0 Kim S\u01a1n, 18 Phan Th\u00e0nh T\u00e0i, Ph\u01b0\u1eddng B\u00ecnh Thu\u1eadn, Qu\u1eadn H\u1ea3i Ch\u00e2u, \u0110\u00e0 N\u1eb5ng. Hotline CSKH: 0888755468 \u0110i\u1ec7n tho\u1ea1i: 0915998246<\/p>\n","protected":false},"featured_media":782,"comment_status":"open","ping_status":"closed","template":"","meta":[],"_links":{"self":[{"href":"https:\/\/vphcheck.com\/index.php\/wp-json\/wp\/v2\/product\/1127"}],"collection":[{"href":"https:\/\/vphcheck.com\/index.php\/wp-json\/wp\/v2\/product"}],"about":[{"href":"https:\/\/vphcheck.com\/index.php\/wp-json\/wp\/v2\/types\/product"}],"replies":[{"embeddable":true,"href":"https:\/\/vphcheck.com\/index.php\/wp-json\/wp\/v2\/comments?post=1127"}],"wp:featuredmedia":[{"embeddable":true,"href":"https:\/\/vphcheck.com\/index.php\/wp-json\/wp\/v2\/media\/782"}],"wp:attachment":[{"href":"https:\/\/vphcheck.com\/index.php\/wp-json\/wp\/v2\/media?parent=1127"}],"curies":[{"name":"wp","href":"https:\/\/api.w.org\/{rel}","templated":true}]}}