{"id":1113,"date":"2023-01-02T07:42:53","date_gmt":"2023-01-02T07:42:53","guid":{"rendered":"http:\/\/vphcheck.com\/?post_type=product&#038;p=1113"},"modified":"2025-04-26T01:21:13","modified_gmt":"2025-04-26T01:21:13","slug":"banh-tet-vinacake","status":"publish","type":"product","link":"https:\/\/vphcheck.com\/index.php\/san-pham\/banh-tet-vinacake\/","title":{"rendered":"B\u00e1nh t\u00e9t VinaCake"},"content":{"rendered":"<p><img decoding=\"async\" class=\"aligncenter\" src=\"https:\/\/i.upanh.org\/2023\/01\/02\/z4007264881028_3d366215cbcc25af2bd5c8b96b95fbc2.jpg\" alt=\"vinacake\" width=\"360\" height=\"auto\" \/><\/p>\n","protected":false},"excerpt":{"rendered":"<p>&nbsp;<\/p>\n<table class=\"w3-table-all\">\n<thead>\n<tr class=\"w3-blue\">\n<th colspan=\"2\">Th\u00f4ng tin s\u1ea3n ph\u1ea9m<\/th>\n<\/tr>\n<\/thead>\n<tbody>\n<tr>\n<td width=\"122\">T\u00ean s\u1ea3n ph\u1ea9m<\/td>\n<td width=\"228\">B\u00e1nh t\u00e9t Vinacake<\/td>\n<\/tr>\n<tr>\n<td>Th\u00e0nh ph\u1ea7n<\/td>\n<td>N\u1ebfp, th\u1ecbt heo, \u0111\u1eadu xanh, l\u00e1 chu\u1ed1i, gia v\u1ecb,&#8230;<\/td>\n<\/tr>\n<tr>\n<td>Ch\u1ee9ng nh\u1eadn HACCP<\/td>\n<td>009.GC.HACCP.0122<\/td>\n<\/tr>\n<tr>\n<td>M\u00e3 s\u1ed1 \u0111\u0103ng k\u00fd kinh doanh<\/td>\n<td>4001213054<\/td>\n<\/tr>\n<tr>\n<td>Ng\u00e0y s\u1ea3n xu\u1ea5t<\/td>\n<td>Xem tr\u00ean bao b\u00ec<\/td>\n<\/tr>\n<tr>\n<td>Th\u1eddi h\u1ea1n s\u1eed d\u1ee5ng<\/td>\n<td>\n<ul>\n<li>7 ng\u00e0y \u0111i\u1ec1u ki\u1ec7n th\u01b0\u1eddng<\/li>\n<li>21 ng\u00e0y \u0111i\u1ec1u ki\u1ec7n l\u1ea1nh 0-5 \u0111\u1ed9 C<\/li>\n<li>90 ng\u00e0y c\u1ea5p \u0111\u00f4ng<\/li>\n<\/ul>\n<\/td>\n<\/tr>\n<tr>\n<td>Tr\u1ecdng l\u01b0\u1ee3ng<\/td>\n<td>Xem tr\u00ean bao b\u00ec<\/td>\n<\/tr>\n<tr>\n<td>H\u01b0\u1edbng d\u1eabn s\u1eed d\u1ee5ng<\/td>\n<td>\u0102n ngay ho\u1eb7c chi\u00ean<\/td>\n<\/tr>\n<tr>\n<td>B\u1ea3o qu\u1ea3n<\/td>\n<td>B\u1ea3o qu\u1ea3n ng\u0103n l\u1ea1nh<\/td>\n<\/tr>\n<tr>\n<th class=\"w3-blue\" colspan=\"2\">Th\u00f4ng tin \u0111\u01a1n v\u1ecb \/ nh\u00e0 s\u1ea3n xu\u1ea5t<\/th>\n<\/tr>\n<tr>\n<td>T\u00ean \u0111\u01a1n v\u1ecb:<\/td>\n<td width=\"228\"><strong>C\u00d4NG TY TR\u00c1CH NHI\u1ec6M H\u1eeeU H\u1ea0N TR\u00cd T\u00cdN TH\u1ecaNH<\/strong><\/td>\n<\/tr>\n<tr>\n<td>Qu\u1ed1c gia:<\/td>\n<td>Vi\u1ec7t Nam<\/td>\n<\/tr>\n<tr>\n<td>T\u1ec9nh \/th\u00e0nh :<\/td>\n<td>Qu\u1ea3ng Nam<\/td>\n<\/tr>\n<tr>\n<td>\u0110\u1ecba ch\u1ec9 li\u00ean l\u1ea1c:<\/td>\n<td>Th\u00f4n Kh\u01b0\u01a1ng M\u1ef9, x\u00e3 Tam Xu\u00e2n 1, huy\u1ec7n N\u00fai Th\u00e0nh, Qu\u1ea3ng Nam<\/td>\n<\/tr>\n<tr>\n<td>\u0110i\u1ec7n tho\u1ea1i:<\/td>\n<td>0962141646-0834707275<\/td>\n<\/tr>\n<tr>\n<td>Email:<\/td>\n<td>vinacake@gmail.com<\/td>\n<\/tr>\n<tr>\n<td>Website:<\/td>\n<td>https:\/\/vinacake.com.vn<\/td>\n<\/tr>\n<tr>\n<td>Gi\u00e1m \u0111\u1ed1c<\/td>\n<td>Nguy\u1ec5n \u0110\u1ee9c T\u00edn<\/td>\n<\/tr>\n<tr>\n<th class=\"w3-blue\" colspan=\"2\">Th\u00f4ng tin nguy\u00ean li\u1ec7u<\/th>\n<\/tr>\n<tr>\n<td>T\u00ean nguy\u00ean li\u1ec7u<\/td>\n<td>N\u1ebfp, th\u1ecbt heo, \u0111\u1eadu xanh, l\u00e1 chu\u1ed1i, gia v\u1ecb,&#8230;.<\/td>\n<\/tr>\n<tr>\n<td>V\u00f9ng tr\u1ed3ng<\/td>\n<td>N\u00fai Th\u00e0nh- Qu\u1ea3ng Nam<\/td>\n<\/tr>\n<\/tbody>\n<\/table>\n<p><center><strong>TH\u01af VI\u1ec6N \u1ea2NH<\/strong><br \/>\n<img decoding=\"async\" src=\"https:\/\/i.upanh.org\/2023\/01\/02\/43ed4d5f8dcc457e1.jpg\" alt=\"43ed4d5f8dcc457e1.jpg\" width=\"350\" height=\"auto\" border=\"0\" \/><br \/>\n<img decoding=\"async\" src=\"https:\/\/i.upanh.org\/2023\/01\/02\/1f008d51926472ee8.jpg\" alt=\"1f008d51926472ee8.jpg\" width=\"350\" height=\"auto\" border=\"0\" \/><br \/>\n<img decoding=\"async\" src=\"https:\/\/i.upanh.org\/2023\/01\/02\/22ec2f5e27c3926b6.jpg\" alt=\"22ec2f5e27c3926b6.jpg\" width=\"350\" height=\"auto\" border=\"0\" \/><br \/>\n<img decoding=\"async\" src=\"https:\/\/i.upanh.org\/2023\/01\/02\/3c94e7c8943da2296.jpg\" alt=\"3c94e7c8943da2296.jpg\" width=\"350\" height=\"auto\" border=\"0\" \/><\/center><br \/>\n<strong>B\u1ea3n \u0111\u1ed3 v\u00f9ng s\u1ea3n xu\u1ea5t v\u00e0 nguy\u00ean li\u1ec7u<\/strong><br \/>\nC\u00e1c th\u00f4ng tin tr\u00ean \u0111\u01b0\u1ee3c cung c\u1ea5p b\u1edfi <strong>C\u00d4NG TY TR\u00c1CH NHI\u1ec6M H\u1eeeU H\u1ea0N TR\u00cd T\u00cdN TH\u1ecaNH<\/strong><\/p>\n","protected":false},"featured_media":603,"comment_status":"open","ping_status":"closed","template":"","meta":[],"_links":{"self":[{"href":"https:\/\/vphcheck.com\/index.php\/wp-json\/wp\/v2\/product\/1113"}],"collection":[{"href":"https:\/\/vphcheck.com\/index.php\/wp-json\/wp\/v2\/product"}],"about":[{"href":"https:\/\/vphcheck.com\/index.php\/wp-json\/wp\/v2\/types\/product"}],"replies":[{"embeddable":true,"href":"https:\/\/vphcheck.com\/index.php\/wp-json\/wp\/v2\/comments?post=1113"}],"wp:featuredmedia":[{"embeddable":true,"href":"https:\/\/vphcheck.com\/index.php\/wp-json\/wp\/v2\/media\/603"}],"wp:attachment":[{"href":"https:\/\/vphcheck.com\/index.php\/wp-json\/wp\/v2\/media?parent=1113"}],"curies":[{"name":"wp","href":"https:\/\/api.w.org\/{rel}","templated":true}]}}