{"id":1098,"date":"2022-10-23T03:50:11","date_gmt":"2022-10-23T03:50:11","guid":{"rendered":"http:\/\/vphcheck.com\/?post_type=product&#038;p=1098"},"modified":"2025-04-26T01:21:23","modified_gmt":"2025-04-26T01:21:23","slug":"chuoi-moc-say-deo-dong-giang","status":"publish","type":"product","link":"https:\/\/vphcheck.com\/index.php\/san-pham\/chuoi-moc-say-deo-dong-giang\/","title":{"rendered":"CHU\u1ed0I M\u1ed0C S\u1ea4Y D\u1ebaO \u0110\u00d4NG GIANG"},"content":{"rendered":"<p><img decoding=\"async\" src=\"https:\/\/img.upanh.tv\/2022\/10\/23\/z3739323093141_c49871cb9a71851583d8f76e9d3458f7.jpg\" alt=\"z3739323093141_c49871cb9a71851583d8f76e9d3458f7.jpg\" border=\"0\" width=\"350\" height=\"auto\"><\/p>\n<ul>\n<li>L\u0129nh v\u1ef1c kinh doanh: C\u00e1c lo\u1ea1i r\u01b0\u1ee3u \u0111\u1eb7c s\u1ea3n c\u1ee7a \u0110\u00f4ng &#8211; T\u00e2y Giang nh\u01b0: R\u01b0\u1ee3u Ba K\u00edch, \u0111\u1eb3ng s\u00e2m (S\u00e2m Khu 7), Kakun (Th\u1ed5 ph\u1ee5c linh), R\u01b0\u1ee3u n\u1ea5m Lim xanh, r\u01b0\u1ee3u \u0111inh l\u0103ng, r\u01b0\u1ee3u sim, r\u01b0\u1ee3u g\u1ea1o r\u1eaby,&#8230;<\/li>\n<li>Gi\u00e1m \u0111\u1ed1c: Nguy\u1ec5n Th\u1ecb Ho\u00e0ng Oanh<\/li>\n<li>Hotline: 0974.992187<\/li>\n<\/ul>\n","protected":false},"excerpt":{"rendered":"<p>Th\u00e0nh ph\u1ea7n: Chu\u1ed1i m\u1ed1c t\u1ef1 nhi\u00ean nguy\u00ean ch\u1ea5t (100%)<br \/>\nH\u01b0\u1edbng d\u1eabn s\u1eed d\u1ee5ng: S\u1ea3n ph\u1ea9m s\u1eed d\u1ee5ng tr\u1ef1c ti\u1ebfp ho\u1eb7c h\u1ea5p l\u1ea1i \u0111\u1ec3 s\u1eed d\u1ee5ng, kh\u00f4ng c\u1ea7n ch\u1ebf bi\u1ebfn th\u00eam<br \/>\nH\u01b0\u1edbng d\u1eabn b\u1ea3o qu\u1ea3n: B\u1ea3o qu\u1ea3n n\u01a1i kh\u00f4 r\u00e1o, tho\u00e1ng m\u00e1t, t\u1ed1t nh\u1ea5t l\u00e0 trong ng\u0103n m\u00e1t t\u1ee7 l\u1ea1nh.<br \/>\nTh\u00f4ng tin c\u1ea3nh b\u00e1o: Kh\u00f4ng s\u1eed d\u1ee5ng s\u1ea3n ph\u1ea9m \u0111\u00e3 qu\u00e1 h\u1ea1n<br \/>\nNg\u00e0y s\u1ea3n xu\u1ea5t:<br \/>\nH\u1ea1n s\u1eed d\u1ee5ng: 06 th\u00e1ng k\u1ec3 t\u1eeb NSX<br \/>\nS\u1ea3n xu\u1ea5t t\u1ea1i H\u1ed9 kinh doanh Ho\u00e0ng Oanh<br \/>\n\u0110\u1ecba ch\u1ec9: Th\u00f4n Ng\u00e3 Ba, th\u1ecb tr\u1ea5n Prao, huy\u1ec7n \u0110\u00f4ng Giang, t\u1ec9nh Qu\u1ea3ng Nam<br \/>\nXu\u1ea5t x\u1ee9: Vi\u1ec7t Nam<\/p>\n","protected":false},"featured_media":239,"comment_status":"open","ping_status":"closed","template":"","meta":[],"_links":{"self":[{"href":"https:\/\/vphcheck.com\/index.php\/wp-json\/wp\/v2\/product\/1098"}],"collection":[{"href":"https:\/\/vphcheck.com\/index.php\/wp-json\/wp\/v2\/product"}],"about":[{"href":"https:\/\/vphcheck.com\/index.php\/wp-json\/wp\/v2\/types\/product"}],"replies":[{"embeddable":true,"href":"https:\/\/vphcheck.com\/index.php\/wp-json\/wp\/v2\/comments?post=1098"}],"wp:featuredmedia":[{"embeddable":true,"href":"https:\/\/vphcheck.com\/index.php\/wp-json\/wp\/v2\/media\/239"}],"wp:attachment":[{"href":"https:\/\/vphcheck.com\/index.php\/wp-json\/wp\/v2\/media?parent=1098"}],"curies":[{"name":"wp","href":"https:\/\/api.w.org\/{rel}","templated":true}]}}